{"id":2572,"date":"2025-09-30T12:14:47","date_gmt":"2025-09-30T17:14:47","guid":{"rendered":"https:\/\/vlookdevsite2.com\/?post_type=product&#038;p=2572"},"modified":"2025-11-05T11:28:16","modified_gmt":"2025-11-05T15:28:16","slug":"formation-de-groupe-une-journee","status":"publish","type":"product","link":"https:\/\/halawasugaring.com\/fr\/produit\/formation-de-groupe-une-journee\/","title":{"rendered":"Formation de groupe \u2013 une journ\u00e9e"},"content":{"rendered":"","protected":false},"excerpt":{"rendered":"<h3><strong style=\"color: #000;\">*Prix par personne<\/strong><\/h3>\n<p>Rejoignez nos s\u00e9ances de formation de groupe sur les techniques d&rsquo;\u00e9pilation \u00e0 la p\u00e2te de sucre avec des instructeurs exp\u00e9riment\u00e9s pour un apprentissage pratique, une collaboration et un d\u00e9veloppement des comp\u00e9tences dans un environnement favorable.<\/p>\n","protected":false},"featured_media":2577,"comment_status":"open","ping_status":"closed","template":"","meta":{"site-sidebar-layout":"default","site-content-layout":"","ast-site-content-layout":"default","site-content-style":"default","site-sidebar-style":"default","ast-global-header-display":"","ast-banner-title-visibility":"","ast-main-header-display":"","ast-hfb-above-header-display":"","ast-hfb-below-header-display":"","ast-hfb-mobile-header-display":"","site-post-title":"","ast-breadcrumbs-content":"","ast-featured-img":"","footer-sml-layout":"","theme-transparent-header-meta":"default","adv-header-id-meta":"","stick-header-meta":"","header-above-stick-meta":"","header-main-stick-meta":"","header-below-stick-meta":"","astra-migrate-meta-layouts":"set","ast-page-background-enabled":"default","ast-page-background-meta":{"desktop":{"background-color":"var(--ast-global-color-4)","background-image":"","background-repeat":"repeat","background-position":"center center","background-size":"auto","background-attachment":"scroll","background-type":"","background-media":"","overlay-type":"","overlay-color":"","overlay-opacity":"","overlay-gradient":""},"tablet":{"background-color":"","background-image":"","background-repeat":"repeat","background-position":"center center","background-size":"auto","background-attachment":"scroll","background-type":"","background-media":"","overlay-type":"","overlay-color":"","overlay-opacity":"","overlay-gradient":""},"mobile":{"background-color":"","background-image":"","background-repeat":"repeat","background-position":"center center","background-size":"auto","background-attachment":"scroll","background-type":"","background-media":"","overlay-type":"","overlay-color":"","overlay-opacity":"","overlay-gradient":""}},"ast-content-background-meta":{"desktop":{"background-color":"var(--ast-global-color-5)","background-image":"","background-repeat":"repeat","background-position":"center center","background-size":"auto","background-attachment":"scroll","background-type":"","background-media":"","overlay-type":"","overlay-color":"","overlay-opacity":"","overlay-gradient":""},"tablet":{"background-color":"var(--ast-global-color-5)","background-image":"","background-repeat":"repeat","background-position":"center center","background-size":"auto","background-attachment":"scroll","background-type":"","background-media":"","overlay-type":"","overlay-color":"","overlay-opacity":"","overlay-gradient":""},"mobile":{"background-color":"var(--ast-global-color-5)","background-image":"","background-repeat":"repeat","background-position":"center center","background-size":"auto","background-attachment":"scroll","background-type":"","background-media":"","overlay-type":"","overlay-color":"","overlay-opacity":"","overlay-gradient":""}}},"product_brand":[],"product_cat":[32,29],"product_tag":[],"class_list":{"0":"post-2572","1":"product","2":"type-product","3":"status-publish","4":"has-post-thumbnail","6":"product_cat-formation-a-la-methode-ancestrale","7":"product_cat-methode-ancestrale","8":"desktop-align-left","9":"tablet-align-left","10":"mobile-align-left","11":"ast-product-gallery-layout-vertical-slider","12":"ast-product-gallery-with-no-image","13":"ast-qv-on-image","15":"first","16":"instock","17":"taxable","18":"shipping-taxable","19":"purchasable","20":"product-type-simple"},"yoast_head":"<!-- This site is optimized with the Yoast SEO plugin v27.5 - https:\/\/yoast.com\/product\/yoast-seo-wordpress\/ -->\n<title>Formation de groupe \u2013 une journ\u00e9e - Les Sucres Halawa<\/title>\n<meta name=\"robots\" content=\"index, follow, max-snippet:-1, max-image-preview:large, max-video-preview:-1\" \/>\n<link rel=\"canonical\" href=\"https:\/\/halawasugaring.com\/fr\/produit\/formation-de-groupe-une-journee\/\" \/>\n<meta property=\"og:locale\" content=\"fr_FR\" \/>\n<meta property=\"og:type\" content=\"article\" \/>\n<meta property=\"og:title\" content=\"Formation de groupe \u2013 une journ\u00e9e - Les Sucres Halawa\" \/>\n<meta property=\"og:description\" content=\"*Prix par personne Rejoignez nos s\u00e9ances de formation de groupe sur les techniques d&#039;\u00e9pilation \u00e0 la p\u00e2te de sucre avec des instructeurs exp\u00e9riment\u00e9s pour un apprentissage pratique, une collaboration et un d\u00e9veloppement des comp\u00e9tences dans un environnement favorable.\" \/>\n<meta property=\"og:url\" content=\"https:\/\/halawasugaring.com\/fr\/produit\/formation-de-groupe-une-journee\/\" \/>\n<meta property=\"og:site_name\" content=\"Les Sucres Halawa\" \/>\n<meta property=\"article:modified_time\" content=\"2025-11-05T15:28:16+00:00\" \/>\n<meta property=\"og:image\" content=\"https:\/\/halawasugaring.com\/wp-content\/uploads\/2025\/09\/26478370_9549.webp\" \/>\n\t<meta property=\"og:image:width\" content=\"1920\" \/>\n\t<meta property=\"og:image:height\" content=\"1920\" \/>\n\t<meta property=\"og:image:type\" content=\"image\/webp\" \/>\n<meta name=\"twitter:card\" content=\"summary_large_image\" \/>\n<meta name=\"twitter:label1\" content=\"Dur\u00e9e de lecture estim\u00e9e\" \/>\n\t<meta name=\"twitter:data1\" content=\"1 minute\" \/>\n<script type=\"application\/ld+json\" class=\"yoast-schema-graph\">{\"@context\":\"https:\\\/\\\/schema.org\",\"@graph\":[{\"@type\":\"WebPage\",\"@id\":\"https:\\\/\\\/halawasugaring.com\\\/fr\\\/produit\\\/formation-de-groupe-une-journee\\\/\",\"url\":\"https:\\\/\\\/halawasugaring.com\\\/fr\\\/produit\\\/formation-de-groupe-une-journee\\\/\",\"name\":\"Formation de groupe \u2013 une journ\u00e9e - Les Sucres Halawa\",\"isPartOf\":{\"@id\":\"https:\\\/\\\/halawasugaring.com\\\/fr\\\/#website\"},\"primaryImageOfPage\":{\"@id\":\"https:\\\/\\\/halawasugaring.com\\\/fr\\\/produit\\\/formation-de-groupe-une-journee\\\/#primaryimage\"},\"image\":{\"@id\":\"https:\\\/\\\/halawasugaring.com\\\/fr\\\/produit\\\/formation-de-groupe-une-journee\\\/#primaryimage\"},\"thumbnailUrl\":\"https:\\\/\\\/halawasugaring.com\\\/wp-content\\\/uploads\\\/2025\\\/09\\\/26478370_9549.webp\",\"datePublished\":\"2025-09-30T17:14:47+00:00\",\"dateModified\":\"2025-11-05T15:28:16+00:00\",\"breadcrumb\":{\"@id\":\"https:\\\/\\\/halawasugaring.com\\\/fr\\\/produit\\\/formation-de-groupe-une-journee\\\/#breadcrumb\"},\"inLanguage\":\"fr-FR\",\"potentialAction\":[{\"@type\":\"ReadAction\",\"target\":[\"https:\\\/\\\/halawasugaring.com\\\/fr\\\/produit\\\/formation-de-groupe-une-journee\\\/\"]}]},{\"@type\":\"ImageObject\",\"inLanguage\":\"fr-FR\",\"@id\":\"https:\\\/\\\/halawasugaring.com\\\/fr\\\/produit\\\/formation-de-groupe-une-journee\\\/#primaryimage\",\"url\":\"https:\\\/\\\/halawasugaring.com\\\/wp-content\\\/uploads\\\/2025\\\/09\\\/26478370_9549.webp\",\"contentUrl\":\"https:\\\/\\\/halawasugaring.com\\\/wp-content\\\/uploads\\\/2025\\\/09\\\/26478370_9549.webp\",\"width\":1920,\"height\":1920},{\"@type\":\"BreadcrumbList\",\"@id\":\"https:\\\/\\\/halawasugaring.com\\\/fr\\\/produit\\\/formation-de-groupe-une-journee\\\/#breadcrumb\",\"itemListElement\":[{\"@type\":\"ListItem\",\"position\":1,\"name\":\"Accueil\",\"item\":\"https:\\\/\\\/halawasugaring.com\\\/fr\\\/\"},{\"@type\":\"ListItem\",\"position\":2,\"name\":\"Boutique\",\"item\":\"https:\\\/\\\/halawasugaring.com\\\/fr\\\/boutique\\\/\"},{\"@type\":\"ListItem\",\"position\":3,\"name\":\"Formation de groupe \u2013 une journ\u00e9e\"}]},{\"@type\":\"WebSite\",\"@id\":\"https:\\\/\\\/halawasugaring.com\\\/fr\\\/#website\",\"url\":\"https:\\\/\\\/halawasugaring.com\\\/fr\\\/\",\"name\":\"Les Sucres Halawa\",\"description\":\"\",\"publisher\":{\"@id\":\"https:\\\/\\\/halawasugaring.com\\\/fr\\\/#organization\"},\"potentialAction\":[{\"@type\":\"SearchAction\",\"target\":{\"@type\":\"EntryPoint\",\"urlTemplate\":\"https:\\\/\\\/halawasugaring.com\\\/fr\\\/?s={search_term_string}\"},\"query-input\":{\"@type\":\"PropertyValueSpecification\",\"valueRequired\":true,\"valueName\":\"search_term_string\"}}],\"inLanguage\":\"fr-FR\"},{\"@type\":\"Organization\",\"@id\":\"https:\\\/\\\/halawasugaring.com\\\/fr\\\/#organization\",\"name\":\"Les Sucres Halawa\",\"url\":\"https:\\\/\\\/halawasugaring.com\\\/fr\\\/\",\"logo\":{\"@type\":\"ImageObject\",\"inLanguage\":\"fr-FR\",\"@id\":\"https:\\\/\\\/halawasugaring.com\\\/fr\\\/#\\\/schema\\\/logo\\\/image\\\/\",\"url\":\"https:\\\/\\\/halawasugaring.com\\\/wp-content\\\/uploads\\\/2025\\\/09\\\/Les_Sucres_Halawa_Logo.webp\",\"contentUrl\":\"https:\\\/\\\/halawasugaring.com\\\/wp-content\\\/uploads\\\/2025\\\/09\\\/Les_Sucres_Halawa_Logo.webp\",\"width\":2414,\"height\":597,\"caption\":\"Les Sucres Halawa\"},\"image\":{\"@id\":\"https:\\\/\\\/halawasugaring.com\\\/fr\\\/#\\\/schema\\\/logo\\\/image\\\/\"}}]}<\/script>\n<!-- \/ Yoast SEO plugin. -->","yoast_head_json":{"title":"Formation de groupe \u2013 une journ\u00e9e - Les Sucres Halawa","robots":{"index":"index","follow":"follow","max-snippet":"max-snippet:-1","max-image-preview":"max-image-preview:large","max-video-preview":"max-video-preview:-1"},"canonical":"https:\/\/halawasugaring.com\/fr\/produit\/formation-de-groupe-une-journee\/","og_locale":"fr_FR","og_type":"article","og_title":"Formation de groupe \u2013 une journ\u00e9e - Les Sucres Halawa","og_description":"*Prix par personne Rejoignez nos s\u00e9ances de formation de groupe sur les techniques d'\u00e9pilation \u00e0 la p\u00e2te de sucre avec des instructeurs exp\u00e9riment\u00e9s pour un apprentissage pratique, une collaboration et un d\u00e9veloppement des comp\u00e9tences dans un environnement favorable.","og_url":"https:\/\/halawasugaring.com\/fr\/produit\/formation-de-groupe-une-journee\/","og_site_name":"Les Sucres Halawa","article_modified_time":"2025-11-05T15:28:16+00:00","og_image":[{"width":1920,"height":1920,"url":"https:\/\/halawasugaring.com\/wp-content\/uploads\/2025\/09\/26478370_9549.webp","type":"image\/webp"}],"twitter_card":"summary_large_image","twitter_misc":{"Dur\u00e9e de lecture estim\u00e9e":"1 minute"},"schema":{"@context":"https:\/\/schema.org","@graph":[{"@type":"WebPage","@id":"https:\/\/halawasugaring.com\/fr\/produit\/formation-de-groupe-une-journee\/","url":"https:\/\/halawasugaring.com\/fr\/produit\/formation-de-groupe-une-journee\/","name":"Formation de groupe \u2013 une journ\u00e9e - Les Sucres Halawa","isPartOf":{"@id":"https:\/\/halawasugaring.com\/fr\/#website"},"primaryImageOfPage":{"@id":"https:\/\/halawasugaring.com\/fr\/produit\/formation-de-groupe-une-journee\/#primaryimage"},"image":{"@id":"https:\/\/halawasugaring.com\/fr\/produit\/formation-de-groupe-une-journee\/#primaryimage"},"thumbnailUrl":"https:\/\/halawasugaring.com\/wp-content\/uploads\/2025\/09\/26478370_9549.webp","datePublished":"2025-09-30T17:14:47+00:00","dateModified":"2025-11-05T15:28:16+00:00","breadcrumb":{"@id":"https:\/\/halawasugaring.com\/fr\/produit\/formation-de-groupe-une-journee\/#breadcrumb"},"inLanguage":"fr-FR","potentialAction":[{"@type":"ReadAction","target":["https:\/\/halawasugaring.com\/fr\/produit\/formation-de-groupe-une-journee\/"]}]},{"@type":"ImageObject","inLanguage":"fr-FR","@id":"https:\/\/halawasugaring.com\/fr\/produit\/formation-de-groupe-une-journee\/#primaryimage","url":"https:\/\/halawasugaring.com\/wp-content\/uploads\/2025\/09\/26478370_9549.webp","contentUrl":"https:\/\/halawasugaring.com\/wp-content\/uploads\/2025\/09\/26478370_9549.webp","width":1920,"height":1920},{"@type":"BreadcrumbList","@id":"https:\/\/halawasugaring.com\/fr\/produit\/formation-de-groupe-une-journee\/#breadcrumb","itemListElement":[{"@type":"ListItem","position":1,"name":"Accueil","item":"https:\/\/halawasugaring.com\/fr\/"},{"@type":"ListItem","position":2,"name":"Boutique","item":"https:\/\/halawasugaring.com\/fr\/boutique\/"},{"@type":"ListItem","position":3,"name":"Formation de groupe \u2013 une journ\u00e9e"}]},{"@type":"WebSite","@id":"https:\/\/halawasugaring.com\/fr\/#website","url":"https:\/\/halawasugaring.com\/fr\/","name":"Les Sucres Halawa","description":"","publisher":{"@id":"https:\/\/halawasugaring.com\/fr\/#organization"},"potentialAction":[{"@type":"SearchAction","target":{"@type":"EntryPoint","urlTemplate":"https:\/\/halawasugaring.com\/fr\/?s={search_term_string}"},"query-input":{"@type":"PropertyValueSpecification","valueRequired":true,"valueName":"search_term_string"}}],"inLanguage":"fr-FR"},{"@type":"Organization","@id":"https:\/\/halawasugaring.com\/fr\/#organization","name":"Les Sucres Halawa","url":"https:\/\/halawasugaring.com\/fr\/","logo":{"@type":"ImageObject","inLanguage":"fr-FR","@id":"https:\/\/halawasugaring.com\/fr\/#\/schema\/logo\/image\/","url":"https:\/\/halawasugaring.com\/wp-content\/uploads\/2025\/09\/Les_Sucres_Halawa_Logo.webp","contentUrl":"https:\/\/halawasugaring.com\/wp-content\/uploads\/2025\/09\/Les_Sucres_Halawa_Logo.webp","width":2414,"height":597,"caption":"Les Sucres Halawa"},"image":{"@id":"https:\/\/halawasugaring.com\/fr\/#\/schema\/logo\/image\/"}}]}},"_links":{"self":[{"href":"https:\/\/halawasugaring.com\/fr\/wp-json\/wp\/v2\/product\/2572","targetHints":{"allow":["GET"]}}],"collection":[{"href":"https:\/\/halawasugaring.com\/fr\/wp-json\/wp\/v2\/product"}],"about":[{"href":"https:\/\/halawasugaring.com\/fr\/wp-json\/wp\/v2\/types\/product"}],"replies":[{"embeddable":true,"href":"https:\/\/halawasugaring.com\/fr\/wp-json\/wp\/v2\/comments?post=2572"}],"wp:featuredmedia":[{"embeddable":true,"href":"https:\/\/halawasugaring.com\/fr\/wp-json\/wp\/v2\/media\/2577"}],"wp:attachment":[{"href":"https:\/\/halawasugaring.com\/fr\/wp-json\/wp\/v2\/media?parent=2572"}],"wp:term":[{"taxonomy":"product_brand","embeddable":true,"href":"https:\/\/halawasugaring.com\/fr\/wp-json\/wp\/v2\/product_brand?post=2572"},{"taxonomy":"product_cat","embeddable":true,"href":"https:\/\/halawasugaring.com\/fr\/wp-json\/wp\/v2\/product_cat?post=2572"},{"taxonomy":"product_tag","embeddable":true,"href":"https:\/\/halawasugaring.com\/fr\/wp-json\/wp\/v2\/product_tag?post=2572"}],"curies":[{"name":"wp","href":"https:\/\/api.w.org\/{rel}","templated":true}]}}