{"id":2563,"date":"2025-09-30T08:13:51","date_gmt":"2025-09-30T13:13:51","guid":{"rendered":"https:\/\/vlookdevsite2.com\/?post_type=product&#038;p=2563"},"modified":"2025-11-11T14:22:24","modified_gmt":"2025-11-11T18:22:24","slug":"lotion-pre-epilatoire-500-ml","status":"publish","type":"product","link":"https:\/\/halawasugaring.com\/fr\/produit\/lotion-pre-epilatoire-500-ml\/","title":{"rendered":"Lotion pr\u00e9-\u00e9pilatoire 500 ml"},"content":{"rendered":"","protected":false},"excerpt":{"rendered":"<div class=\"ewa-rteLine\">Notre Lotion Pr\u00e9-\u00e9pilatoire est formul\u00e9e pour pr\u00e9parer votre peau et vos follicules pileux pour une exp\u00e9rience d&rsquo;\u00e9pilation sans faille. Infus\u00e9e avec des ingr\u00e9dients de haute qualit\u00e9, cette lotion nettoie les cheveux et la peau tout en \u00e9vitant de dess\u00e9cher la peau, en faisant ainsi un produit parfait pour une \u00e9tape pr\u00e9paratoire des services d&rsquo;\u00e9pilation pour tous les types de peau, y compris les peaux sensibles.<\/div>\n<p>&nbsp;<\/p>\n<h3 class=\"ewa-rteLine\"><strong>Avantages Cl\u00e9s:<\/strong><\/h3>\n<div class=\"ewa-rteLine\">Pr\u00e9pare les Follicules : Ouvre les follicules pileux pour une \u00e9pilation plus efficace avec une r\u00e9sistance minimale.<\/div>\n<div class=\"ewa-rteLine\">R\u00e9duit l&rsquo;Inconfort : Agit comme un baume apaisant, r\u00e9duisant l&rsquo;irritation, les rougeurs et le risque de poils incarn\u00e9s, tout en maintenant la peau hydrat\u00e9e pendant l&rsquo;\u00e9pilation.<\/div>\n<p>&nbsp;<\/p>\n<h3 class=\"ewa-rteLine\"><strong>Ingr\u00e9dients:<\/strong><\/h3>\n<div class=\"ewa-rteLine\">Aqua, Hamamelis Virginiana (Eau d&rsquo;Hamam\u00e9lis), Polysorbate 80, Gomme Xanthane, Sorbate de Potassium, Benzoate de Sodium.<\/div>\n<div class=\"ewa-rteLine\">Parfum : Thuya Occidentalis, Propyl\u00e8ne Glycol, Diazolidinyl Urea, Iodopropynyl Butylcarbamate.<\/div>\n<p>&nbsp;<\/p>\n<h3 class=\"ewa-rteLine\"><strong>Mode d&rsquo;Emploi:<\/strong><\/h3>\n<div class=\"ewa-rteLine\">Appliquez notre lotion pr\u00e9-d\u00e9pilatoire sur la zone \u00e0 nettoyer.<\/div>\n<div class=\"ewa-rteLine\">Assurez-vous que le liquide est absorb\u00e9. Tapotez l&rsquo;exc\u00e8s pour que la peau soit s\u00e8che.<\/div>\n<div class=\"ewa-rteLine\">Proc\u00e9dez avec votre m\u00e9thode d&rsquo;\u00e9pilation habituelle. Suivez avec notre gel post-d\u00e9pilatoire.<\/div>\n","protected":false},"featured_media":2564,"comment_status":"open","ping_status":"closed","template":"","meta":{"site-sidebar-layout":"default","site-content-layout":"","ast-site-content-layout":"default","site-content-style":"default","site-sidebar-style":"default","ast-global-header-display":"","ast-banner-title-visibility":"","ast-main-header-display":"","ast-hfb-above-header-display":"","ast-hfb-below-header-display":"","ast-hfb-mobile-header-display":"","site-post-title":"","ast-breadcrumbs-content":"","ast-featured-img":"","footer-sml-layout":"","theme-transparent-header-meta":"default","adv-header-id-meta":"","stick-header-meta":"","header-above-stick-meta":"","header-main-stick-meta":"","header-below-stick-meta":"","astra-migrate-meta-layouts":"set","ast-page-background-enabled":"default","ast-page-background-meta":{"desktop":{"background-color":"var(--ast-global-color-4)","background-image":"","background-repeat":"repeat","background-position":"center center","background-size":"auto","background-attachment":"scroll","background-type":"","background-media":"","overlay-type":"","overlay-color":"","overlay-opacity":"","overlay-gradient":""},"tablet":{"background-color":"","background-image":"","background-repeat":"repeat","background-position":"center center","background-size":"auto","background-attachment":"scroll","background-type":"","background-media":"","overlay-type":"","overlay-color":"","overlay-opacity":"","overlay-gradient":""},"mobile":{"background-color":"","background-image":"","background-repeat":"repeat","background-position":"center center","background-size":"auto","background-attachment":"scroll","background-type":"","background-media":"","overlay-type":"","overlay-color":"","overlay-opacity":"","overlay-gradient":""}},"ast-content-background-meta":{"desktop":{"background-color":"var(--ast-global-color-5)","background-image":"","background-repeat":"repeat","background-position":"center center","background-size":"auto","background-attachment":"scroll","background-type":"","background-media":"","overlay-type":"","overlay-color":"","overlay-opacity":"","overlay-gradient":""},"tablet":{"background-color":"var(--ast-global-color-5)","background-image":"","background-repeat":"repeat","background-position":"center center","background-size":"auto","background-attachment":"scroll","background-type":"","background-media":"","overlay-type":"","overlay-color":"","overlay-opacity":"","overlay-gradient":""},"mobile":{"background-color":"var(--ast-global-color-5)","background-image":"","background-repeat":"repeat","background-position":"center center","background-size":"auto","background-attachment":"scroll","background-type":"","background-media":"","overlay-type":"","overlay-color":"","overlay-opacity":"","overlay-gradient":""}}},"product_brand":[],"product_cat":[29],"product_tag":[],"class_list":{"0":"post-2563","1":"product","2":"type-product","3":"status-publish","4":"has-post-thumbnail","6":"product_cat-methode-ancestrale","7":"desktop-align-left","8":"tablet-align-left","9":"mobile-align-left","10":"ast-product-gallery-layout-vertical-slider","11":"ast-product-gallery-with-no-image","12":"ast-qv-on-image","14":"first","15":"instock","16":"taxable","17":"shipping-taxable","18":"purchasable","19":"product-type-simple"},"yoast_head":"<!-- This site is optimized with the Yoast SEO plugin v27.4 - https:\/\/yoast.com\/product\/yoast-seo-wordpress\/ -->\n<title>Lotion pr\u00e9-\u00e9pilatoire 500 ml - Les Sucres Halawa<\/title>\n<meta name=\"robots\" content=\"index, follow, max-snippet:-1, max-image-preview:large, max-video-preview:-1\" \/>\n<link rel=\"canonical\" href=\"https:\/\/halawasugaring.com\/fr\/produit\/lotion-pre-epilatoire-500-ml\/\" \/>\n<meta property=\"og:locale\" content=\"fr_FR\" \/>\n<meta property=\"og:type\" content=\"article\" \/>\n<meta property=\"og:title\" content=\"Lotion pr\u00e9-\u00e9pilatoire 500 ml - Les Sucres Halawa\" \/>\n<meta property=\"og:description\" content=\"Notre Lotion Pr\u00e9-\u00e9pilatoire est formul\u00e9e pour pr\u00e9parer votre peau et vos follicules pileux pour une exp\u00e9rience d&#039;\u00e9pilation sans faille. Infus\u00e9e avec des ingr\u00e9dients de haute qualit\u00e9, cette lotion nettoie les cheveux et la peau tout en \u00e9vitant de dess\u00e9cher la peau, en faisant ainsi un produit parfait pour une \u00e9tape pr\u00e9paratoire des services d&#039;\u00e9pilation pour tous les types de peau, y compris les peaux sensibles. &nbsp; Avantages Cl\u00e9s: Pr\u00e9pare les Follicules : Ouvre les follicules pileux pour une \u00e9pilation plus efficace avec une r\u00e9sistance minimale. R\u00e9duit l&#039;Inconfort : Agit comme un baume apaisant, r\u00e9duisant l&#039;irritation, les rougeurs et le risque de poils incarn\u00e9s, tout en maintenant la peau hydrat\u00e9e pendant l&#039;\u00e9pilation. &nbsp; Ingr\u00e9dients: Aqua, Hamamelis Virginiana (Eau d&#039;Hamam\u00e9lis), Polysorbate 80, Gomme Xanthane, Sorbate de Potassium, Benzoate de Sodium. Parfum : Thuya Occidentalis, Propyl\u00e8ne Glycol, Diazolidinyl Urea, Iodopropynyl Butylcarbamate. &nbsp; Mode d&#039;Emploi: Appliquez notre lotion pr\u00e9-d\u00e9pilatoire sur la zone \u00e0 nettoyer. Assurez-vous que le liquide est absorb\u00e9. Tapotez l&#039;exc\u00e8s pour que la peau soit s\u00e8che. Proc\u00e9dez avec votre m\u00e9thode d&#039;\u00e9pilation habituelle. Suivez avec notre gel post-d\u00e9pilatoire.\" \/>\n<meta property=\"og:url\" content=\"https:\/\/halawasugaring.com\/fr\/produit\/lotion-pre-epilatoire-500-ml\/\" \/>\n<meta property=\"og:site_name\" content=\"Les Sucres Halawa\" \/>\n<meta property=\"article:modified_time\" content=\"2025-11-11T18:22:24+00:00\" \/>\n<meta property=\"og:image\" content=\"https:\/\/halawasugaring.com\/wp-content\/uploads\/2025\/09\/PreDepilatorybottle_bb377351-2a25-40f8-864f-95b219cfcbda.webp\" \/>\n\t<meta property=\"og:image:width\" content=\"1920\" \/>\n\t<meta property=\"og:image:height\" content=\"1920\" \/>\n\t<meta property=\"og:image:type\" content=\"image\/webp\" \/>\n<meta name=\"twitter:card\" content=\"summary_large_image\" \/>\n<meta name=\"twitter:label1\" content=\"Dur\u00e9e de lecture estim\u00e9e\" \/>\n\t<meta name=\"twitter:data1\" content=\"1 minute\" \/>\n<script type=\"application\/ld+json\" class=\"yoast-schema-graph\">{\"@context\":\"https:\\\/\\\/schema.org\",\"@graph\":[{\"@type\":\"WebPage\",\"@id\":\"https:\\\/\\\/halawasugaring.com\\\/fr\\\/produit\\\/lotion-pre-epilatoire-500-ml\\\/\",\"url\":\"https:\\\/\\\/halawasugaring.com\\\/fr\\\/produit\\\/lotion-pre-epilatoire-500-ml\\\/\",\"name\":\"Lotion pr\u00e9-\u00e9pilatoire 500 ml - Les Sucres Halawa\",\"isPartOf\":{\"@id\":\"https:\\\/\\\/halawasugaring.com\\\/fr\\\/#website\"},\"primaryImageOfPage\":{\"@id\":\"https:\\\/\\\/halawasugaring.com\\\/fr\\\/produit\\\/lotion-pre-epilatoire-500-ml\\\/#primaryimage\"},\"image\":{\"@id\":\"https:\\\/\\\/halawasugaring.com\\\/fr\\\/produit\\\/lotion-pre-epilatoire-500-ml\\\/#primaryimage\"},\"thumbnailUrl\":\"https:\\\/\\\/halawasugaring.com\\\/wp-content\\\/uploads\\\/2025\\\/09\\\/PreDepilatorybottle_bb377351-2a25-40f8-864f-95b219cfcbda.webp\",\"datePublished\":\"2025-09-30T13:13:51+00:00\",\"dateModified\":\"2025-11-11T18:22:24+00:00\",\"breadcrumb\":{\"@id\":\"https:\\\/\\\/halawasugaring.com\\\/fr\\\/produit\\\/lotion-pre-epilatoire-500-ml\\\/#breadcrumb\"},\"inLanguage\":\"fr-FR\",\"potentialAction\":[{\"@type\":\"ReadAction\",\"target\":[\"https:\\\/\\\/halawasugaring.com\\\/fr\\\/produit\\\/lotion-pre-epilatoire-500-ml\\\/\"]}]},{\"@type\":\"ImageObject\",\"inLanguage\":\"fr-FR\",\"@id\":\"https:\\\/\\\/halawasugaring.com\\\/fr\\\/produit\\\/lotion-pre-epilatoire-500-ml\\\/#primaryimage\",\"url\":\"https:\\\/\\\/halawasugaring.com\\\/wp-content\\\/uploads\\\/2025\\\/09\\\/PreDepilatorybottle_bb377351-2a25-40f8-864f-95b219cfcbda.webp\",\"contentUrl\":\"https:\\\/\\\/halawasugaring.com\\\/wp-content\\\/uploads\\\/2025\\\/09\\\/PreDepilatorybottle_bb377351-2a25-40f8-864f-95b219cfcbda.webp\",\"width\":1920,\"height\":1920},{\"@type\":\"BreadcrumbList\",\"@id\":\"https:\\\/\\\/halawasugaring.com\\\/fr\\\/produit\\\/lotion-pre-epilatoire-500-ml\\\/#breadcrumb\",\"itemListElement\":[{\"@type\":\"ListItem\",\"position\":1,\"name\":\"Accueil\",\"item\":\"https:\\\/\\\/halawasugaring.com\\\/fr\\\/\"},{\"@type\":\"ListItem\",\"position\":2,\"name\":\"Boutique\",\"item\":\"https:\\\/\\\/halawasugaring.com\\\/fr\\\/boutique\\\/\"},{\"@type\":\"ListItem\",\"position\":3,\"name\":\"Lotion pr\u00e9-\u00e9pilatoire 500 ml\"}]},{\"@type\":\"WebSite\",\"@id\":\"https:\\\/\\\/halawasugaring.com\\\/fr\\\/#website\",\"url\":\"https:\\\/\\\/halawasugaring.com\\\/fr\\\/\",\"name\":\"Les Sucres Halawa\",\"description\":\"\",\"publisher\":{\"@id\":\"https:\\\/\\\/halawasugaring.com\\\/fr\\\/#organization\"},\"potentialAction\":[{\"@type\":\"SearchAction\",\"target\":{\"@type\":\"EntryPoint\",\"urlTemplate\":\"https:\\\/\\\/halawasugaring.com\\\/fr\\\/?s={search_term_string}\"},\"query-input\":{\"@type\":\"PropertyValueSpecification\",\"valueRequired\":true,\"valueName\":\"search_term_string\"}}],\"inLanguage\":\"fr-FR\"},{\"@type\":\"Organization\",\"@id\":\"https:\\\/\\\/halawasugaring.com\\\/fr\\\/#organization\",\"name\":\"Les Sucres Halawa\",\"url\":\"https:\\\/\\\/halawasugaring.com\\\/fr\\\/\",\"logo\":{\"@type\":\"ImageObject\",\"inLanguage\":\"fr-FR\",\"@id\":\"https:\\\/\\\/halawasugaring.com\\\/fr\\\/#\\\/schema\\\/logo\\\/image\\\/\",\"url\":\"https:\\\/\\\/halawasugaring.com\\\/wp-content\\\/uploads\\\/2025\\\/09\\\/Les_Sucres_Halawa_Logo.webp\",\"contentUrl\":\"https:\\\/\\\/halawasugaring.com\\\/wp-content\\\/uploads\\\/2025\\\/09\\\/Les_Sucres_Halawa_Logo.webp\",\"width\":2414,\"height\":597,\"caption\":\"Les Sucres Halawa\"},\"image\":{\"@id\":\"https:\\\/\\\/halawasugaring.com\\\/fr\\\/#\\\/schema\\\/logo\\\/image\\\/\"}}]}<\/script>\n<!-- \/ Yoast SEO plugin. -->","yoast_head_json":{"title":"Lotion pr\u00e9-\u00e9pilatoire 500 ml - Les Sucres Halawa","robots":{"index":"index","follow":"follow","max-snippet":"max-snippet:-1","max-image-preview":"max-image-preview:large","max-video-preview":"max-video-preview:-1"},"canonical":"https:\/\/halawasugaring.com\/fr\/produit\/lotion-pre-epilatoire-500-ml\/","og_locale":"fr_FR","og_type":"article","og_title":"Lotion pr\u00e9-\u00e9pilatoire 500 ml - Les Sucres Halawa","og_description":"Notre Lotion Pr\u00e9-\u00e9pilatoire est formul\u00e9e pour pr\u00e9parer votre peau et vos follicules pileux pour une exp\u00e9rience d'\u00e9pilation sans faille. Infus\u00e9e avec des ingr\u00e9dients de haute qualit\u00e9, cette lotion nettoie les cheveux et la peau tout en \u00e9vitant de dess\u00e9cher la peau, en faisant ainsi un produit parfait pour une \u00e9tape pr\u00e9paratoire des services d'\u00e9pilation pour tous les types de peau, y compris les peaux sensibles. &nbsp; Avantages Cl\u00e9s: Pr\u00e9pare les Follicules : Ouvre les follicules pileux pour une \u00e9pilation plus efficace avec une r\u00e9sistance minimale. R\u00e9duit l'Inconfort : Agit comme un baume apaisant, r\u00e9duisant l'irritation, les rougeurs et le risque de poils incarn\u00e9s, tout en maintenant la peau hydrat\u00e9e pendant l'\u00e9pilation. &nbsp; Ingr\u00e9dients: Aqua, Hamamelis Virginiana (Eau d'Hamam\u00e9lis), Polysorbate 80, Gomme Xanthane, Sorbate de Potassium, Benzoate de Sodium. Parfum : Thuya Occidentalis, Propyl\u00e8ne Glycol, Diazolidinyl Urea, Iodopropynyl Butylcarbamate. &nbsp; Mode d'Emploi: Appliquez notre lotion pr\u00e9-d\u00e9pilatoire sur la zone \u00e0 nettoyer. Assurez-vous que le liquide est absorb\u00e9. Tapotez l'exc\u00e8s pour que la peau soit s\u00e8che. Proc\u00e9dez avec votre m\u00e9thode d'\u00e9pilation habituelle. Suivez avec notre gel post-d\u00e9pilatoire.","og_url":"https:\/\/halawasugaring.com\/fr\/produit\/lotion-pre-epilatoire-500-ml\/","og_site_name":"Les Sucres Halawa","article_modified_time":"2025-11-11T18:22:24+00:00","og_image":[{"width":1920,"height":1920,"url":"https:\/\/halawasugaring.com\/wp-content\/uploads\/2025\/09\/PreDepilatorybottle_bb377351-2a25-40f8-864f-95b219cfcbda.webp","type":"image\/webp"}],"twitter_card":"summary_large_image","twitter_misc":{"Dur\u00e9e de lecture estim\u00e9e":"1 minute"},"schema":{"@context":"https:\/\/schema.org","@graph":[{"@type":"WebPage","@id":"https:\/\/halawasugaring.com\/fr\/produit\/lotion-pre-epilatoire-500-ml\/","url":"https:\/\/halawasugaring.com\/fr\/produit\/lotion-pre-epilatoire-500-ml\/","name":"Lotion pr\u00e9-\u00e9pilatoire 500 ml - Les Sucres Halawa","isPartOf":{"@id":"https:\/\/halawasugaring.com\/fr\/#website"},"primaryImageOfPage":{"@id":"https:\/\/halawasugaring.com\/fr\/produit\/lotion-pre-epilatoire-500-ml\/#primaryimage"},"image":{"@id":"https:\/\/halawasugaring.com\/fr\/produit\/lotion-pre-epilatoire-500-ml\/#primaryimage"},"thumbnailUrl":"https:\/\/halawasugaring.com\/wp-content\/uploads\/2025\/09\/PreDepilatorybottle_bb377351-2a25-40f8-864f-95b219cfcbda.webp","datePublished":"2025-09-30T13:13:51+00:00","dateModified":"2025-11-11T18:22:24+00:00","breadcrumb":{"@id":"https:\/\/halawasugaring.com\/fr\/produit\/lotion-pre-epilatoire-500-ml\/#breadcrumb"},"inLanguage":"fr-FR","potentialAction":[{"@type":"ReadAction","target":["https:\/\/halawasugaring.com\/fr\/produit\/lotion-pre-epilatoire-500-ml\/"]}]},{"@type":"ImageObject","inLanguage":"fr-FR","@id":"https:\/\/halawasugaring.com\/fr\/produit\/lotion-pre-epilatoire-500-ml\/#primaryimage","url":"https:\/\/halawasugaring.com\/wp-content\/uploads\/2025\/09\/PreDepilatorybottle_bb377351-2a25-40f8-864f-95b219cfcbda.webp","contentUrl":"https:\/\/halawasugaring.com\/wp-content\/uploads\/2025\/09\/PreDepilatorybottle_bb377351-2a25-40f8-864f-95b219cfcbda.webp","width":1920,"height":1920},{"@type":"BreadcrumbList","@id":"https:\/\/halawasugaring.com\/fr\/produit\/lotion-pre-epilatoire-500-ml\/#breadcrumb","itemListElement":[{"@type":"ListItem","position":1,"name":"Accueil","item":"https:\/\/halawasugaring.com\/fr\/"},{"@type":"ListItem","position":2,"name":"Boutique","item":"https:\/\/halawasugaring.com\/fr\/boutique\/"},{"@type":"ListItem","position":3,"name":"Lotion pr\u00e9-\u00e9pilatoire 500 ml"}]},{"@type":"WebSite","@id":"https:\/\/halawasugaring.com\/fr\/#website","url":"https:\/\/halawasugaring.com\/fr\/","name":"Les Sucres Halawa","description":"","publisher":{"@id":"https:\/\/halawasugaring.com\/fr\/#organization"},"potentialAction":[{"@type":"SearchAction","target":{"@type":"EntryPoint","urlTemplate":"https:\/\/halawasugaring.com\/fr\/?s={search_term_string}"},"query-input":{"@type":"PropertyValueSpecification","valueRequired":true,"valueName":"search_term_string"}}],"inLanguage":"fr-FR"},{"@type":"Organization","@id":"https:\/\/halawasugaring.com\/fr\/#organization","name":"Les Sucres Halawa","url":"https:\/\/halawasugaring.com\/fr\/","logo":{"@type":"ImageObject","inLanguage":"fr-FR","@id":"https:\/\/halawasugaring.com\/fr\/#\/schema\/logo\/image\/","url":"https:\/\/halawasugaring.com\/wp-content\/uploads\/2025\/09\/Les_Sucres_Halawa_Logo.webp","contentUrl":"https:\/\/halawasugaring.com\/wp-content\/uploads\/2025\/09\/Les_Sucres_Halawa_Logo.webp","width":2414,"height":597,"caption":"Les Sucres Halawa"},"image":{"@id":"https:\/\/halawasugaring.com\/fr\/#\/schema\/logo\/image\/"}}]}},"_links":{"self":[{"href":"https:\/\/halawasugaring.com\/fr\/wp-json\/wp\/v2\/product\/2563","targetHints":{"allow":["GET"]}}],"collection":[{"href":"https:\/\/halawasugaring.com\/fr\/wp-json\/wp\/v2\/product"}],"about":[{"href":"https:\/\/halawasugaring.com\/fr\/wp-json\/wp\/v2\/types\/product"}],"replies":[{"embeddable":true,"href":"https:\/\/halawasugaring.com\/fr\/wp-json\/wp\/v2\/comments?post=2563"}],"wp:featuredmedia":[{"embeddable":true,"href":"https:\/\/halawasugaring.com\/fr\/wp-json\/wp\/v2\/media\/2564"}],"wp:attachment":[{"href":"https:\/\/halawasugaring.com\/fr\/wp-json\/wp\/v2\/media?parent=2563"}],"wp:term":[{"taxonomy":"product_brand","embeddable":true,"href":"https:\/\/halawasugaring.com\/fr\/wp-json\/wp\/v2\/product_brand?post=2563"},{"taxonomy":"product_cat","embeddable":true,"href":"https:\/\/halawasugaring.com\/fr\/wp-json\/wp\/v2\/product_cat?post=2563"},{"taxonomy":"product_tag","embeddable":true,"href":"https:\/\/halawasugaring.com\/fr\/wp-json\/wp\/v2\/product_tag?post=2563"}],"curies":[{"name":"wp","href":"https:\/\/api.w.org\/{rel}","templated":true}]}}