{"id":2561,"date":"2025-09-30T08:11:19","date_gmt":"2025-09-30T13:11:19","guid":{"rendered":"https:\/\/vlookdevsite2.com\/?post_type=product&#038;p=2561"},"modified":"2025-11-11T14:22:43","modified_gmt":"2025-11-11T18:22:43","slug":"gel-post-epilatoire-500-ml","status":"publish","type":"product","link":"https:\/\/halawasugaring.com\/fr\/produit\/gel-post-epilatoire-500-ml\/","title":{"rendered":"Gel post-\u00e9pilatoire 500 ml"},"content":{"rendered":"","protected":false},"excerpt":{"rendered":"<p>Apaisez la peau avec notre gel sp\u00e9cialement formul\u00e9, cr\u00e9\u00e9 pour nourrir la peau apr\u00e8s l&rsquo;\u00e9pilation. Que vous ayez opt\u00e9 pour l&rsquo;\u00e9pilation \u00e0 la cire, le rasage ou toute autre m\u00e9thode d&rsquo;\u00e9pilation, ce gel est le meilleur choix pour r\u00e9duire les irritations et nourrir la peau.<\/p>\n<h3><strong>Voici pourquoi cela vaut la peine d&rsquo;essayer\u00a0:<\/strong><\/h3>\n<p><strong>Confort apaisant<\/strong>\u00a0: le gel procure un soulagement instantan\u00e9, apaisant toute rougeur ou irritation g\u00e9n\u00e9ralement ressentie apr\u00e8s l&rsquo;\u00e9pilation, vous offrant un confort imm\u00e9diat.<\/p>\n<p><strong>Nourrissement en profondeur\u00a0:<\/strong>\u00a0Enrichi des bienfaits de l&rsquo;Aloe Vera, il hydrate en profondeur, laissant la peau merveilleusement douce, souple et rajeunie.<\/p>\n<p><strong>Soulagement anti-inflammatoire\u00a0:<\/strong>\u00a0La nouvelle formule est d\u00e9licatement con\u00e7ue pour r\u00e9duire en douceur tout gonflement et tout inconfort, garantissant ainsi un confort et une exp\u00e9rience apaisante apr\u00e8s l&rsquo;\u00e9pilation.<\/p>\n<p>Notre Gel Post-\u00c9pilatoire est destin\u00e9 \u00e0 un usage externe uniquement, promettant le traitement le plus doux !<\/p>\n","protected":false},"featured_media":2562,"comment_status":"open","ping_status":"closed","template":"","meta":{"site-sidebar-layout":"default","site-content-layout":"","ast-site-content-layout":"default","site-content-style":"default","site-sidebar-style":"default","ast-global-header-display":"","ast-banner-title-visibility":"","ast-main-header-display":"","ast-hfb-above-header-display":"","ast-hfb-below-header-display":"","ast-hfb-mobile-header-display":"","site-post-title":"","ast-breadcrumbs-content":"","ast-featured-img":"","footer-sml-layout":"","theme-transparent-header-meta":"default","adv-header-id-meta":"","stick-header-meta":"","header-above-stick-meta":"","header-main-stick-meta":"","header-below-stick-meta":"","astra-migrate-meta-layouts":"set","ast-page-background-enabled":"default","ast-page-background-meta":{"desktop":{"background-color":"var(--ast-global-color-4)","background-image":"","background-repeat":"repeat","background-position":"center center","background-size":"auto","background-attachment":"scroll","background-type":"","background-media":"","overlay-type":"","overlay-color":"","overlay-opacity":"","overlay-gradient":""},"tablet":{"background-color":"","background-image":"","background-repeat":"repeat","background-position":"center center","background-size":"auto","background-attachment":"scroll","background-type":"","background-media":"","overlay-type":"","overlay-color":"","overlay-opacity":"","overlay-gradient":""},"mobile":{"background-color":"","background-image":"","background-repeat":"repeat","background-position":"center center","background-size":"auto","background-attachment":"scroll","background-type":"","background-media":"","overlay-type":"","overlay-color":"","overlay-opacity":"","overlay-gradient":""}},"ast-content-background-meta":{"desktop":{"background-color":"var(--ast-global-color-5)","background-image":"","background-repeat":"repeat","background-position":"center center","background-size":"auto","background-attachment":"scroll","background-type":"","background-media":"","overlay-type":"","overlay-color":"","overlay-opacity":"","overlay-gradient":""},"tablet":{"background-color":"var(--ast-global-color-5)","background-image":"","background-repeat":"repeat","background-position":"center center","background-size":"auto","background-attachment":"scroll","background-type":"","background-media":"","overlay-type":"","overlay-color":"","overlay-opacity":"","overlay-gradient":""},"mobile":{"background-color":"var(--ast-global-color-5)","background-image":"","background-repeat":"repeat","background-position":"center center","background-size":"auto","background-attachment":"scroll","background-type":"","background-media":"","overlay-type":"","overlay-color":"","overlay-opacity":"","overlay-gradient":""}}},"product_brand":[],"product_cat":[29],"product_tag":[],"class_list":{"0":"post-2561","1":"product","2":"type-product","3":"status-publish","4":"has-post-thumbnail","6":"product_cat-methode-ancestrale","7":"desktop-align-left","8":"tablet-align-left","9":"mobile-align-left","10":"ast-product-gallery-layout-vertical-slider","11":"ast-product-gallery-with-no-image","12":"ast-qv-on-image","14":"first","15":"instock","16":"taxable","17":"shipping-taxable","18":"purchasable","19":"product-type-simple"},"yoast_head":"<!-- This site is optimized with the Yoast SEO plugin v27.4 - https:\/\/yoast.com\/product\/yoast-seo-wordpress\/ -->\n<title>Gel post-\u00e9pilatoire 500 ml - Les Sucres Halawa<\/title>\n<meta name=\"robots\" content=\"index, follow, max-snippet:-1, max-image-preview:large, max-video-preview:-1\" \/>\n<link rel=\"canonical\" href=\"https:\/\/halawasugaring.com\/fr\/produit\/gel-post-epilatoire-500-ml\/\" \/>\n<meta property=\"og:locale\" content=\"fr_FR\" \/>\n<meta property=\"og:type\" content=\"article\" \/>\n<meta property=\"og:title\" content=\"Gel post-\u00e9pilatoire 500 ml - Les Sucres Halawa\" \/>\n<meta property=\"og:description\" content=\"Apaisez la peau avec notre gel sp\u00e9cialement formul\u00e9, cr\u00e9\u00e9 pour nourrir la peau apr\u00e8s l&#039;\u00e9pilation. Que vous ayez opt\u00e9 pour l&#039;\u00e9pilation \u00e0 la cire, le rasage ou toute autre m\u00e9thode d&#039;\u00e9pilation, ce gel est le meilleur choix pour r\u00e9duire les irritations et nourrir la peau. Voici pourquoi cela vaut la peine d&#039;essayer\u00a0: Confort apaisant\u00a0: le gel procure un soulagement instantan\u00e9, apaisant toute rougeur ou irritation g\u00e9n\u00e9ralement ressentie apr\u00e8s l&#039;\u00e9pilation, vous offrant un confort imm\u00e9diat.  Nourrissement en profondeur\u00a0:\u00a0Enrichi des bienfaits de l&#039;Aloe Vera, il hydrate en profondeur, laissant la peau merveilleusement douce, souple et rajeunie.  Soulagement anti-inflammatoire\u00a0:\u00a0La nouvelle formule est d\u00e9licatement con\u00e7ue pour r\u00e9duire en douceur tout gonflement et tout inconfort, garantissant ainsi un confort et une exp\u00e9rience apaisante apr\u00e8s l&#039;\u00e9pilation.  Notre Gel Post-\u00c9pilatoire est destin\u00e9 \u00e0 un usage externe uniquement, promettant le traitement le plus doux !\" \/>\n<meta property=\"og:url\" content=\"https:\/\/halawasugaring.com\/fr\/produit\/gel-post-epilatoire-500-ml\/\" \/>\n<meta property=\"og:site_name\" content=\"Les Sucres Halawa\" \/>\n<meta property=\"article:modified_time\" content=\"2025-11-11T18:22:43+00:00\" \/>\n<meta property=\"og:image\" content=\"https:\/\/halawasugaring.com\/wp-content\/uploads\/2025\/09\/Post_depilatory_bottle.webp\" \/>\n\t<meta property=\"og:image:width\" content=\"1920\" \/>\n\t<meta property=\"og:image:height\" content=\"1920\" \/>\n\t<meta property=\"og:image:type\" content=\"image\/webp\" \/>\n<meta name=\"twitter:card\" content=\"summary_large_image\" \/>\n<meta name=\"twitter:label1\" content=\"Dur\u00e9e de lecture estim\u00e9e\" \/>\n\t<meta name=\"twitter:data1\" content=\"1 minute\" \/>\n<script type=\"application\/ld+json\" class=\"yoast-schema-graph\">{\"@context\":\"https:\\\/\\\/schema.org\",\"@graph\":[{\"@type\":\"WebPage\",\"@id\":\"https:\\\/\\\/halawasugaring.com\\\/fr\\\/produit\\\/gel-post-epilatoire-500-ml\\\/\",\"url\":\"https:\\\/\\\/halawasugaring.com\\\/fr\\\/produit\\\/gel-post-epilatoire-500-ml\\\/\",\"name\":\"Gel post-\u00e9pilatoire 500 ml - Les Sucres Halawa\",\"isPartOf\":{\"@id\":\"https:\\\/\\\/halawasugaring.com\\\/fr\\\/#website\"},\"primaryImageOfPage\":{\"@id\":\"https:\\\/\\\/halawasugaring.com\\\/fr\\\/produit\\\/gel-post-epilatoire-500-ml\\\/#primaryimage\"},\"image\":{\"@id\":\"https:\\\/\\\/halawasugaring.com\\\/fr\\\/produit\\\/gel-post-epilatoire-500-ml\\\/#primaryimage\"},\"thumbnailUrl\":\"https:\\\/\\\/halawasugaring.com\\\/wp-content\\\/uploads\\\/2025\\\/09\\\/Post_depilatory_bottle.webp\",\"datePublished\":\"2025-09-30T13:11:19+00:00\",\"dateModified\":\"2025-11-11T18:22:43+00:00\",\"breadcrumb\":{\"@id\":\"https:\\\/\\\/halawasugaring.com\\\/fr\\\/produit\\\/gel-post-epilatoire-500-ml\\\/#breadcrumb\"},\"inLanguage\":\"fr-FR\",\"potentialAction\":[{\"@type\":\"ReadAction\",\"target\":[\"https:\\\/\\\/halawasugaring.com\\\/fr\\\/produit\\\/gel-post-epilatoire-500-ml\\\/\"]}]},{\"@type\":\"ImageObject\",\"inLanguage\":\"fr-FR\",\"@id\":\"https:\\\/\\\/halawasugaring.com\\\/fr\\\/produit\\\/gel-post-epilatoire-500-ml\\\/#primaryimage\",\"url\":\"https:\\\/\\\/halawasugaring.com\\\/wp-content\\\/uploads\\\/2025\\\/09\\\/Post_depilatory_bottle.webp\",\"contentUrl\":\"https:\\\/\\\/halawasugaring.com\\\/wp-content\\\/uploads\\\/2025\\\/09\\\/Post_depilatory_bottle.webp\",\"width\":1920,\"height\":1920},{\"@type\":\"BreadcrumbList\",\"@id\":\"https:\\\/\\\/halawasugaring.com\\\/fr\\\/produit\\\/gel-post-epilatoire-500-ml\\\/#breadcrumb\",\"itemListElement\":[{\"@type\":\"ListItem\",\"position\":1,\"name\":\"Accueil\",\"item\":\"https:\\\/\\\/halawasugaring.com\\\/fr\\\/\"},{\"@type\":\"ListItem\",\"position\":2,\"name\":\"Boutique\",\"item\":\"https:\\\/\\\/halawasugaring.com\\\/fr\\\/boutique\\\/\"},{\"@type\":\"ListItem\",\"position\":3,\"name\":\"Gel post-\u00e9pilatoire 500 ml\"}]},{\"@type\":\"WebSite\",\"@id\":\"https:\\\/\\\/halawasugaring.com\\\/fr\\\/#website\",\"url\":\"https:\\\/\\\/halawasugaring.com\\\/fr\\\/\",\"name\":\"Les Sucres Halawa\",\"description\":\"\",\"publisher\":{\"@id\":\"https:\\\/\\\/halawasugaring.com\\\/fr\\\/#organization\"},\"potentialAction\":[{\"@type\":\"SearchAction\",\"target\":{\"@type\":\"EntryPoint\",\"urlTemplate\":\"https:\\\/\\\/halawasugaring.com\\\/fr\\\/?s={search_term_string}\"},\"query-input\":{\"@type\":\"PropertyValueSpecification\",\"valueRequired\":true,\"valueName\":\"search_term_string\"}}],\"inLanguage\":\"fr-FR\"},{\"@type\":\"Organization\",\"@id\":\"https:\\\/\\\/halawasugaring.com\\\/fr\\\/#organization\",\"name\":\"Les Sucres Halawa\",\"url\":\"https:\\\/\\\/halawasugaring.com\\\/fr\\\/\",\"logo\":{\"@type\":\"ImageObject\",\"inLanguage\":\"fr-FR\",\"@id\":\"https:\\\/\\\/halawasugaring.com\\\/fr\\\/#\\\/schema\\\/logo\\\/image\\\/\",\"url\":\"https:\\\/\\\/halawasugaring.com\\\/wp-content\\\/uploads\\\/2025\\\/09\\\/Les_Sucres_Halawa_Logo.webp\",\"contentUrl\":\"https:\\\/\\\/halawasugaring.com\\\/wp-content\\\/uploads\\\/2025\\\/09\\\/Les_Sucres_Halawa_Logo.webp\",\"width\":2414,\"height\":597,\"caption\":\"Les Sucres Halawa\"},\"image\":{\"@id\":\"https:\\\/\\\/halawasugaring.com\\\/fr\\\/#\\\/schema\\\/logo\\\/image\\\/\"}}]}<\/script>\n<!-- \/ Yoast SEO plugin. -->","yoast_head_json":{"title":"Gel post-\u00e9pilatoire 500 ml - Les Sucres Halawa","robots":{"index":"index","follow":"follow","max-snippet":"max-snippet:-1","max-image-preview":"max-image-preview:large","max-video-preview":"max-video-preview:-1"},"canonical":"https:\/\/halawasugaring.com\/fr\/produit\/gel-post-epilatoire-500-ml\/","og_locale":"fr_FR","og_type":"article","og_title":"Gel post-\u00e9pilatoire 500 ml - Les Sucres Halawa","og_description":"Apaisez la peau avec notre gel sp\u00e9cialement formul\u00e9, cr\u00e9\u00e9 pour nourrir la peau apr\u00e8s l'\u00e9pilation. Que vous ayez opt\u00e9 pour l'\u00e9pilation \u00e0 la cire, le rasage ou toute autre m\u00e9thode d'\u00e9pilation, ce gel est le meilleur choix pour r\u00e9duire les irritations et nourrir la peau. Voici pourquoi cela vaut la peine d'essayer\u00a0: Confort apaisant\u00a0: le gel procure un soulagement instantan\u00e9, apaisant toute rougeur ou irritation g\u00e9n\u00e9ralement ressentie apr\u00e8s l'\u00e9pilation, vous offrant un confort imm\u00e9diat.  Nourrissement en profondeur\u00a0:\u00a0Enrichi des bienfaits de l'Aloe Vera, il hydrate en profondeur, laissant la peau merveilleusement douce, souple et rajeunie.  Soulagement anti-inflammatoire\u00a0:\u00a0La nouvelle formule est d\u00e9licatement con\u00e7ue pour r\u00e9duire en douceur tout gonflement et tout inconfort, garantissant ainsi un confort et une exp\u00e9rience apaisante apr\u00e8s l'\u00e9pilation.  Notre Gel Post-\u00c9pilatoire est destin\u00e9 \u00e0 un usage externe uniquement, promettant le traitement le plus doux !","og_url":"https:\/\/halawasugaring.com\/fr\/produit\/gel-post-epilatoire-500-ml\/","og_site_name":"Les Sucres Halawa","article_modified_time":"2025-11-11T18:22:43+00:00","og_image":[{"width":1920,"height":1920,"url":"https:\/\/halawasugaring.com\/wp-content\/uploads\/2025\/09\/Post_depilatory_bottle.webp","type":"image\/webp"}],"twitter_card":"summary_large_image","twitter_misc":{"Dur\u00e9e de lecture estim\u00e9e":"1 minute"},"schema":{"@context":"https:\/\/schema.org","@graph":[{"@type":"WebPage","@id":"https:\/\/halawasugaring.com\/fr\/produit\/gel-post-epilatoire-500-ml\/","url":"https:\/\/halawasugaring.com\/fr\/produit\/gel-post-epilatoire-500-ml\/","name":"Gel post-\u00e9pilatoire 500 ml - Les Sucres Halawa","isPartOf":{"@id":"https:\/\/halawasugaring.com\/fr\/#website"},"primaryImageOfPage":{"@id":"https:\/\/halawasugaring.com\/fr\/produit\/gel-post-epilatoire-500-ml\/#primaryimage"},"image":{"@id":"https:\/\/halawasugaring.com\/fr\/produit\/gel-post-epilatoire-500-ml\/#primaryimage"},"thumbnailUrl":"https:\/\/halawasugaring.com\/wp-content\/uploads\/2025\/09\/Post_depilatory_bottle.webp","datePublished":"2025-09-30T13:11:19+00:00","dateModified":"2025-11-11T18:22:43+00:00","breadcrumb":{"@id":"https:\/\/halawasugaring.com\/fr\/produit\/gel-post-epilatoire-500-ml\/#breadcrumb"},"inLanguage":"fr-FR","potentialAction":[{"@type":"ReadAction","target":["https:\/\/halawasugaring.com\/fr\/produit\/gel-post-epilatoire-500-ml\/"]}]},{"@type":"ImageObject","inLanguage":"fr-FR","@id":"https:\/\/halawasugaring.com\/fr\/produit\/gel-post-epilatoire-500-ml\/#primaryimage","url":"https:\/\/halawasugaring.com\/wp-content\/uploads\/2025\/09\/Post_depilatory_bottle.webp","contentUrl":"https:\/\/halawasugaring.com\/wp-content\/uploads\/2025\/09\/Post_depilatory_bottle.webp","width":1920,"height":1920},{"@type":"BreadcrumbList","@id":"https:\/\/halawasugaring.com\/fr\/produit\/gel-post-epilatoire-500-ml\/#breadcrumb","itemListElement":[{"@type":"ListItem","position":1,"name":"Accueil","item":"https:\/\/halawasugaring.com\/fr\/"},{"@type":"ListItem","position":2,"name":"Boutique","item":"https:\/\/halawasugaring.com\/fr\/boutique\/"},{"@type":"ListItem","position":3,"name":"Gel post-\u00e9pilatoire 500 ml"}]},{"@type":"WebSite","@id":"https:\/\/halawasugaring.com\/fr\/#website","url":"https:\/\/halawasugaring.com\/fr\/","name":"Les Sucres Halawa","description":"","publisher":{"@id":"https:\/\/halawasugaring.com\/fr\/#organization"},"potentialAction":[{"@type":"SearchAction","target":{"@type":"EntryPoint","urlTemplate":"https:\/\/halawasugaring.com\/fr\/?s={search_term_string}"},"query-input":{"@type":"PropertyValueSpecification","valueRequired":true,"valueName":"search_term_string"}}],"inLanguage":"fr-FR"},{"@type":"Organization","@id":"https:\/\/halawasugaring.com\/fr\/#organization","name":"Les Sucres Halawa","url":"https:\/\/halawasugaring.com\/fr\/","logo":{"@type":"ImageObject","inLanguage":"fr-FR","@id":"https:\/\/halawasugaring.com\/fr\/#\/schema\/logo\/image\/","url":"https:\/\/halawasugaring.com\/wp-content\/uploads\/2025\/09\/Les_Sucres_Halawa_Logo.webp","contentUrl":"https:\/\/halawasugaring.com\/wp-content\/uploads\/2025\/09\/Les_Sucres_Halawa_Logo.webp","width":2414,"height":597,"caption":"Les Sucres Halawa"},"image":{"@id":"https:\/\/halawasugaring.com\/fr\/#\/schema\/logo\/image\/"}}]}},"_links":{"self":[{"href":"https:\/\/halawasugaring.com\/fr\/wp-json\/wp\/v2\/product\/2561","targetHints":{"allow":["GET"]}}],"collection":[{"href":"https:\/\/halawasugaring.com\/fr\/wp-json\/wp\/v2\/product"}],"about":[{"href":"https:\/\/halawasugaring.com\/fr\/wp-json\/wp\/v2\/types\/product"}],"replies":[{"embeddable":true,"href":"https:\/\/halawasugaring.com\/fr\/wp-json\/wp\/v2\/comments?post=2561"}],"wp:featuredmedia":[{"embeddable":true,"href":"https:\/\/halawasugaring.com\/fr\/wp-json\/wp\/v2\/media\/2562"}],"wp:attachment":[{"href":"https:\/\/halawasugaring.com\/fr\/wp-json\/wp\/v2\/media?parent=2561"}],"wp:term":[{"taxonomy":"product_brand","embeddable":true,"href":"https:\/\/halawasugaring.com\/fr\/wp-json\/wp\/v2\/product_brand?post=2561"},{"taxonomy":"product_cat","embeddable":true,"href":"https:\/\/halawasugaring.com\/fr\/wp-json\/wp\/v2\/product_cat?post=2561"},{"taxonomy":"product_tag","embeddable":true,"href":"https:\/\/halawasugaring.com\/fr\/wp-json\/wp\/v2\/product_tag?post=2561"}],"curies":[{"name":"wp","href":"https:\/\/api.w.org\/{rel}","templated":true}]}}