{"id":1653,"date":"2025-09-13T16:32:19","date_gmt":"2025-09-13T21:32:19","guid":{"rendered":"https:\/\/vlookdevsite2.com\/?post_type=product&#038;p=1653"},"modified":"2025-11-05T11:24:20","modified_gmt":"2025-11-05T15:24:20","slug":"pate-de-sucre","status":"publish","type":"product","link":"https:\/\/halawasugaring.com\/fr\/produit\/pate-de-sucre\/","title":{"rendered":"P\u00e2te de sucre"},"content":{"rendered":"","protected":false},"excerpt":{"rendered":"<p>Pr\u00e9sentation de notre P\u00e2te \u00e0 Sucre \u00c9pilatoire Professionnelle !<\/p>\n<p>La p\u00e2te \u00e0 sucre Halawa permet une \u00e9pilation douce et efficace pour un fini impeccable et soyeux.<\/p>\n<h3><strong>Tous<\/strong><strong>\u00a0Ingr\u00e9dients naturels :<\/strong><\/h3>\n<p>-Eau<br \/>\n-Sucre blanc granul\u00e9<br \/>\n-Jus de citron fra\u00eechement pr\u00e9par\u00e9<\/p>\n<h3><strong>Avantages cl\u00e9s:<\/strong><\/h3>\n<p><strong>Doux pour la peau\u00a0:<\/strong>\u00a0Parfait pour tous les types de peau, minimisant les irritations et les r\u00e9actions allergiques.<br \/>\n<strong>Moins douloureux\u00a0:<\/strong>\u00a0\u00a0Adh\u00e8re uniquement aux cheveux et aux cellules mortes de la peau, r\u00e9duisant ainsi l&rsquo;inconfort.<br \/>\n<strong>Nettoyage facile\u00a0:\u00a0<\/strong>\u00a0soluble dans l&rsquo;eau pour une \u00e9limination rapide et simple des r\u00e9sidus.<br \/>\n<strong>\u00c9cologique\u00a0:<\/strong>\u00a0\u00a0Fabriqu\u00e9 avec des ingr\u00e9dients biod\u00e9gradables.<\/p>\n<h3><strong>Comment utiliser:<\/strong><\/h3>\n<p>Appliquer \u00e0 temp\u00e9rature ambiante dans le sens de la pousse des cheveux.<br \/>\nRetirer rapidement dans le sens inverse.<br \/>\nNettoyez tout r\u00e9sidu avec de l&rsquo;eau ti\u00e8de.<\/p>\n<p>Taille du produit : 800 g<\/p>\n","protected":false},"featured_media":1661,"comment_status":"open","ping_status":"closed","template":"","meta":{"site-sidebar-layout":"default","site-content-layout":"","ast-site-content-layout":"default","site-content-style":"default","site-sidebar-style":"default","ast-global-header-display":"","ast-banner-title-visibility":"","ast-main-header-display":"","ast-hfb-above-header-display":"","ast-hfb-below-header-display":"","ast-hfb-mobile-header-display":"","site-post-title":"","ast-breadcrumbs-content":"","ast-featured-img":"","footer-sml-layout":"","theme-transparent-header-meta":"default","adv-header-id-meta":"","stick-header-meta":"","header-above-stick-meta":"","header-main-stick-meta":"","header-below-stick-meta":"","astra-migrate-meta-layouts":"set","ast-page-background-enabled":"default","ast-page-background-meta":{"desktop":{"background-color":"var(--ast-global-color-4)","background-image":"","background-repeat":"repeat","background-position":"center center","background-size":"auto","background-attachment":"scroll","background-type":"","background-media":"","overlay-type":"","overlay-color":"","overlay-opacity":"","overlay-gradient":""},"tablet":{"background-color":"","background-image":"","background-repeat":"repeat","background-position":"center center","background-size":"auto","background-attachment":"scroll","background-type":"","background-media":"","overlay-type":"","overlay-color":"","overlay-opacity":"","overlay-gradient":""},"mobile":{"background-color":"","background-image":"","background-repeat":"repeat","background-position":"center center","background-size":"auto","background-attachment":"scroll","background-type":"","background-media":"","overlay-type":"","overlay-color":"","overlay-opacity":"","overlay-gradient":""}},"ast-content-background-meta":{"desktop":{"background-color":"var(--ast-global-color-5)","background-image":"","background-repeat":"repeat","background-position":"center center","background-size":"auto","background-attachment":"scroll","background-type":"","background-media":"","overlay-type":"","overlay-color":"","overlay-opacity":"","overlay-gradient":""},"tablet":{"background-color":"var(--ast-global-color-5)","background-image":"","background-repeat":"repeat","background-position":"center center","background-size":"auto","background-attachment":"scroll","background-type":"","background-media":"","overlay-type":"","overlay-color":"","overlay-opacity":"","overlay-gradient":""},"mobile":{"background-color":"var(--ast-global-color-5)","background-image":"","background-repeat":"repeat","background-position":"center center","background-size":"auto","background-attachment":"scroll","background-type":"","background-media":"","overlay-type":"","overlay-color":"","overlay-opacity":"","overlay-gradient":""}}},"product_brand":[],"product_cat":[29],"product_tag":[],"class_list":{"0":"post-1653","1":"product","2":"type-product","3":"status-publish","4":"has-post-thumbnail","6":"product_cat-methode-ancestrale","7":"desktop-align-left","8":"tablet-align-left","9":"mobile-align-left","10":"ast-product-gallery-layout-vertical-slider","11":"ast-product-single-variable","12":"ast-qv-on-image","14":"first","15":"instock","16":"taxable","17":"shipping-taxable","18":"purchasable","19":"product-type-variable"},"yoast_head":"<!-- This site is optimized with the Yoast SEO plugin v27.4 - https:\/\/yoast.com\/product\/yoast-seo-wordpress\/ -->\n<title>P\u00e2te de sucre - Les Sucres Halawa<\/title>\n<meta name=\"robots\" content=\"index, follow, max-snippet:-1, max-image-preview:large, max-video-preview:-1\" \/>\n<link rel=\"canonical\" href=\"https:\/\/halawasugaring.com\/fr\/produit\/pate-de-sucre\/\" \/>\n<meta property=\"og:locale\" content=\"fr_FR\" \/>\n<meta property=\"og:type\" content=\"article\" \/>\n<meta property=\"og:title\" content=\"P\u00e2te de sucre - Les Sucres Halawa\" \/>\n<meta property=\"og:description\" content=\"Pr\u00e9sentation de notre P\u00e2te \u00e0 Sucre \u00c9pilatoire Professionnelle !  La p\u00e2te \u00e0 sucre Halawa permet une \u00e9pilation douce et efficace pour un fini impeccable et soyeux. Tous\u00a0Ingr\u00e9dients naturels : -Eau -Sucre blanc granul\u00e9 -Jus de citron fra\u00eechement pr\u00e9par\u00e9 Avantages cl\u00e9s: Doux pour la peau\u00a0:\u00a0Parfait pour tous les types de peau, minimisant les irritations et les r\u00e9actions allergiques. Moins douloureux\u00a0:\u00a0\u00a0Adh\u00e8re uniquement aux cheveux et aux cellules mortes de la peau, r\u00e9duisant ainsi l&#039;inconfort. Nettoyage facile\u00a0:\u00a0\u00a0soluble dans l&#039;eau pour une \u00e9limination rapide et simple des r\u00e9sidus. \u00c9cologique\u00a0:\u00a0\u00a0Fabriqu\u00e9 avec des ingr\u00e9dients biod\u00e9gradables. Comment utiliser: Appliquer \u00e0 temp\u00e9rature ambiante dans le sens de la pousse des cheveux. Retirer rapidement dans le sens inverse. Nettoyez tout r\u00e9sidu avec de l&#039;eau ti\u00e8de.  Taille du produit : 800 g\" \/>\n<meta property=\"og:url\" content=\"https:\/\/halawasugaring.com\/fr\/produit\/pate-de-sucre\/\" \/>\n<meta property=\"og:site_name\" content=\"Les Sucres Halawa\" \/>\n<meta property=\"article:modified_time\" content=\"2025-11-05T15:24:20+00:00\" \/>\n<meta property=\"og:image\" content=\"https:\/\/halawasugaring.com\/wp-content\/uploads\/2025\/09\/HalawaSoft-Soft-BRIGHT-scaled.webp\" \/>\n\t<meta property=\"og:image:width\" content=\"2560\" \/>\n\t<meta property=\"og:image:height\" content=\"2560\" \/>\n\t<meta property=\"og:image:type\" content=\"image\/webp\" \/>\n<meta name=\"twitter:card\" content=\"summary_large_image\" \/>\n<meta name=\"twitter:label1\" content=\"Dur\u00e9e de lecture estim\u00e9e\" \/>\n\t<meta name=\"twitter:data1\" content=\"1 minute\" \/>\n<script type=\"application\/ld+json\" class=\"yoast-schema-graph\">{\"@context\":\"https:\\\/\\\/schema.org\",\"@graph\":[{\"@type\":\"WebPage\",\"@id\":\"https:\\\/\\\/halawasugaring.com\\\/fr\\\/produit\\\/pate-de-sucre\\\/\",\"url\":\"https:\\\/\\\/halawasugaring.com\\\/fr\\\/produit\\\/pate-de-sucre\\\/\",\"name\":\"P\u00e2te de sucre - Les Sucres Halawa\",\"isPartOf\":{\"@id\":\"https:\\\/\\\/halawasugaring.com\\\/fr\\\/#website\"},\"primaryImageOfPage\":{\"@id\":\"https:\\\/\\\/halawasugaring.com\\\/fr\\\/produit\\\/pate-de-sucre\\\/#primaryimage\"},\"image\":{\"@id\":\"https:\\\/\\\/halawasugaring.com\\\/fr\\\/produit\\\/pate-de-sucre\\\/#primaryimage\"},\"thumbnailUrl\":\"https:\\\/\\\/halawasugaring.com\\\/wp-content\\\/uploads\\\/2025\\\/09\\\/HalawaSoft-Soft-BRIGHT-scaled.webp\",\"datePublished\":\"2025-09-13T21:32:19+00:00\",\"dateModified\":\"2025-11-05T15:24:20+00:00\",\"breadcrumb\":{\"@id\":\"https:\\\/\\\/halawasugaring.com\\\/fr\\\/produit\\\/pate-de-sucre\\\/#breadcrumb\"},\"inLanguage\":\"fr-FR\",\"potentialAction\":[{\"@type\":\"ReadAction\",\"target\":[\"https:\\\/\\\/halawasugaring.com\\\/fr\\\/produit\\\/pate-de-sucre\\\/\"]}]},{\"@type\":\"ImageObject\",\"inLanguage\":\"fr-FR\",\"@id\":\"https:\\\/\\\/halawasugaring.com\\\/fr\\\/produit\\\/pate-de-sucre\\\/#primaryimage\",\"url\":\"https:\\\/\\\/halawasugaring.com\\\/wp-content\\\/uploads\\\/2025\\\/09\\\/HalawaSoft-Soft-BRIGHT-scaled.webp\",\"contentUrl\":\"https:\\\/\\\/halawasugaring.com\\\/wp-content\\\/uploads\\\/2025\\\/09\\\/HalawaSoft-Soft-BRIGHT-scaled.webp\",\"width\":2560,\"height\":2560},{\"@type\":\"BreadcrumbList\",\"@id\":\"https:\\\/\\\/halawasugaring.com\\\/fr\\\/produit\\\/pate-de-sucre\\\/#breadcrumb\",\"itemListElement\":[{\"@type\":\"ListItem\",\"position\":1,\"name\":\"Accueil\",\"item\":\"https:\\\/\\\/halawasugaring.com\\\/fr\\\/\"},{\"@type\":\"ListItem\",\"position\":2,\"name\":\"Boutique\",\"item\":\"https:\\\/\\\/halawasugaring.com\\\/fr\\\/boutique\\\/\"},{\"@type\":\"ListItem\",\"position\":3,\"name\":\"P\u00e2te de sucre\"}]},{\"@type\":\"WebSite\",\"@id\":\"https:\\\/\\\/halawasugaring.com\\\/fr\\\/#website\",\"url\":\"https:\\\/\\\/halawasugaring.com\\\/fr\\\/\",\"name\":\"Les Sucres Halawa\",\"description\":\"\",\"publisher\":{\"@id\":\"https:\\\/\\\/halawasugaring.com\\\/fr\\\/#organization\"},\"potentialAction\":[{\"@type\":\"SearchAction\",\"target\":{\"@type\":\"EntryPoint\",\"urlTemplate\":\"https:\\\/\\\/halawasugaring.com\\\/fr\\\/?s={search_term_string}\"},\"query-input\":{\"@type\":\"PropertyValueSpecification\",\"valueRequired\":true,\"valueName\":\"search_term_string\"}}],\"inLanguage\":\"fr-FR\"},{\"@type\":\"Organization\",\"@id\":\"https:\\\/\\\/halawasugaring.com\\\/fr\\\/#organization\",\"name\":\"Les Sucres Halawa\",\"url\":\"https:\\\/\\\/halawasugaring.com\\\/fr\\\/\",\"logo\":{\"@type\":\"ImageObject\",\"inLanguage\":\"fr-FR\",\"@id\":\"https:\\\/\\\/halawasugaring.com\\\/fr\\\/#\\\/schema\\\/logo\\\/image\\\/\",\"url\":\"https:\\\/\\\/halawasugaring.com\\\/wp-content\\\/uploads\\\/2025\\\/09\\\/Les_Sucres_Halawa_Logo.webp\",\"contentUrl\":\"https:\\\/\\\/halawasugaring.com\\\/wp-content\\\/uploads\\\/2025\\\/09\\\/Les_Sucres_Halawa_Logo.webp\",\"width\":2414,\"height\":597,\"caption\":\"Les Sucres Halawa\"},\"image\":{\"@id\":\"https:\\\/\\\/halawasugaring.com\\\/fr\\\/#\\\/schema\\\/logo\\\/image\\\/\"}}]}<\/script>\n<!-- \/ Yoast SEO plugin. -->","yoast_head_json":{"title":"P\u00e2te de sucre - Les Sucres Halawa","robots":{"index":"index","follow":"follow","max-snippet":"max-snippet:-1","max-image-preview":"max-image-preview:large","max-video-preview":"max-video-preview:-1"},"canonical":"https:\/\/halawasugaring.com\/fr\/produit\/pate-de-sucre\/","og_locale":"fr_FR","og_type":"article","og_title":"P\u00e2te de sucre - Les Sucres Halawa","og_description":"Pr\u00e9sentation de notre P\u00e2te \u00e0 Sucre \u00c9pilatoire Professionnelle !  La p\u00e2te \u00e0 sucre Halawa permet une \u00e9pilation douce et efficace pour un fini impeccable et soyeux. Tous\u00a0Ingr\u00e9dients naturels : -Eau -Sucre blanc granul\u00e9 -Jus de citron fra\u00eechement pr\u00e9par\u00e9 Avantages cl\u00e9s: Doux pour la peau\u00a0:\u00a0Parfait pour tous les types de peau, minimisant les irritations et les r\u00e9actions allergiques. Moins douloureux\u00a0:\u00a0\u00a0Adh\u00e8re uniquement aux cheveux et aux cellules mortes de la peau, r\u00e9duisant ainsi l'inconfort. Nettoyage facile\u00a0:\u00a0\u00a0soluble dans l'eau pour une \u00e9limination rapide et simple des r\u00e9sidus. \u00c9cologique\u00a0:\u00a0\u00a0Fabriqu\u00e9 avec des ingr\u00e9dients biod\u00e9gradables. Comment utiliser: Appliquer \u00e0 temp\u00e9rature ambiante dans le sens de la pousse des cheveux. Retirer rapidement dans le sens inverse. Nettoyez tout r\u00e9sidu avec de l'eau ti\u00e8de.  Taille du produit : 800 g","og_url":"https:\/\/halawasugaring.com\/fr\/produit\/pate-de-sucre\/","og_site_name":"Les Sucres Halawa","article_modified_time":"2025-11-05T15:24:20+00:00","og_image":[{"width":2560,"height":2560,"url":"https:\/\/halawasugaring.com\/wp-content\/uploads\/2025\/09\/HalawaSoft-Soft-BRIGHT-scaled.webp","type":"image\/webp"}],"twitter_card":"summary_large_image","twitter_misc":{"Dur\u00e9e de lecture estim\u00e9e":"1 minute"},"schema":{"@context":"https:\/\/schema.org","@graph":[{"@type":"WebPage","@id":"https:\/\/halawasugaring.com\/fr\/produit\/pate-de-sucre\/","url":"https:\/\/halawasugaring.com\/fr\/produit\/pate-de-sucre\/","name":"P\u00e2te de sucre - Les Sucres Halawa","isPartOf":{"@id":"https:\/\/halawasugaring.com\/fr\/#website"},"primaryImageOfPage":{"@id":"https:\/\/halawasugaring.com\/fr\/produit\/pate-de-sucre\/#primaryimage"},"image":{"@id":"https:\/\/halawasugaring.com\/fr\/produit\/pate-de-sucre\/#primaryimage"},"thumbnailUrl":"https:\/\/halawasugaring.com\/wp-content\/uploads\/2025\/09\/HalawaSoft-Soft-BRIGHT-scaled.webp","datePublished":"2025-09-13T21:32:19+00:00","dateModified":"2025-11-05T15:24:20+00:00","breadcrumb":{"@id":"https:\/\/halawasugaring.com\/fr\/produit\/pate-de-sucre\/#breadcrumb"},"inLanguage":"fr-FR","potentialAction":[{"@type":"ReadAction","target":["https:\/\/halawasugaring.com\/fr\/produit\/pate-de-sucre\/"]}]},{"@type":"ImageObject","inLanguage":"fr-FR","@id":"https:\/\/halawasugaring.com\/fr\/produit\/pate-de-sucre\/#primaryimage","url":"https:\/\/halawasugaring.com\/wp-content\/uploads\/2025\/09\/HalawaSoft-Soft-BRIGHT-scaled.webp","contentUrl":"https:\/\/halawasugaring.com\/wp-content\/uploads\/2025\/09\/HalawaSoft-Soft-BRIGHT-scaled.webp","width":2560,"height":2560},{"@type":"BreadcrumbList","@id":"https:\/\/halawasugaring.com\/fr\/produit\/pate-de-sucre\/#breadcrumb","itemListElement":[{"@type":"ListItem","position":1,"name":"Accueil","item":"https:\/\/halawasugaring.com\/fr\/"},{"@type":"ListItem","position":2,"name":"Boutique","item":"https:\/\/halawasugaring.com\/fr\/boutique\/"},{"@type":"ListItem","position":3,"name":"P\u00e2te de sucre"}]},{"@type":"WebSite","@id":"https:\/\/halawasugaring.com\/fr\/#website","url":"https:\/\/halawasugaring.com\/fr\/","name":"Les Sucres Halawa","description":"","publisher":{"@id":"https:\/\/halawasugaring.com\/fr\/#organization"},"potentialAction":[{"@type":"SearchAction","target":{"@type":"EntryPoint","urlTemplate":"https:\/\/halawasugaring.com\/fr\/?s={search_term_string}"},"query-input":{"@type":"PropertyValueSpecification","valueRequired":true,"valueName":"search_term_string"}}],"inLanguage":"fr-FR"},{"@type":"Organization","@id":"https:\/\/halawasugaring.com\/fr\/#organization","name":"Les Sucres Halawa","url":"https:\/\/halawasugaring.com\/fr\/","logo":{"@type":"ImageObject","inLanguage":"fr-FR","@id":"https:\/\/halawasugaring.com\/fr\/#\/schema\/logo\/image\/","url":"https:\/\/halawasugaring.com\/wp-content\/uploads\/2025\/09\/Les_Sucres_Halawa_Logo.webp","contentUrl":"https:\/\/halawasugaring.com\/wp-content\/uploads\/2025\/09\/Les_Sucres_Halawa_Logo.webp","width":2414,"height":597,"caption":"Les Sucres Halawa"},"image":{"@id":"https:\/\/halawasugaring.com\/fr\/#\/schema\/logo\/image\/"}}]}},"_links":{"self":[{"href":"https:\/\/halawasugaring.com\/fr\/wp-json\/wp\/v2\/product\/1653","targetHints":{"allow":["GET"]}}],"collection":[{"href":"https:\/\/halawasugaring.com\/fr\/wp-json\/wp\/v2\/product"}],"about":[{"href":"https:\/\/halawasugaring.com\/fr\/wp-json\/wp\/v2\/types\/product"}],"replies":[{"embeddable":true,"href":"https:\/\/halawasugaring.com\/fr\/wp-json\/wp\/v2\/comments?post=1653"}],"wp:featuredmedia":[{"embeddable":true,"href":"https:\/\/halawasugaring.com\/fr\/wp-json\/wp\/v2\/media\/1661"}],"wp:attachment":[{"href":"https:\/\/halawasugaring.com\/fr\/wp-json\/wp\/v2\/media?parent=1653"}],"wp:term":[{"taxonomy":"product_brand","embeddable":true,"href":"https:\/\/halawasugaring.com\/fr\/wp-json\/wp\/v2\/product_brand?post=1653"},{"taxonomy":"product_cat","embeddable":true,"href":"https:\/\/halawasugaring.com\/fr\/wp-json\/wp\/v2\/product_cat?post=1653"},{"taxonomy":"product_tag","embeddable":true,"href":"https:\/\/halawasugaring.com\/fr\/wp-json\/wp\/v2\/product_tag?post=1653"}],"curies":[{"name":"wp","href":"https:\/\/api.w.org\/{rel}","templated":true}]}}