{"id":1645,"date":"2025-09-13T16:01:43","date_gmt":"2025-09-13T21:01:43","guid":{"rendered":"https:\/\/vlookdevsite2.com\/?post_type=product&#038;p=1645"},"modified":"2025-11-05T11:25:32","modified_gmt":"2025-11-05T15:25:32","slug":"savon-naturel-a-la-sauge-et-a-la-citronnelle","status":"publish","type":"product","link":"https:\/\/halawasugaring.com\/fr\/produit\/savon-naturel-a-la-sauge-et-a-la-citronnelle\/","title":{"rendered":"Savon naturel \u00e0 la sauge et \u00e0 la citronnelle"},"content":{"rendered":"","protected":false},"excerpt":{"rendered":"<p>Nettoyez et rafra\u00eechissez votre peau avec notre\u00a0<strong>savon naturel<\/strong>\u00a0<strong>fait main<\/strong>\u00a0\u00e0 la sauge et \u00e0 la citronnelle. Parfait pour les amateurs de soins naturels de la peau, il est id\u00e9al pour votre\u00a0<strong>routine de douche quotidienne<\/strong>\u00a0ou un\u00a0<strong>moment rafra\u00eechissant<\/strong>\u00a0rapide pendant une journ\u00e9e charg\u00e9e. Ce savon est un compagnon parfait en mati\u00e8re de soins du corps, car il aide \u00e0 \u00e9liminer les cellules mortes de la peau en pr\u00e9paration des proc\u00e9dures de sugaring, car votre peau a besoin d&rsquo;hydratation. Utiliser le savon \u00e0 la sauge et \u00e0 la citronnelle Halawa est un moyen essentiel d&rsquo;apaiser et de prot\u00e9ger la peau, la laissant calme et nourrie \u00e0 chaque utilisation.<\/p>\n<h3><strong>Caract\u00e9ristiques cl\u00e9s :<\/strong><\/h3>\n<ul>\n<li><strong>Fabriqu\u00e9 au Qu\u00e9bec:<\/strong>\u00a0Fabriqu\u00e9 avec soin pour une exp\u00e9rience luxueuse.<\/li>\n<li><strong>Ingr\u00e9dients Naturels:<\/strong>\u00a0Notre savon est fabriqu\u00e9 avec un m\u00e9lange unique d&rsquo;huiles essentielles (beurre de karit\u00e9, huile de coco, huile de rose et huile de marula) pour un nettoyage en douceur.<\/li>\n<li><strong>\u00c9cologique<\/strong>: Sans produits chimiques agressifs, il est doux pour votre peau et respectueux de la plan\u00e8te.<\/li>\n<li><strong>Rafra\u00eechissant:<\/strong>\u00a0Le parfum relaxant de la sauge et de la citronnelle vous laisse une sensation de fra\u00eecheur et de revitalisation.<\/li>\n<\/ul>\n<p>Fonctionne parfaitement avec le\u00a0<strong>Gel Pr\u00e9-\u00c9pilatoire HALAWA<\/strong>, am\u00e9liorant votre routine de sugaring pour des r\u00e9sultats optimaux.<\/p>\n","protected":false},"featured_media":2135,"comment_status":"open","ping_status":"closed","template":"","meta":{"site-sidebar-layout":"default","site-content-layout":"","ast-site-content-layout":"default","site-content-style":"default","site-sidebar-style":"default","ast-global-header-display":"","ast-banner-title-visibility":"","ast-main-header-display":"","ast-hfb-above-header-display":"","ast-hfb-below-header-display":"","ast-hfb-mobile-header-display":"","site-post-title":"","ast-breadcrumbs-content":"","ast-featured-img":"","footer-sml-layout":"","theme-transparent-header-meta":"default","adv-header-id-meta":"","stick-header-meta":"","header-above-stick-meta":"","header-main-stick-meta":"","header-below-stick-meta":"","astra-migrate-meta-layouts":"set","ast-page-background-enabled":"default","ast-page-background-meta":{"desktop":{"background-color":"var(--ast-global-color-4)","background-image":"","background-repeat":"repeat","background-position":"center center","background-size":"auto","background-attachment":"scroll","background-type":"","background-media":"","overlay-type":"","overlay-color":"","overlay-opacity":"","overlay-gradient":""},"tablet":{"background-color":"","background-image":"","background-repeat":"repeat","background-position":"center center","background-size":"auto","background-attachment":"scroll","background-type":"","background-media":"","overlay-type":"","overlay-color":"","overlay-opacity":"","overlay-gradient":""},"mobile":{"background-color":"","background-image":"","background-repeat":"repeat","background-position":"center center","background-size":"auto","background-attachment":"scroll","background-type":"","background-media":"","overlay-type":"","overlay-color":"","overlay-opacity":"","overlay-gradient":""}},"ast-content-background-meta":{"desktop":{"background-color":"var(--ast-global-color-5)","background-image":"","background-repeat":"repeat","background-position":"center center","background-size":"auto","background-attachment":"scroll","background-type":"","background-media":"","overlay-type":"","overlay-color":"","overlay-opacity":"","overlay-gradient":""},"tablet":{"background-color":"var(--ast-global-color-5)","background-image":"","background-repeat":"repeat","background-position":"center center","background-size":"auto","background-attachment":"scroll","background-type":"","background-media":"","overlay-type":"","overlay-color":"","overlay-opacity":"","overlay-gradient":""},"mobile":{"background-color":"var(--ast-global-color-5)","background-image":"","background-repeat":"repeat","background-position":"center center","background-size":"auto","background-attachment":"scroll","background-type":"","background-media":"","overlay-type":"","overlay-color":"","overlay-opacity":"","overlay-gradient":""}}},"product_brand":[],"product_cat":[27],"product_tag":[],"class_list":{"0":"post-1645","1":"product","2":"type-product","3":"status-publish","4":"has-post-thumbnail","6":"product_cat-halawa-a-la-maison","7":"desktop-align-left","8":"tablet-align-left","9":"mobile-align-left","10":"ast-product-gallery-layout-vertical-slider","11":"ast-qv-on-image","13":"first","14":"instock","15":"taxable","16":"shipping-taxable","17":"purchasable","18":"product-type-simple"},"yoast_head":"<!-- This site is optimized with the Yoast SEO plugin v27.4 - https:\/\/yoast.com\/product\/yoast-seo-wordpress\/ -->\n<title>Savon naturel \u00e0 la sauge et \u00e0 la citronnelle - Les Sucres Halawa<\/title>\n<meta name=\"robots\" content=\"index, follow, max-snippet:-1, max-image-preview:large, max-video-preview:-1\" \/>\n<link rel=\"canonical\" href=\"https:\/\/halawasugaring.com\/fr\/produit\/savon-naturel-a-la-sauge-et-a-la-citronnelle\/\" \/>\n<meta property=\"og:locale\" content=\"fr_FR\" \/>\n<meta property=\"og:type\" content=\"article\" \/>\n<meta property=\"og:title\" content=\"Savon naturel \u00e0 la sauge et \u00e0 la citronnelle - Les Sucres Halawa\" \/>\n<meta property=\"og:description\" content=\"Nettoyez et rafra\u00eechissez votre peau avec notre\u00a0savon naturel\u00a0fait main\u00a0\u00e0 la sauge et \u00e0 la citronnelle. Parfait pour les amateurs de soins naturels de la peau, il est id\u00e9al pour votre\u00a0routine de douche quotidienne\u00a0ou un\u00a0moment rafra\u00eechissant\u00a0rapide pendant une journ\u00e9e charg\u00e9e. Ce savon est un compagnon parfait en mati\u00e8re de soins du corps, car il aide \u00e0 \u00e9liminer les cellules mortes de la peau en pr\u00e9paration des proc\u00e9dures de sugaring, car votre peau a besoin d&#039;hydratation. Utiliser le savon \u00e0 la sauge et \u00e0 la citronnelle Halawa est un moyen essentiel d&#039;apaiser et de prot\u00e9ger la peau, la laissant calme et nourrie \u00e0 chaque utilisation. Caract\u00e9ristiques cl\u00e9s :   Fabriqu\u00e9 au Qu\u00e9bec:\u00a0Fabriqu\u00e9 avec soin pour une exp\u00e9rience luxueuse.  Ingr\u00e9dients Naturels:\u00a0Notre savon est fabriqu\u00e9 avec un m\u00e9lange unique d&#039;huiles essentielles (beurre de karit\u00e9, huile de coco, huile de rose et huile de marula) pour un nettoyage en douceur.  \u00c9cologique: Sans produits chimiques agressifs, il est doux pour votre peau et respectueux de la plan\u00e8te.  Rafra\u00eechissant:\u00a0Le parfum relaxant de la sauge et de la citronnelle vous laisse une sensation de fra\u00eecheur et de revitalisation.  Fonctionne parfaitement avec le\u00a0Gel Pr\u00e9-\u00c9pilatoire HALAWA, am\u00e9liorant votre routine de sugaring pour des r\u00e9sultats optimaux.\" \/>\n<meta property=\"og:url\" content=\"https:\/\/halawasugaring.com\/fr\/produit\/savon-naturel-a-la-sauge-et-a-la-citronnelle\/\" \/>\n<meta property=\"og:site_name\" content=\"Les Sucres Halawa\" \/>\n<meta property=\"article:modified_time\" content=\"2025-11-05T15:25:32+00:00\" \/>\n<meta property=\"og:image\" content=\"https:\/\/halawasugaring.com\/wp-content\/uploads\/2025\/09\/savon-halawa.webp\" \/>\n\t<meta property=\"og:image:width\" content=\"823\" \/>\n\t<meta property=\"og:image:height\" content=\"823\" \/>\n\t<meta property=\"og:image:type\" content=\"image\/webp\" \/>\n<meta name=\"twitter:card\" content=\"summary_large_image\" \/>\n<meta name=\"twitter:label1\" content=\"Dur\u00e9e de lecture estim\u00e9e\" \/>\n\t<meta name=\"twitter:data1\" content=\"1 minute\" \/>\n<script type=\"application\/ld+json\" class=\"yoast-schema-graph\">{\"@context\":\"https:\\\/\\\/schema.org\",\"@graph\":[{\"@type\":\"WebPage\",\"@id\":\"https:\\\/\\\/halawasugaring.com\\\/fr\\\/produit\\\/savon-naturel-a-la-sauge-et-a-la-citronnelle\\\/\",\"url\":\"https:\\\/\\\/halawasugaring.com\\\/fr\\\/produit\\\/savon-naturel-a-la-sauge-et-a-la-citronnelle\\\/\",\"name\":\"Savon naturel \u00e0 la sauge et \u00e0 la citronnelle - Les Sucres Halawa\",\"isPartOf\":{\"@id\":\"https:\\\/\\\/halawasugaring.com\\\/fr\\\/#website\"},\"primaryImageOfPage\":{\"@id\":\"https:\\\/\\\/halawasugaring.com\\\/fr\\\/produit\\\/savon-naturel-a-la-sauge-et-a-la-citronnelle\\\/#primaryimage\"},\"image\":{\"@id\":\"https:\\\/\\\/halawasugaring.com\\\/fr\\\/produit\\\/savon-naturel-a-la-sauge-et-a-la-citronnelle\\\/#primaryimage\"},\"thumbnailUrl\":\"https:\\\/\\\/halawasugaring.com\\\/wp-content\\\/uploads\\\/2025\\\/09\\\/savon-halawa.webp\",\"datePublished\":\"2025-09-13T21:01:43+00:00\",\"dateModified\":\"2025-11-05T15:25:32+00:00\",\"breadcrumb\":{\"@id\":\"https:\\\/\\\/halawasugaring.com\\\/fr\\\/produit\\\/savon-naturel-a-la-sauge-et-a-la-citronnelle\\\/#breadcrumb\"},\"inLanguage\":\"fr-FR\",\"potentialAction\":[{\"@type\":\"ReadAction\",\"target\":[\"https:\\\/\\\/halawasugaring.com\\\/fr\\\/produit\\\/savon-naturel-a-la-sauge-et-a-la-citronnelle\\\/\"]}]},{\"@type\":\"ImageObject\",\"inLanguage\":\"fr-FR\",\"@id\":\"https:\\\/\\\/halawasugaring.com\\\/fr\\\/produit\\\/savon-naturel-a-la-sauge-et-a-la-citronnelle\\\/#primaryimage\",\"url\":\"https:\\\/\\\/halawasugaring.com\\\/wp-content\\\/uploads\\\/2025\\\/09\\\/savon-halawa.webp\",\"contentUrl\":\"https:\\\/\\\/halawasugaring.com\\\/wp-content\\\/uploads\\\/2025\\\/09\\\/savon-halawa.webp\",\"width\":823,\"height\":823,\"caption\":\"Savon sauge et citronnelle\"},{\"@type\":\"BreadcrumbList\",\"@id\":\"https:\\\/\\\/halawasugaring.com\\\/fr\\\/produit\\\/savon-naturel-a-la-sauge-et-a-la-citronnelle\\\/#breadcrumb\",\"itemListElement\":[{\"@type\":\"ListItem\",\"position\":1,\"name\":\"Accueil\",\"item\":\"https:\\\/\\\/halawasugaring.com\\\/fr\\\/\"},{\"@type\":\"ListItem\",\"position\":2,\"name\":\"Boutique\",\"item\":\"https:\\\/\\\/halawasugaring.com\\\/fr\\\/boutique\\\/\"},{\"@type\":\"ListItem\",\"position\":3,\"name\":\"Savon naturel \u00e0 la sauge et \u00e0 la citronnelle\"}]},{\"@type\":\"WebSite\",\"@id\":\"https:\\\/\\\/halawasugaring.com\\\/fr\\\/#website\",\"url\":\"https:\\\/\\\/halawasugaring.com\\\/fr\\\/\",\"name\":\"Les Sucres Halawa\",\"description\":\"\",\"publisher\":{\"@id\":\"https:\\\/\\\/halawasugaring.com\\\/fr\\\/#organization\"},\"potentialAction\":[{\"@type\":\"SearchAction\",\"target\":{\"@type\":\"EntryPoint\",\"urlTemplate\":\"https:\\\/\\\/halawasugaring.com\\\/fr\\\/?s={search_term_string}\"},\"query-input\":{\"@type\":\"PropertyValueSpecification\",\"valueRequired\":true,\"valueName\":\"search_term_string\"}}],\"inLanguage\":\"fr-FR\"},{\"@type\":\"Organization\",\"@id\":\"https:\\\/\\\/halawasugaring.com\\\/fr\\\/#organization\",\"name\":\"Les Sucres Halawa\",\"url\":\"https:\\\/\\\/halawasugaring.com\\\/fr\\\/\",\"logo\":{\"@type\":\"ImageObject\",\"inLanguage\":\"fr-FR\",\"@id\":\"https:\\\/\\\/halawasugaring.com\\\/fr\\\/#\\\/schema\\\/logo\\\/image\\\/\",\"url\":\"https:\\\/\\\/halawasugaring.com\\\/wp-content\\\/uploads\\\/2025\\\/09\\\/Les_Sucres_Halawa_Logo.webp\",\"contentUrl\":\"https:\\\/\\\/halawasugaring.com\\\/wp-content\\\/uploads\\\/2025\\\/09\\\/Les_Sucres_Halawa_Logo.webp\",\"width\":2414,\"height\":597,\"caption\":\"Les Sucres Halawa\"},\"image\":{\"@id\":\"https:\\\/\\\/halawasugaring.com\\\/fr\\\/#\\\/schema\\\/logo\\\/image\\\/\"}}]}<\/script>\n<!-- \/ Yoast SEO plugin. -->","yoast_head_json":{"title":"Savon naturel \u00e0 la sauge et \u00e0 la citronnelle - Les Sucres Halawa","robots":{"index":"index","follow":"follow","max-snippet":"max-snippet:-1","max-image-preview":"max-image-preview:large","max-video-preview":"max-video-preview:-1"},"canonical":"https:\/\/halawasugaring.com\/fr\/produit\/savon-naturel-a-la-sauge-et-a-la-citronnelle\/","og_locale":"fr_FR","og_type":"article","og_title":"Savon naturel \u00e0 la sauge et \u00e0 la citronnelle - Les Sucres Halawa","og_description":"Nettoyez et rafra\u00eechissez votre peau avec notre\u00a0savon naturel\u00a0fait main\u00a0\u00e0 la sauge et \u00e0 la citronnelle. Parfait pour les amateurs de soins naturels de la peau, il est id\u00e9al pour votre\u00a0routine de douche quotidienne\u00a0ou un\u00a0moment rafra\u00eechissant\u00a0rapide pendant une journ\u00e9e charg\u00e9e. Ce savon est un compagnon parfait en mati\u00e8re de soins du corps, car il aide \u00e0 \u00e9liminer les cellules mortes de la peau en pr\u00e9paration des proc\u00e9dures de sugaring, car votre peau a besoin d'hydratation. Utiliser le savon \u00e0 la sauge et \u00e0 la citronnelle Halawa est un moyen essentiel d'apaiser et de prot\u00e9ger la peau, la laissant calme et nourrie \u00e0 chaque utilisation. Caract\u00e9ristiques cl\u00e9s :   Fabriqu\u00e9 au Qu\u00e9bec:\u00a0Fabriqu\u00e9 avec soin pour une exp\u00e9rience luxueuse.  Ingr\u00e9dients Naturels:\u00a0Notre savon est fabriqu\u00e9 avec un m\u00e9lange unique d'huiles essentielles (beurre de karit\u00e9, huile de coco, huile de rose et huile de marula) pour un nettoyage en douceur.  \u00c9cologique: Sans produits chimiques agressifs, il est doux pour votre peau et respectueux de la plan\u00e8te.  Rafra\u00eechissant:\u00a0Le parfum relaxant de la sauge et de la citronnelle vous laisse une sensation de fra\u00eecheur et de revitalisation.  Fonctionne parfaitement avec le\u00a0Gel Pr\u00e9-\u00c9pilatoire HALAWA, am\u00e9liorant votre routine de sugaring pour des r\u00e9sultats optimaux.","og_url":"https:\/\/halawasugaring.com\/fr\/produit\/savon-naturel-a-la-sauge-et-a-la-citronnelle\/","og_site_name":"Les Sucres Halawa","article_modified_time":"2025-11-05T15:25:32+00:00","og_image":[{"width":823,"height":823,"url":"https:\/\/halawasugaring.com\/wp-content\/uploads\/2025\/09\/savon-halawa.webp","type":"image\/webp"}],"twitter_card":"summary_large_image","twitter_misc":{"Dur\u00e9e de lecture estim\u00e9e":"1 minute"},"schema":{"@context":"https:\/\/schema.org","@graph":[{"@type":"WebPage","@id":"https:\/\/halawasugaring.com\/fr\/produit\/savon-naturel-a-la-sauge-et-a-la-citronnelle\/","url":"https:\/\/halawasugaring.com\/fr\/produit\/savon-naturel-a-la-sauge-et-a-la-citronnelle\/","name":"Savon naturel \u00e0 la sauge et \u00e0 la citronnelle - Les Sucres Halawa","isPartOf":{"@id":"https:\/\/halawasugaring.com\/fr\/#website"},"primaryImageOfPage":{"@id":"https:\/\/halawasugaring.com\/fr\/produit\/savon-naturel-a-la-sauge-et-a-la-citronnelle\/#primaryimage"},"image":{"@id":"https:\/\/halawasugaring.com\/fr\/produit\/savon-naturel-a-la-sauge-et-a-la-citronnelle\/#primaryimage"},"thumbnailUrl":"https:\/\/halawasugaring.com\/wp-content\/uploads\/2025\/09\/savon-halawa.webp","datePublished":"2025-09-13T21:01:43+00:00","dateModified":"2025-11-05T15:25:32+00:00","breadcrumb":{"@id":"https:\/\/halawasugaring.com\/fr\/produit\/savon-naturel-a-la-sauge-et-a-la-citronnelle\/#breadcrumb"},"inLanguage":"fr-FR","potentialAction":[{"@type":"ReadAction","target":["https:\/\/halawasugaring.com\/fr\/produit\/savon-naturel-a-la-sauge-et-a-la-citronnelle\/"]}]},{"@type":"ImageObject","inLanguage":"fr-FR","@id":"https:\/\/halawasugaring.com\/fr\/produit\/savon-naturel-a-la-sauge-et-a-la-citronnelle\/#primaryimage","url":"https:\/\/halawasugaring.com\/wp-content\/uploads\/2025\/09\/savon-halawa.webp","contentUrl":"https:\/\/halawasugaring.com\/wp-content\/uploads\/2025\/09\/savon-halawa.webp","width":823,"height":823,"caption":"Savon sauge et citronnelle"},{"@type":"BreadcrumbList","@id":"https:\/\/halawasugaring.com\/fr\/produit\/savon-naturel-a-la-sauge-et-a-la-citronnelle\/#breadcrumb","itemListElement":[{"@type":"ListItem","position":1,"name":"Accueil","item":"https:\/\/halawasugaring.com\/fr\/"},{"@type":"ListItem","position":2,"name":"Boutique","item":"https:\/\/halawasugaring.com\/fr\/boutique\/"},{"@type":"ListItem","position":3,"name":"Savon naturel \u00e0 la sauge et \u00e0 la citronnelle"}]},{"@type":"WebSite","@id":"https:\/\/halawasugaring.com\/fr\/#website","url":"https:\/\/halawasugaring.com\/fr\/","name":"Les Sucres Halawa","description":"","publisher":{"@id":"https:\/\/halawasugaring.com\/fr\/#organization"},"potentialAction":[{"@type":"SearchAction","target":{"@type":"EntryPoint","urlTemplate":"https:\/\/halawasugaring.com\/fr\/?s={search_term_string}"},"query-input":{"@type":"PropertyValueSpecification","valueRequired":true,"valueName":"search_term_string"}}],"inLanguage":"fr-FR"},{"@type":"Organization","@id":"https:\/\/halawasugaring.com\/fr\/#organization","name":"Les Sucres Halawa","url":"https:\/\/halawasugaring.com\/fr\/","logo":{"@type":"ImageObject","inLanguage":"fr-FR","@id":"https:\/\/halawasugaring.com\/fr\/#\/schema\/logo\/image\/","url":"https:\/\/halawasugaring.com\/wp-content\/uploads\/2025\/09\/Les_Sucres_Halawa_Logo.webp","contentUrl":"https:\/\/halawasugaring.com\/wp-content\/uploads\/2025\/09\/Les_Sucres_Halawa_Logo.webp","width":2414,"height":597,"caption":"Les Sucres Halawa"},"image":{"@id":"https:\/\/halawasugaring.com\/fr\/#\/schema\/logo\/image\/"}}]}},"_links":{"self":[{"href":"https:\/\/halawasugaring.com\/fr\/wp-json\/wp\/v2\/product\/1645","targetHints":{"allow":["GET"]}}],"collection":[{"href":"https:\/\/halawasugaring.com\/fr\/wp-json\/wp\/v2\/product"}],"about":[{"href":"https:\/\/halawasugaring.com\/fr\/wp-json\/wp\/v2\/types\/product"}],"replies":[{"embeddable":true,"href":"https:\/\/halawasugaring.com\/fr\/wp-json\/wp\/v2\/comments?post=1645"}],"wp:featuredmedia":[{"embeddable":true,"href":"https:\/\/halawasugaring.com\/fr\/wp-json\/wp\/v2\/media\/2135"}],"wp:attachment":[{"href":"https:\/\/halawasugaring.com\/fr\/wp-json\/wp\/v2\/media?parent=1645"}],"wp:term":[{"taxonomy":"product_brand","embeddable":true,"href":"https:\/\/halawasugaring.com\/fr\/wp-json\/wp\/v2\/product_brand?post=1645"},{"taxonomy":"product_cat","embeddable":true,"href":"https:\/\/halawasugaring.com\/fr\/wp-json\/wp\/v2\/product_cat?post=1645"},{"taxonomy":"product_tag","embeddable":true,"href":"https:\/\/halawasugaring.com\/fr\/wp-json\/wp\/v2\/product_tag?post=1645"}],"curies":[{"name":"wp","href":"https:\/\/api.w.org\/{rel}","templated":true}]}}