{"id":1637,"date":"2025-09-13T15:30:27","date_gmt":"2025-09-13T20:30:27","guid":{"rendered":"https:\/\/vlookdevsite2.com\/?post_type=product&#038;p=1637"},"modified":"2025-11-11T14:22:36","modified_gmt":"2025-11-11T18:22:36","slug":"lotion-pre-epilatoire","status":"publish","type":"product","link":"https:\/\/halawasugaring.com\/fr\/produit\/lotion-pre-epilatoire\/","title":{"rendered":"Lotion pr\u00e9-\u00e9pilatoire"},"content":{"rendered":"","protected":false},"excerpt":{"rendered":"<p>Pr\u00e9parez et prot\u00e9gez votre peau avec la\u00a0<strong>Lotion Pr\u00e9-\u00c9pilatoire Apaisante HALAWA<\/strong>. Cette lotion est fabriqu\u00e9e \u00e0 partir d&rsquo;ingr\u00e9dients naturels et con\u00e7ue pour adoucir les tiges des poils et ouvrir les follicules pileux, garantissant une\u00a0<strong>exp\u00e9rience d&rsquo;\u00e9pilation en douceur<\/strong>. Id\u00e9ale pour le sugaring et la cire, elle\u00a0<strong>r\u00e9duit l&rsquo;inconfort<\/strong>\u00a0et les<strong>\u00a0irritations cutan\u00e9es<\/strong>.<\/p>\n<h3><strong>Principaux Avantages :<\/strong><\/h3>\n<ul>\n<li><strong>Adoucissante &amp; Hydratante:<\/strong>\u00a0Hydrate et nourrit pour une exp\u00e9rience de sugaring moins douloureuse.<\/li>\n<li><strong>Pr\u00e9pare la Peau:<\/strong>\u00a0Ouvre les follicules pileux pour une \u00e9pilation plus facile.<\/li>\n<li><strong>R\u00e9duit l&rsquo;Inconfort:<\/strong>\u00a0Diminue les irritations et les rougeurs.<\/li>\n<\/ul>\n<p>Choisissez HALAWA pour une solution pr\u00e9-\u00e9pilatoire efficace et apaisante.<\/p>\n","protected":false},"featured_media":1638,"comment_status":"open","ping_status":"closed","template":"","meta":{"site-sidebar-layout":"default","site-content-layout":"","ast-site-content-layout":"default","site-content-style":"default","site-sidebar-style":"default","ast-global-header-display":"","ast-banner-title-visibility":"","ast-main-header-display":"","ast-hfb-above-header-display":"","ast-hfb-below-header-display":"","ast-hfb-mobile-header-display":"","site-post-title":"","ast-breadcrumbs-content":"","ast-featured-img":"","footer-sml-layout":"","theme-transparent-header-meta":"default","adv-header-id-meta":"","stick-header-meta":"","header-above-stick-meta":"","header-main-stick-meta":"","header-below-stick-meta":"","astra-migrate-meta-layouts":"set","ast-page-background-enabled":"default","ast-page-background-meta":{"desktop":{"background-color":"var(--ast-global-color-4)","background-image":"","background-repeat":"repeat","background-position":"center center","background-size":"auto","background-attachment":"scroll","background-type":"","background-media":"","overlay-type":"","overlay-color":"","overlay-opacity":"","overlay-gradient":""},"tablet":{"background-color":"","background-image":"","background-repeat":"repeat","background-position":"center center","background-size":"auto","background-attachment":"scroll","background-type":"","background-media":"","overlay-type":"","overlay-color":"","overlay-opacity":"","overlay-gradient":""},"mobile":{"background-color":"","background-image":"","background-repeat":"repeat","background-position":"center center","background-size":"auto","background-attachment":"scroll","background-type":"","background-media":"","overlay-type":"","overlay-color":"","overlay-opacity":"","overlay-gradient":""}},"ast-content-background-meta":{"desktop":{"background-color":"var(--ast-global-color-5)","background-image":"","background-repeat":"repeat","background-position":"center center","background-size":"auto","background-attachment":"scroll","background-type":"","background-media":"","overlay-type":"","overlay-color":"","overlay-opacity":"","overlay-gradient":""},"tablet":{"background-color":"var(--ast-global-color-5)","background-image":"","background-repeat":"repeat","background-position":"center center","background-size":"auto","background-attachment":"scroll","background-type":"","background-media":"","overlay-type":"","overlay-color":"","overlay-opacity":"","overlay-gradient":""},"mobile":{"background-color":"var(--ast-global-color-5)","background-image":"","background-repeat":"repeat","background-position":"center center","background-size":"auto","background-attachment":"scroll","background-type":"","background-media":"","overlay-type":"","overlay-color":"","overlay-opacity":"","overlay-gradient":""}}},"product_brand":[],"product_cat":[27],"product_tag":[],"class_list":{"0":"post-1637","1":"product","2":"type-product","3":"status-publish","4":"has-post-thumbnail","6":"product_cat-halawa-a-la-maison","7":"desktop-align-left","8":"tablet-align-left","9":"mobile-align-left","10":"ast-product-gallery-layout-vertical-slider","11":"ast-product-gallery-with-no-image","12":"ast-qv-on-image","14":"first","15":"instock","16":"taxable","17":"shipping-taxable","18":"purchasable","19":"product-type-simple"},"yoast_head":"<!-- This site is optimized with the Yoast SEO plugin v27.4 - https:\/\/yoast.com\/product\/yoast-seo-wordpress\/ -->\n<title>Lotion pr\u00e9-\u00e9pilatoire - Les Sucres Halawa<\/title>\n<meta name=\"robots\" content=\"index, follow, max-snippet:-1, max-image-preview:large, max-video-preview:-1\" \/>\n<link rel=\"canonical\" href=\"https:\/\/halawasugaring.com\/fr\/produit\/lotion-pre-epilatoire\/\" \/>\n<meta property=\"og:locale\" content=\"fr_FR\" \/>\n<meta property=\"og:type\" content=\"article\" \/>\n<meta property=\"og:title\" content=\"Lotion pr\u00e9-\u00e9pilatoire - Les Sucres Halawa\" \/>\n<meta property=\"og:description\" content=\"Pr\u00e9parez et prot\u00e9gez votre peau avec la\u00a0Lotion Pr\u00e9-\u00c9pilatoire Apaisante HALAWA. Cette lotion est fabriqu\u00e9e \u00e0 partir d&#039;ingr\u00e9dients naturels et con\u00e7ue pour adoucir les tiges des poils et ouvrir les follicules pileux, garantissant une\u00a0exp\u00e9rience d&#039;\u00e9pilation en douceur. Id\u00e9ale pour le sugaring et la cire, elle\u00a0r\u00e9duit l&#039;inconfort\u00a0et les\u00a0irritations cutan\u00e9es. Principaux Avantages :   Adoucissante &amp; Hydratante:\u00a0Hydrate et nourrit pour une exp\u00e9rience de sugaring moins douloureuse.  Pr\u00e9pare la Peau:\u00a0Ouvre les follicules pileux pour une \u00e9pilation plus facile.  R\u00e9duit l&#039;Inconfort:\u00a0Diminue les irritations et les rougeurs.  Choisissez HALAWA pour une solution pr\u00e9-\u00e9pilatoire efficace et apaisante.\" \/>\n<meta property=\"og:url\" content=\"https:\/\/halawasugaring.com\/fr\/produit\/lotion-pre-epilatoire\/\" \/>\n<meta property=\"og:site_name\" content=\"Les Sucres Halawa\" \/>\n<meta property=\"article:modified_time\" content=\"2025-11-11T18:22:36+00:00\" \/>\n<meta property=\"og:image\" content=\"https:\/\/halawasugaring.com\/wp-content\/uploads\/2025\/09\/Pre-EpilatoryLotionSmall_837c1f44-cafa-4ae0-ad48-72220f9dc20d.webp\" \/>\n\t<meta property=\"og:image:width\" content=\"823\" \/>\n\t<meta property=\"og:image:height\" content=\"823\" \/>\n\t<meta property=\"og:image:type\" content=\"image\/webp\" \/>\n<meta name=\"twitter:card\" content=\"summary_large_image\" \/>\n<meta name=\"twitter:label1\" content=\"Dur\u00e9e de lecture estim\u00e9e\" \/>\n\t<meta name=\"twitter:data1\" content=\"1 minute\" \/>\n<script type=\"application\/ld+json\" class=\"yoast-schema-graph\">{\"@context\":\"https:\\\/\\\/schema.org\",\"@graph\":[{\"@type\":\"WebPage\",\"@id\":\"https:\\\/\\\/halawasugaring.com\\\/fr\\\/produit\\\/lotion-pre-epilatoire\\\/\",\"url\":\"https:\\\/\\\/halawasugaring.com\\\/fr\\\/produit\\\/lotion-pre-epilatoire\\\/\",\"name\":\"Lotion pr\u00e9-\u00e9pilatoire - Les Sucres Halawa\",\"isPartOf\":{\"@id\":\"https:\\\/\\\/halawasugaring.com\\\/fr\\\/#website\"},\"primaryImageOfPage\":{\"@id\":\"https:\\\/\\\/halawasugaring.com\\\/fr\\\/produit\\\/lotion-pre-epilatoire\\\/#primaryimage\"},\"image\":{\"@id\":\"https:\\\/\\\/halawasugaring.com\\\/fr\\\/produit\\\/lotion-pre-epilatoire\\\/#primaryimage\"},\"thumbnailUrl\":\"https:\\\/\\\/halawasugaring.com\\\/wp-content\\\/uploads\\\/2025\\\/09\\\/Pre-EpilatoryLotionSmall_837c1f44-cafa-4ae0-ad48-72220f9dc20d.webp\",\"datePublished\":\"2025-09-13T20:30:27+00:00\",\"dateModified\":\"2025-11-11T18:22:36+00:00\",\"breadcrumb\":{\"@id\":\"https:\\\/\\\/halawasugaring.com\\\/fr\\\/produit\\\/lotion-pre-epilatoire\\\/#breadcrumb\"},\"inLanguage\":\"fr-FR\",\"potentialAction\":[{\"@type\":\"ReadAction\",\"target\":[\"https:\\\/\\\/halawasugaring.com\\\/fr\\\/produit\\\/lotion-pre-epilatoire\\\/\"]}]},{\"@type\":\"ImageObject\",\"inLanguage\":\"fr-FR\",\"@id\":\"https:\\\/\\\/halawasugaring.com\\\/fr\\\/produit\\\/lotion-pre-epilatoire\\\/#primaryimage\",\"url\":\"https:\\\/\\\/halawasugaring.com\\\/wp-content\\\/uploads\\\/2025\\\/09\\\/Pre-EpilatoryLotionSmall_837c1f44-cafa-4ae0-ad48-72220f9dc20d.webp\",\"contentUrl\":\"https:\\\/\\\/halawasugaring.com\\\/wp-content\\\/uploads\\\/2025\\\/09\\\/Pre-EpilatoryLotionSmall_837c1f44-cafa-4ae0-ad48-72220f9dc20d.webp\",\"width\":823,\"height\":823},{\"@type\":\"BreadcrumbList\",\"@id\":\"https:\\\/\\\/halawasugaring.com\\\/fr\\\/produit\\\/lotion-pre-epilatoire\\\/#breadcrumb\",\"itemListElement\":[{\"@type\":\"ListItem\",\"position\":1,\"name\":\"Accueil\",\"item\":\"https:\\\/\\\/halawasugaring.com\\\/fr\\\/\"},{\"@type\":\"ListItem\",\"position\":2,\"name\":\"Boutique\",\"item\":\"https:\\\/\\\/halawasugaring.com\\\/fr\\\/boutique\\\/\"},{\"@type\":\"ListItem\",\"position\":3,\"name\":\"Lotion pr\u00e9-\u00e9pilatoire\"}]},{\"@type\":\"WebSite\",\"@id\":\"https:\\\/\\\/halawasugaring.com\\\/fr\\\/#website\",\"url\":\"https:\\\/\\\/halawasugaring.com\\\/fr\\\/\",\"name\":\"Les Sucres Halawa\",\"description\":\"\",\"publisher\":{\"@id\":\"https:\\\/\\\/halawasugaring.com\\\/fr\\\/#organization\"},\"potentialAction\":[{\"@type\":\"SearchAction\",\"target\":{\"@type\":\"EntryPoint\",\"urlTemplate\":\"https:\\\/\\\/halawasugaring.com\\\/fr\\\/?s={search_term_string}\"},\"query-input\":{\"@type\":\"PropertyValueSpecification\",\"valueRequired\":true,\"valueName\":\"search_term_string\"}}],\"inLanguage\":\"fr-FR\"},{\"@type\":\"Organization\",\"@id\":\"https:\\\/\\\/halawasugaring.com\\\/fr\\\/#organization\",\"name\":\"Les Sucres Halawa\",\"url\":\"https:\\\/\\\/halawasugaring.com\\\/fr\\\/\",\"logo\":{\"@type\":\"ImageObject\",\"inLanguage\":\"fr-FR\",\"@id\":\"https:\\\/\\\/halawasugaring.com\\\/fr\\\/#\\\/schema\\\/logo\\\/image\\\/\",\"url\":\"https:\\\/\\\/halawasugaring.com\\\/wp-content\\\/uploads\\\/2025\\\/09\\\/Les_Sucres_Halawa_Logo.webp\",\"contentUrl\":\"https:\\\/\\\/halawasugaring.com\\\/wp-content\\\/uploads\\\/2025\\\/09\\\/Les_Sucres_Halawa_Logo.webp\",\"width\":2414,\"height\":597,\"caption\":\"Les Sucres Halawa\"},\"image\":{\"@id\":\"https:\\\/\\\/halawasugaring.com\\\/fr\\\/#\\\/schema\\\/logo\\\/image\\\/\"}}]}<\/script>\n<!-- \/ Yoast SEO plugin. -->","yoast_head_json":{"title":"Lotion pr\u00e9-\u00e9pilatoire - Les Sucres Halawa","robots":{"index":"index","follow":"follow","max-snippet":"max-snippet:-1","max-image-preview":"max-image-preview:large","max-video-preview":"max-video-preview:-1"},"canonical":"https:\/\/halawasugaring.com\/fr\/produit\/lotion-pre-epilatoire\/","og_locale":"fr_FR","og_type":"article","og_title":"Lotion pr\u00e9-\u00e9pilatoire - Les Sucres Halawa","og_description":"Pr\u00e9parez et prot\u00e9gez votre peau avec la\u00a0Lotion Pr\u00e9-\u00c9pilatoire Apaisante HALAWA. Cette lotion est fabriqu\u00e9e \u00e0 partir d'ingr\u00e9dients naturels et con\u00e7ue pour adoucir les tiges des poils et ouvrir les follicules pileux, garantissant une\u00a0exp\u00e9rience d'\u00e9pilation en douceur. Id\u00e9ale pour le sugaring et la cire, elle\u00a0r\u00e9duit l'inconfort\u00a0et les\u00a0irritations cutan\u00e9es. Principaux Avantages :   Adoucissante &amp; Hydratante:\u00a0Hydrate et nourrit pour une exp\u00e9rience de sugaring moins douloureuse.  Pr\u00e9pare la Peau:\u00a0Ouvre les follicules pileux pour une \u00e9pilation plus facile.  R\u00e9duit l'Inconfort:\u00a0Diminue les irritations et les rougeurs.  Choisissez HALAWA pour une solution pr\u00e9-\u00e9pilatoire efficace et apaisante.","og_url":"https:\/\/halawasugaring.com\/fr\/produit\/lotion-pre-epilatoire\/","og_site_name":"Les Sucres Halawa","article_modified_time":"2025-11-11T18:22:36+00:00","og_image":[{"width":823,"height":823,"url":"https:\/\/halawasugaring.com\/wp-content\/uploads\/2025\/09\/Pre-EpilatoryLotionSmall_837c1f44-cafa-4ae0-ad48-72220f9dc20d.webp","type":"image\/webp"}],"twitter_card":"summary_large_image","twitter_misc":{"Dur\u00e9e de lecture estim\u00e9e":"1 minute"},"schema":{"@context":"https:\/\/schema.org","@graph":[{"@type":"WebPage","@id":"https:\/\/halawasugaring.com\/fr\/produit\/lotion-pre-epilatoire\/","url":"https:\/\/halawasugaring.com\/fr\/produit\/lotion-pre-epilatoire\/","name":"Lotion pr\u00e9-\u00e9pilatoire - Les Sucres Halawa","isPartOf":{"@id":"https:\/\/halawasugaring.com\/fr\/#website"},"primaryImageOfPage":{"@id":"https:\/\/halawasugaring.com\/fr\/produit\/lotion-pre-epilatoire\/#primaryimage"},"image":{"@id":"https:\/\/halawasugaring.com\/fr\/produit\/lotion-pre-epilatoire\/#primaryimage"},"thumbnailUrl":"https:\/\/halawasugaring.com\/wp-content\/uploads\/2025\/09\/Pre-EpilatoryLotionSmall_837c1f44-cafa-4ae0-ad48-72220f9dc20d.webp","datePublished":"2025-09-13T20:30:27+00:00","dateModified":"2025-11-11T18:22:36+00:00","breadcrumb":{"@id":"https:\/\/halawasugaring.com\/fr\/produit\/lotion-pre-epilatoire\/#breadcrumb"},"inLanguage":"fr-FR","potentialAction":[{"@type":"ReadAction","target":["https:\/\/halawasugaring.com\/fr\/produit\/lotion-pre-epilatoire\/"]}]},{"@type":"ImageObject","inLanguage":"fr-FR","@id":"https:\/\/halawasugaring.com\/fr\/produit\/lotion-pre-epilatoire\/#primaryimage","url":"https:\/\/halawasugaring.com\/wp-content\/uploads\/2025\/09\/Pre-EpilatoryLotionSmall_837c1f44-cafa-4ae0-ad48-72220f9dc20d.webp","contentUrl":"https:\/\/halawasugaring.com\/wp-content\/uploads\/2025\/09\/Pre-EpilatoryLotionSmall_837c1f44-cafa-4ae0-ad48-72220f9dc20d.webp","width":823,"height":823},{"@type":"BreadcrumbList","@id":"https:\/\/halawasugaring.com\/fr\/produit\/lotion-pre-epilatoire\/#breadcrumb","itemListElement":[{"@type":"ListItem","position":1,"name":"Accueil","item":"https:\/\/halawasugaring.com\/fr\/"},{"@type":"ListItem","position":2,"name":"Boutique","item":"https:\/\/halawasugaring.com\/fr\/boutique\/"},{"@type":"ListItem","position":3,"name":"Lotion pr\u00e9-\u00e9pilatoire"}]},{"@type":"WebSite","@id":"https:\/\/halawasugaring.com\/fr\/#website","url":"https:\/\/halawasugaring.com\/fr\/","name":"Les Sucres Halawa","description":"","publisher":{"@id":"https:\/\/halawasugaring.com\/fr\/#organization"},"potentialAction":[{"@type":"SearchAction","target":{"@type":"EntryPoint","urlTemplate":"https:\/\/halawasugaring.com\/fr\/?s={search_term_string}"},"query-input":{"@type":"PropertyValueSpecification","valueRequired":true,"valueName":"search_term_string"}}],"inLanguage":"fr-FR"},{"@type":"Organization","@id":"https:\/\/halawasugaring.com\/fr\/#organization","name":"Les Sucres Halawa","url":"https:\/\/halawasugaring.com\/fr\/","logo":{"@type":"ImageObject","inLanguage":"fr-FR","@id":"https:\/\/halawasugaring.com\/fr\/#\/schema\/logo\/image\/","url":"https:\/\/halawasugaring.com\/wp-content\/uploads\/2025\/09\/Les_Sucres_Halawa_Logo.webp","contentUrl":"https:\/\/halawasugaring.com\/wp-content\/uploads\/2025\/09\/Les_Sucres_Halawa_Logo.webp","width":2414,"height":597,"caption":"Les Sucres Halawa"},"image":{"@id":"https:\/\/halawasugaring.com\/fr\/#\/schema\/logo\/image\/"}}]}},"_links":{"self":[{"href":"https:\/\/halawasugaring.com\/fr\/wp-json\/wp\/v2\/product\/1637","targetHints":{"allow":["GET"]}}],"collection":[{"href":"https:\/\/halawasugaring.com\/fr\/wp-json\/wp\/v2\/product"}],"about":[{"href":"https:\/\/halawasugaring.com\/fr\/wp-json\/wp\/v2\/types\/product"}],"replies":[{"embeddable":true,"href":"https:\/\/halawasugaring.com\/fr\/wp-json\/wp\/v2\/comments?post=1637"}],"wp:featuredmedia":[{"embeddable":true,"href":"https:\/\/halawasugaring.com\/fr\/wp-json\/wp\/v2\/media\/1638"}],"wp:attachment":[{"href":"https:\/\/halawasugaring.com\/fr\/wp-json\/wp\/v2\/media?parent=1637"}],"wp:term":[{"taxonomy":"product_brand","embeddable":true,"href":"https:\/\/halawasugaring.com\/fr\/wp-json\/wp\/v2\/product_brand?post=1637"},{"taxonomy":"product_cat","embeddable":true,"href":"https:\/\/halawasugaring.com\/fr\/wp-json\/wp\/v2\/product_cat?post=1637"},{"taxonomy":"product_tag","embeddable":true,"href":"https:\/\/halawasugaring.com\/fr\/wp-json\/wp\/v2\/product_tag?post=1637"}],"curies":[{"name":"wp","href":"https:\/\/api.w.org\/{rel}","templated":true}]}}