{"id":1633,"date":"2025-09-13T15:28:37","date_gmt":"2025-09-13T20:28:37","guid":{"rendered":"https:\/\/vlookdevsite2.com\/?post_type=product&#038;p=1633"},"modified":"2025-09-16T07:26:38","modified_gmt":"2025-09-16T12:26:38","slug":"kit-complet-depilation-a-la-pate-de-sucre-a-faire-a-la-maison","status":"publish","type":"product","link":"https:\/\/halawasugaring.com\/fr\/produit\/kit-complet-depilation-a-la-pate-de-sucre-a-faire-a-la-maison\/","title":{"rendered":"Kit complet d&rsquo;\u00e9pilation \u00e0 la p\u00e2te de sucre \u00e0 faire \u00e0 la maison"},"content":{"rendered":"","protected":false},"excerpt":{"rendered":"<p>Obtenez une \u00e9pilation de qualit\u00e9 professionnelle \u00e0 domicile avec le kit de sugaring HALAWA AT HOME. Ce kit complet comprend 4 articles essentiels pour une \u00e9pilation efficace. Profitez d&rsquo;une peau lisse et sans poils gr\u00e2ce \u00e0 notre technique de sugaring facile \u00e0 utiliser.<\/p>\n<h3><strong>Contenu :<\/strong><\/h3>\n<p>P\u00e2te \u00e9pilatoire au sucre Halawa &#8211; 800g<\/p>\n<p>100 bandes non tiss\u00e9es Spunlace<\/p>\n<p>10 b\u00e2tonnets en bois<\/p>\n<p>1 gant exfoliant<\/p>\n<h3><strong>Caract\u00e9ristiques cl\u00e9s :<\/strong><\/h3>\n<ul>\n<li><strong>Solution compl\u00e8te d&rsquo;\u00e9pilation :<\/strong>\u00a0Comprend p\u00e2te au sucre, bandes, b\u00e2tonnets et gant exfoliant.<\/li>\n<li><strong>Technique efficace :<\/strong>\u00a0\u00c9limine tous les poils ind\u00e9sirables du visage et du corps.<\/li>\n<li><strong>Pratique et rapide :<\/strong>\u00a0Obtenez des r\u00e9sultats de qualit\u00e9 professionnelle \u00e0 domicile.<\/li>\n<li><strong>Facile \u00e0 utiliser :<\/strong>\u00a0Instructions simples pour une application et un processus d&rsquo;\u00e9pilation en douceur.<\/li>\n<li><strong>\u00c9pilation \u00e0 domicile :<\/strong>\u00a0Profitez d&rsquo;un service de sugaring professionnel sans quitter votre maison.<\/li>\n<li><strong>\u00c9co-responsable :<\/strong>\u00a0Fabriqu\u00e9 avec des ingr\u00e9dients naturels pour une solution d&rsquo;\u00e9pilation saine.<\/li>\n<\/ul>\n<h3><strong>Ingr\u00e9dients (INCI) :<\/strong><\/h3>\n<p>Water\/Aqua, Sugar\/Sucrose, Lemon\/Citrus Limon<\/p>\n<p>Transformez votre routine d&rsquo;\u00e9pilation avec le kit de sugaring HALAWA AT HOME.<\/p>\n","protected":false},"featured_media":2136,"comment_status":"open","ping_status":"closed","template":"","meta":{"site-sidebar-layout":"default","site-content-layout":"","ast-site-content-layout":"default","site-content-style":"default","site-sidebar-style":"default","ast-global-header-display":"","ast-banner-title-visibility":"","ast-main-header-display":"","ast-hfb-above-header-display":"","ast-hfb-below-header-display":"","ast-hfb-mobile-header-display":"","site-post-title":"","ast-breadcrumbs-content":"","ast-featured-img":"","footer-sml-layout":"","theme-transparent-header-meta":"default","adv-header-id-meta":"","stick-header-meta":"","header-above-stick-meta":"","header-main-stick-meta":"","header-below-stick-meta":"","astra-migrate-meta-layouts":"set","ast-page-background-enabled":"default","ast-page-background-meta":{"desktop":{"background-color":"var(--ast-global-color-4)","background-image":"","background-repeat":"repeat","background-position":"center center","background-size":"auto","background-attachment":"scroll","background-type":"","background-media":"","overlay-type":"","overlay-color":"","overlay-opacity":"","overlay-gradient":""},"tablet":{"background-color":"","background-image":"","background-repeat":"repeat","background-position":"center center","background-size":"auto","background-attachment":"scroll","background-type":"","background-media":"","overlay-type":"","overlay-color":"","overlay-opacity":"","overlay-gradient":""},"mobile":{"background-color":"","background-image":"","background-repeat":"repeat","background-position":"center center","background-size":"auto","background-attachment":"scroll","background-type":"","background-media":"","overlay-type":"","overlay-color":"","overlay-opacity":"","overlay-gradient":""}},"ast-content-background-meta":{"desktop":{"background-color":"var(--ast-global-color-5)","background-image":"","background-repeat":"repeat","background-position":"center center","background-size":"auto","background-attachment":"scroll","background-type":"","background-media":"","overlay-type":"","overlay-color":"","overlay-opacity":"","overlay-gradient":""},"tablet":{"background-color":"var(--ast-global-color-5)","background-image":"","background-repeat":"repeat","background-position":"center center","background-size":"auto","background-attachment":"scroll","background-type":"","background-media":"","overlay-type":"","overlay-color":"","overlay-opacity":"","overlay-gradient":""},"mobile":{"background-color":"var(--ast-global-color-5)","background-image":"","background-repeat":"repeat","background-position":"center center","background-size":"auto","background-attachment":"scroll","background-type":"","background-media":"","overlay-type":"","overlay-color":"","overlay-opacity":"","overlay-gradient":""}}},"product_brand":[],"product_cat":[27],"product_tag":[],"class_list":{"0":"post-1633","1":"product","2":"type-product","3":"status-publish","4":"has-post-thumbnail","6":"product_cat-halawa-a-la-maison","7":"desktop-align-left","8":"tablet-align-left","9":"mobile-align-left","10":"ast-product-gallery-layout-vertical-slider","11":"ast-qv-on-image","13":"first","14":"instock","15":"taxable","16":"shipping-taxable","17":"purchasable","18":"product-type-simple"},"yoast_head":"<!-- This site is optimized with the Yoast SEO plugin v27.4 - https:\/\/yoast.com\/product\/yoast-seo-wordpress\/ -->\n<title>Kit complet d&#039;\u00e9pilation \u00e0 la p\u00e2te de sucre \u00e0 faire \u00e0 la maison - Les Sucres Halawa<\/title>\n<meta name=\"robots\" content=\"index, follow, max-snippet:-1, max-image-preview:large, max-video-preview:-1\" \/>\n<link rel=\"canonical\" href=\"https:\/\/halawasugaring.com\/fr\/produit\/kit-complet-depilation-a-la-pate-de-sucre-a-faire-a-la-maison\/\" \/>\n<meta property=\"og:locale\" content=\"fr_FR\" \/>\n<meta property=\"og:type\" content=\"article\" \/>\n<meta property=\"og:title\" content=\"Kit complet d&#039;\u00e9pilation \u00e0 la p\u00e2te de sucre \u00e0 faire \u00e0 la maison - Les Sucres Halawa\" \/>\n<meta property=\"og:description\" content=\"Obtenez une \u00e9pilation de qualit\u00e9 professionnelle \u00e0 domicile avec le kit de sugaring HALAWA AT HOME. Ce kit complet comprend 4 articles essentiels pour une \u00e9pilation efficace. Profitez d&#039;une peau lisse et sans poils gr\u00e2ce \u00e0 notre technique de sugaring facile \u00e0 utiliser. Contenu : P\u00e2te \u00e9pilatoire au sucre Halawa - 800g  100 bandes non tiss\u00e9es Spunlace  10 b\u00e2tonnets en bois  1 gant exfoliant Caract\u00e9ristiques cl\u00e9s :   Solution compl\u00e8te d&#039;\u00e9pilation :\u00a0Comprend p\u00e2te au sucre, bandes, b\u00e2tonnets et gant exfoliant.  Technique efficace :\u00a0\u00c9limine tous les poils ind\u00e9sirables du visage et du corps.  Pratique et rapide :\u00a0Obtenez des r\u00e9sultats de qualit\u00e9 professionnelle \u00e0 domicile.  Facile \u00e0 utiliser :\u00a0Instructions simples pour une application et un processus d&#039;\u00e9pilation en douceur.  \u00c9pilation \u00e0 domicile :\u00a0Profitez d&#039;un service de sugaring professionnel sans quitter votre maison.  \u00c9co-responsable :\u00a0Fabriqu\u00e9 avec des ingr\u00e9dients naturels pour une solution d&#039;\u00e9pilation saine.  Ingr\u00e9dients (INCI) : Water\/Aqua, Sugar\/Sucrose, Lemon\/Citrus Limon  Transformez votre routine d&#039;\u00e9pilation avec le kit de sugaring HALAWA AT HOME.\" \/>\n<meta property=\"og:url\" content=\"https:\/\/halawasugaring.com\/fr\/produit\/kit-complet-depilation-a-la-pate-de-sucre-a-faire-a-la-maison\/\" \/>\n<meta property=\"og:site_name\" content=\"Les Sucres Halawa\" \/>\n<meta property=\"article:modified_time\" content=\"2025-09-16T12:26:38+00:00\" \/>\n<meta property=\"og:image\" content=\"https:\/\/halawasugaring.com\/wp-content\/uploads\/2025\/09\/kit_halawa.webp\" \/>\n\t<meta property=\"og:image:width\" content=\"823\" \/>\n\t<meta property=\"og:image:height\" content=\"823\" \/>\n\t<meta property=\"og:image:type\" content=\"image\/webp\" \/>\n<meta name=\"twitter:card\" content=\"summary_large_image\" \/>\n<meta name=\"twitter:label1\" content=\"Dur\u00e9e de lecture estim\u00e9e\" \/>\n\t<meta name=\"twitter:data1\" content=\"1 minute\" \/>\n<script type=\"application\/ld+json\" class=\"yoast-schema-graph\">{\"@context\":\"https:\\\/\\\/schema.org\",\"@graph\":[{\"@type\":\"WebPage\",\"@id\":\"https:\\\/\\\/halawasugaring.com\\\/fr\\\/produit\\\/kit-complet-depilation-a-la-pate-de-sucre-a-faire-a-la-maison\\\/\",\"url\":\"https:\\\/\\\/halawasugaring.com\\\/fr\\\/produit\\\/kit-complet-depilation-a-la-pate-de-sucre-a-faire-a-la-maison\\\/\",\"name\":\"Kit complet d'\u00e9pilation \u00e0 la p\u00e2te de sucre \u00e0 faire \u00e0 la maison - Les Sucres Halawa\",\"isPartOf\":{\"@id\":\"https:\\\/\\\/halawasugaring.com\\\/fr\\\/#website\"},\"primaryImageOfPage\":{\"@id\":\"https:\\\/\\\/halawasugaring.com\\\/fr\\\/produit\\\/kit-complet-depilation-a-la-pate-de-sucre-a-faire-a-la-maison\\\/#primaryimage\"},\"image\":{\"@id\":\"https:\\\/\\\/halawasugaring.com\\\/fr\\\/produit\\\/kit-complet-depilation-a-la-pate-de-sucre-a-faire-a-la-maison\\\/#primaryimage\"},\"thumbnailUrl\":\"https:\\\/\\\/halawasugaring.com\\\/wp-content\\\/uploads\\\/2025\\\/09\\\/kit_halawa.webp\",\"datePublished\":\"2025-09-13T20:28:37+00:00\",\"dateModified\":\"2025-09-16T12:26:38+00:00\",\"breadcrumb\":{\"@id\":\"https:\\\/\\\/halawasugaring.com\\\/fr\\\/produit\\\/kit-complet-depilation-a-la-pate-de-sucre-a-faire-a-la-maison\\\/#breadcrumb\"},\"inLanguage\":\"fr-FR\",\"potentialAction\":[{\"@type\":\"ReadAction\",\"target\":[\"https:\\\/\\\/halawasugaring.com\\\/fr\\\/produit\\\/kit-complet-depilation-a-la-pate-de-sucre-a-faire-a-la-maison\\\/\"]}]},{\"@type\":\"ImageObject\",\"inLanguage\":\"fr-FR\",\"@id\":\"https:\\\/\\\/halawasugaring.com\\\/fr\\\/produit\\\/kit-complet-depilation-a-la-pate-de-sucre-a-faire-a-la-maison\\\/#primaryimage\",\"url\":\"https:\\\/\\\/halawasugaring.com\\\/wp-content\\\/uploads\\\/2025\\\/09\\\/kit_halawa.webp\",\"contentUrl\":\"https:\\\/\\\/halawasugaring.com\\\/wp-content\\\/uploads\\\/2025\\\/09\\\/kit_halawa.webp\",\"width\":823,\"height\":823},{\"@type\":\"BreadcrumbList\",\"@id\":\"https:\\\/\\\/halawasugaring.com\\\/fr\\\/produit\\\/kit-complet-depilation-a-la-pate-de-sucre-a-faire-a-la-maison\\\/#breadcrumb\",\"itemListElement\":[{\"@type\":\"ListItem\",\"position\":1,\"name\":\"Accueil\",\"item\":\"https:\\\/\\\/halawasugaring.com\\\/fr\\\/\"},{\"@type\":\"ListItem\",\"position\":2,\"name\":\"Boutique\",\"item\":\"https:\\\/\\\/halawasugaring.com\\\/fr\\\/boutique\\\/\"},{\"@type\":\"ListItem\",\"position\":3,\"name\":\"Kit complet d&#8217;\u00e9pilation \u00e0 la p\u00e2te de sucre \u00e0 faire \u00e0 la maison\"}]},{\"@type\":\"WebSite\",\"@id\":\"https:\\\/\\\/halawasugaring.com\\\/fr\\\/#website\",\"url\":\"https:\\\/\\\/halawasugaring.com\\\/fr\\\/\",\"name\":\"Les Sucres Halawa\",\"description\":\"\",\"publisher\":{\"@id\":\"https:\\\/\\\/halawasugaring.com\\\/fr\\\/#organization\"},\"potentialAction\":[{\"@type\":\"SearchAction\",\"target\":{\"@type\":\"EntryPoint\",\"urlTemplate\":\"https:\\\/\\\/halawasugaring.com\\\/fr\\\/?s={search_term_string}\"},\"query-input\":{\"@type\":\"PropertyValueSpecification\",\"valueRequired\":true,\"valueName\":\"search_term_string\"}}],\"inLanguage\":\"fr-FR\"},{\"@type\":\"Organization\",\"@id\":\"https:\\\/\\\/halawasugaring.com\\\/fr\\\/#organization\",\"name\":\"Les Sucres Halawa\",\"url\":\"https:\\\/\\\/halawasugaring.com\\\/fr\\\/\",\"logo\":{\"@type\":\"ImageObject\",\"inLanguage\":\"fr-FR\",\"@id\":\"https:\\\/\\\/halawasugaring.com\\\/fr\\\/#\\\/schema\\\/logo\\\/image\\\/\",\"url\":\"https:\\\/\\\/halawasugaring.com\\\/wp-content\\\/uploads\\\/2025\\\/09\\\/Les_Sucres_Halawa_Logo.webp\",\"contentUrl\":\"https:\\\/\\\/halawasugaring.com\\\/wp-content\\\/uploads\\\/2025\\\/09\\\/Les_Sucres_Halawa_Logo.webp\",\"width\":2414,\"height\":597,\"caption\":\"Les Sucres Halawa\"},\"image\":{\"@id\":\"https:\\\/\\\/halawasugaring.com\\\/fr\\\/#\\\/schema\\\/logo\\\/image\\\/\"}}]}<\/script>\n<!-- \/ Yoast SEO plugin. -->","yoast_head_json":{"title":"Kit complet d'\u00e9pilation \u00e0 la p\u00e2te de sucre \u00e0 faire \u00e0 la maison - Les Sucres Halawa","robots":{"index":"index","follow":"follow","max-snippet":"max-snippet:-1","max-image-preview":"max-image-preview:large","max-video-preview":"max-video-preview:-1"},"canonical":"https:\/\/halawasugaring.com\/fr\/produit\/kit-complet-depilation-a-la-pate-de-sucre-a-faire-a-la-maison\/","og_locale":"fr_FR","og_type":"article","og_title":"Kit complet d'\u00e9pilation \u00e0 la p\u00e2te de sucre \u00e0 faire \u00e0 la maison - Les Sucres Halawa","og_description":"Obtenez une \u00e9pilation de qualit\u00e9 professionnelle \u00e0 domicile avec le kit de sugaring HALAWA AT HOME. Ce kit complet comprend 4 articles essentiels pour une \u00e9pilation efficace. Profitez d'une peau lisse et sans poils gr\u00e2ce \u00e0 notre technique de sugaring facile \u00e0 utiliser. Contenu : P\u00e2te \u00e9pilatoire au sucre Halawa - 800g  100 bandes non tiss\u00e9es Spunlace  10 b\u00e2tonnets en bois  1 gant exfoliant Caract\u00e9ristiques cl\u00e9s :   Solution compl\u00e8te d'\u00e9pilation :\u00a0Comprend p\u00e2te au sucre, bandes, b\u00e2tonnets et gant exfoliant.  Technique efficace :\u00a0\u00c9limine tous les poils ind\u00e9sirables du visage et du corps.  Pratique et rapide :\u00a0Obtenez des r\u00e9sultats de qualit\u00e9 professionnelle \u00e0 domicile.  Facile \u00e0 utiliser :\u00a0Instructions simples pour une application et un processus d'\u00e9pilation en douceur.  \u00c9pilation \u00e0 domicile :\u00a0Profitez d'un service de sugaring professionnel sans quitter votre maison.  \u00c9co-responsable :\u00a0Fabriqu\u00e9 avec des ingr\u00e9dients naturels pour une solution d'\u00e9pilation saine.  Ingr\u00e9dients (INCI) : Water\/Aqua, Sugar\/Sucrose, Lemon\/Citrus Limon  Transformez votre routine d'\u00e9pilation avec le kit de sugaring HALAWA AT HOME.","og_url":"https:\/\/halawasugaring.com\/fr\/produit\/kit-complet-depilation-a-la-pate-de-sucre-a-faire-a-la-maison\/","og_site_name":"Les Sucres Halawa","article_modified_time":"2025-09-16T12:26:38+00:00","og_image":[{"width":823,"height":823,"url":"https:\/\/halawasugaring.com\/wp-content\/uploads\/2025\/09\/kit_halawa.webp","type":"image\/webp"}],"twitter_card":"summary_large_image","twitter_misc":{"Dur\u00e9e de lecture estim\u00e9e":"1 minute"},"schema":{"@context":"https:\/\/schema.org","@graph":[{"@type":"WebPage","@id":"https:\/\/halawasugaring.com\/fr\/produit\/kit-complet-depilation-a-la-pate-de-sucre-a-faire-a-la-maison\/","url":"https:\/\/halawasugaring.com\/fr\/produit\/kit-complet-depilation-a-la-pate-de-sucre-a-faire-a-la-maison\/","name":"Kit complet d'\u00e9pilation \u00e0 la p\u00e2te de sucre \u00e0 faire \u00e0 la maison - Les Sucres Halawa","isPartOf":{"@id":"https:\/\/halawasugaring.com\/fr\/#website"},"primaryImageOfPage":{"@id":"https:\/\/halawasugaring.com\/fr\/produit\/kit-complet-depilation-a-la-pate-de-sucre-a-faire-a-la-maison\/#primaryimage"},"image":{"@id":"https:\/\/halawasugaring.com\/fr\/produit\/kit-complet-depilation-a-la-pate-de-sucre-a-faire-a-la-maison\/#primaryimage"},"thumbnailUrl":"https:\/\/halawasugaring.com\/wp-content\/uploads\/2025\/09\/kit_halawa.webp","datePublished":"2025-09-13T20:28:37+00:00","dateModified":"2025-09-16T12:26:38+00:00","breadcrumb":{"@id":"https:\/\/halawasugaring.com\/fr\/produit\/kit-complet-depilation-a-la-pate-de-sucre-a-faire-a-la-maison\/#breadcrumb"},"inLanguage":"fr-FR","potentialAction":[{"@type":"ReadAction","target":["https:\/\/halawasugaring.com\/fr\/produit\/kit-complet-depilation-a-la-pate-de-sucre-a-faire-a-la-maison\/"]}]},{"@type":"ImageObject","inLanguage":"fr-FR","@id":"https:\/\/halawasugaring.com\/fr\/produit\/kit-complet-depilation-a-la-pate-de-sucre-a-faire-a-la-maison\/#primaryimage","url":"https:\/\/halawasugaring.com\/wp-content\/uploads\/2025\/09\/kit_halawa.webp","contentUrl":"https:\/\/halawasugaring.com\/wp-content\/uploads\/2025\/09\/kit_halawa.webp","width":823,"height":823},{"@type":"BreadcrumbList","@id":"https:\/\/halawasugaring.com\/fr\/produit\/kit-complet-depilation-a-la-pate-de-sucre-a-faire-a-la-maison\/#breadcrumb","itemListElement":[{"@type":"ListItem","position":1,"name":"Accueil","item":"https:\/\/halawasugaring.com\/fr\/"},{"@type":"ListItem","position":2,"name":"Boutique","item":"https:\/\/halawasugaring.com\/fr\/boutique\/"},{"@type":"ListItem","position":3,"name":"Kit complet d&#8217;\u00e9pilation \u00e0 la p\u00e2te de sucre \u00e0 faire \u00e0 la maison"}]},{"@type":"WebSite","@id":"https:\/\/halawasugaring.com\/fr\/#website","url":"https:\/\/halawasugaring.com\/fr\/","name":"Les Sucres Halawa","description":"","publisher":{"@id":"https:\/\/halawasugaring.com\/fr\/#organization"},"potentialAction":[{"@type":"SearchAction","target":{"@type":"EntryPoint","urlTemplate":"https:\/\/halawasugaring.com\/fr\/?s={search_term_string}"},"query-input":{"@type":"PropertyValueSpecification","valueRequired":true,"valueName":"search_term_string"}}],"inLanguage":"fr-FR"},{"@type":"Organization","@id":"https:\/\/halawasugaring.com\/fr\/#organization","name":"Les Sucres Halawa","url":"https:\/\/halawasugaring.com\/fr\/","logo":{"@type":"ImageObject","inLanguage":"fr-FR","@id":"https:\/\/halawasugaring.com\/fr\/#\/schema\/logo\/image\/","url":"https:\/\/halawasugaring.com\/wp-content\/uploads\/2025\/09\/Les_Sucres_Halawa_Logo.webp","contentUrl":"https:\/\/halawasugaring.com\/wp-content\/uploads\/2025\/09\/Les_Sucres_Halawa_Logo.webp","width":2414,"height":597,"caption":"Les Sucres Halawa"},"image":{"@id":"https:\/\/halawasugaring.com\/fr\/#\/schema\/logo\/image\/"}}]}},"_links":{"self":[{"href":"https:\/\/halawasugaring.com\/fr\/wp-json\/wp\/v2\/product\/1633","targetHints":{"allow":["GET"]}}],"collection":[{"href":"https:\/\/halawasugaring.com\/fr\/wp-json\/wp\/v2\/product"}],"about":[{"href":"https:\/\/halawasugaring.com\/fr\/wp-json\/wp\/v2\/types\/product"}],"replies":[{"embeddable":true,"href":"https:\/\/halawasugaring.com\/fr\/wp-json\/wp\/v2\/comments?post=1633"}],"wp:featuredmedia":[{"embeddable":true,"href":"https:\/\/halawasugaring.com\/fr\/wp-json\/wp\/v2\/media\/2136"}],"wp:attachment":[{"href":"https:\/\/halawasugaring.com\/fr\/wp-json\/wp\/v2\/media?parent=1633"}],"wp:term":[{"taxonomy":"product_brand","embeddable":true,"href":"https:\/\/halawasugaring.com\/fr\/wp-json\/wp\/v2\/product_brand?post=1633"},{"taxonomy":"product_cat","embeddable":true,"href":"https:\/\/halawasugaring.com\/fr\/wp-json\/wp\/v2\/product_cat?post=1633"},{"taxonomy":"product_tag","embeddable":true,"href":"https:\/\/halawasugaring.com\/fr\/wp-json\/wp\/v2\/product_tag?post=1633"}],"curies":[{"name":"wp","href":"https:\/\/api.w.org\/{rel}","templated":true}]}}