{"id":1628,"date":"2025-09-13T15:20:30","date_gmt":"2025-09-13T20:20:30","guid":{"rendered":"https:\/\/vlookdevsite2.com\/?post_type=product&#038;p=1628"},"modified":"2025-11-05T11:22:40","modified_gmt":"2025-11-05T15:22:40","slug":"gel-post-epilatoire","status":"publish","type":"product","link":"https:\/\/halawasugaring.com\/fr\/produit\/gel-post-epilatoire\/","title":{"rendered":"Gel post-\u00e9pilatoire"},"content":{"rendered":"","protected":false},"excerpt":{"rendered":"<p>Un m\u00e9lange d&rsquo;ingr\u00e9dients apaisants con\u00e7us pour chouchouter votre peau apr\u00e8s l&rsquo;\u00e9pilation. Que vous ayez \u00e9pil\u00e9, ras\u00e9 ou utilis\u00e9 d&rsquo;autres m\u00e9thodes d\u00e9pilatoires tel que le laser, notre gel est votre compagnon id\u00e9al pour obtenir une peau lisse et nourrie sans irritation.<\/p>\n<h3><strong>Avantages cl\u00e9s:<\/strong><\/h3>\n<p><strong>Soulagement apaisant\u00a0:<\/strong>\u00a0notre gel procure un soulagement imm\u00e9diat, calmant la peau et minimisant les rougeurs et les irritations souvent associ\u00e9es \u00e0 l&rsquo;\u00e9pilation.<\/p>\n<p><strong>Hydratation\u00a0<\/strong>: infus\u00e9 d&rsquo;Aloe Vera, il hydrate la peau en profondeur, la laissant douce, souple et revitalis\u00e9e.<\/p>\n<p><strong>Propri\u00e9t\u00e9s anti-inflammatoires<\/strong>\u00a0: formul\u00e9 pour r\u00e9duire l&rsquo;enflure et l&rsquo;inconfort, favorisant une exp\u00e9rience post-\u00e9pilation plus confortable.<\/p>\n<p>Propri\u00e9t\u00e9s reg\u00e9n\u00e9rantes et anti-oxydantes gr\u00e2ce \u00e0 la baie de sureau.<\/p>\n<p><strong>Pour agr\u00e9menter l\u2019exp\u00e9rience olfactive<\/strong>\u00a0: une l\u00e9g\u00e8re fragrance de pomme verte \u00e0 \u00e9t\u00e9 ajout\u00e9.<\/p>\n<p><strong>Pour usage externe uniquement.<\/strong><\/p>\n","protected":false},"featured_media":1629,"comment_status":"open","ping_status":"closed","template":"","meta":{"site-sidebar-layout":"default","site-content-layout":"","ast-site-content-layout":"default","site-content-style":"default","site-sidebar-style":"default","ast-global-header-display":"","ast-banner-title-visibility":"","ast-main-header-display":"","ast-hfb-above-header-display":"","ast-hfb-below-header-display":"","ast-hfb-mobile-header-display":"","site-post-title":"","ast-breadcrumbs-content":"","ast-featured-img":"","footer-sml-layout":"","theme-transparent-header-meta":"default","adv-header-id-meta":"","stick-header-meta":"","header-above-stick-meta":"","header-main-stick-meta":"","header-below-stick-meta":"","astra-migrate-meta-layouts":"set","ast-page-background-enabled":"default","ast-page-background-meta":{"desktop":{"background-color":"var(--ast-global-color-4)","background-image":"","background-repeat":"repeat","background-position":"center center","background-size":"auto","background-attachment":"scroll","background-type":"","background-media":"","overlay-type":"","overlay-color":"","overlay-opacity":"","overlay-gradient":""},"tablet":{"background-color":"","background-image":"","background-repeat":"repeat","background-position":"center center","background-size":"auto","background-attachment":"scroll","background-type":"","background-media":"","overlay-type":"","overlay-color":"","overlay-opacity":"","overlay-gradient":""},"mobile":{"background-color":"","background-image":"","background-repeat":"repeat","background-position":"center center","background-size":"auto","background-attachment":"scroll","background-type":"","background-media":"","overlay-type":"","overlay-color":"","overlay-opacity":"","overlay-gradient":""}},"ast-content-background-meta":{"desktop":{"background-color":"var(--ast-global-color-5)","background-image":"","background-repeat":"repeat","background-position":"center center","background-size":"auto","background-attachment":"scroll","background-type":"","background-media":"","overlay-type":"","overlay-color":"","overlay-opacity":"","overlay-gradient":""},"tablet":{"background-color":"var(--ast-global-color-5)","background-image":"","background-repeat":"repeat","background-position":"center center","background-size":"auto","background-attachment":"scroll","background-type":"","background-media":"","overlay-type":"","overlay-color":"","overlay-opacity":"","overlay-gradient":""},"mobile":{"background-color":"var(--ast-global-color-5)","background-image":"","background-repeat":"repeat","background-position":"center center","background-size":"auto","background-attachment":"scroll","background-type":"","background-media":"","overlay-type":"","overlay-color":"","overlay-opacity":"","overlay-gradient":""}}},"product_brand":[],"product_cat":[27],"product_tag":[],"class_list":{"0":"post-1628","1":"product","2":"type-product","3":"status-publish","4":"has-post-thumbnail","6":"product_cat-halawa-a-la-maison","7":"desktop-align-left","8":"tablet-align-left","9":"mobile-align-left","10":"ast-product-gallery-layout-vertical-slider","11":"ast-product-gallery-with-no-image","12":"ast-qv-on-image","14":"first","15":"instock","16":"taxable","17":"shipping-taxable","18":"purchasable","19":"product-type-simple"},"yoast_head":"<!-- This site is optimized with the Yoast SEO plugin v27.4 - https:\/\/yoast.com\/product\/yoast-seo-wordpress\/ -->\n<title>Gel post-\u00e9pilatoire - Les Sucres Halawa<\/title>\n<meta name=\"robots\" content=\"index, follow, max-snippet:-1, max-image-preview:large, max-video-preview:-1\" \/>\n<link rel=\"canonical\" href=\"https:\/\/halawasugaring.com\/fr\/produit\/gel-post-epilatoire\/\" \/>\n<meta property=\"og:locale\" content=\"fr_FR\" \/>\n<meta property=\"og:type\" content=\"article\" \/>\n<meta property=\"og:title\" content=\"Gel post-\u00e9pilatoire - Les Sucres Halawa\" \/>\n<meta property=\"og:description\" content=\"Un m\u00e9lange d&#039;ingr\u00e9dients apaisants con\u00e7us pour chouchouter votre peau apr\u00e8s l&#039;\u00e9pilation. Que vous ayez \u00e9pil\u00e9, ras\u00e9 ou utilis\u00e9 d&#039;autres m\u00e9thodes d\u00e9pilatoires tel que le laser, notre gel est votre compagnon id\u00e9al pour obtenir une peau lisse et nourrie sans irritation. Avantages cl\u00e9s: Soulagement apaisant\u00a0:\u00a0notre gel procure un soulagement imm\u00e9diat, calmant la peau et minimisant les rougeurs et les irritations souvent associ\u00e9es \u00e0 l&#039;\u00e9pilation.  Hydratation\u00a0: infus\u00e9 d&#039;Aloe Vera, il hydrate la peau en profondeur, la laissant douce, souple et revitalis\u00e9e.  Propri\u00e9t\u00e9s anti-inflammatoires\u00a0: formul\u00e9 pour r\u00e9duire l&#039;enflure et l&#039;inconfort, favorisant une exp\u00e9rience post-\u00e9pilation plus confortable.  Propri\u00e9t\u00e9s reg\u00e9n\u00e9rantes et anti-oxydantes gr\u00e2ce \u00e0 la baie de sureau.  Pour agr\u00e9menter l\u2019exp\u00e9rience olfactive\u00a0: une l\u00e9g\u00e8re fragrance de pomme verte \u00e0 \u00e9t\u00e9 ajout\u00e9.  Pour usage externe uniquement.\" \/>\n<meta property=\"og:url\" content=\"https:\/\/halawasugaring.com\/fr\/produit\/gel-post-epilatoire\/\" \/>\n<meta property=\"og:site_name\" content=\"Les Sucres Halawa\" \/>\n<meta property=\"article:modified_time\" content=\"2025-11-05T15:22:40+00:00\" \/>\n<meta property=\"og:image\" content=\"https:\/\/halawasugaring.com\/wp-content\/uploads\/2025\/09\/Post-EpilatoryGelSmall_1b570b37-4cde-4d31-9d95-9a1b73a6d520.webp\" \/>\n\t<meta property=\"og:image:width\" content=\"823\" \/>\n\t<meta property=\"og:image:height\" content=\"823\" \/>\n\t<meta property=\"og:image:type\" content=\"image\/webp\" \/>\n<meta name=\"twitter:card\" content=\"summary_large_image\" \/>\n<meta name=\"twitter:label1\" content=\"Dur\u00e9e de lecture estim\u00e9e\" \/>\n\t<meta name=\"twitter:data1\" content=\"1 minute\" \/>\n<script type=\"application\/ld+json\" class=\"yoast-schema-graph\">{\"@context\":\"https:\\\/\\\/schema.org\",\"@graph\":[{\"@type\":\"WebPage\",\"@id\":\"https:\\\/\\\/halawasugaring.com\\\/fr\\\/produit\\\/gel-post-epilatoire\\\/\",\"url\":\"https:\\\/\\\/halawasugaring.com\\\/fr\\\/produit\\\/gel-post-epilatoire\\\/\",\"name\":\"Gel post-\u00e9pilatoire - Les Sucres Halawa\",\"isPartOf\":{\"@id\":\"https:\\\/\\\/halawasugaring.com\\\/fr\\\/#website\"},\"primaryImageOfPage\":{\"@id\":\"https:\\\/\\\/halawasugaring.com\\\/fr\\\/produit\\\/gel-post-epilatoire\\\/#primaryimage\"},\"image\":{\"@id\":\"https:\\\/\\\/halawasugaring.com\\\/fr\\\/produit\\\/gel-post-epilatoire\\\/#primaryimage\"},\"thumbnailUrl\":\"https:\\\/\\\/halawasugaring.com\\\/wp-content\\\/uploads\\\/2025\\\/09\\\/Post-EpilatoryGelSmall_1b570b37-4cde-4d31-9d95-9a1b73a6d520.webp\",\"datePublished\":\"2025-09-13T20:20:30+00:00\",\"dateModified\":\"2025-11-05T15:22:40+00:00\",\"breadcrumb\":{\"@id\":\"https:\\\/\\\/halawasugaring.com\\\/fr\\\/produit\\\/gel-post-epilatoire\\\/#breadcrumb\"},\"inLanguage\":\"fr-FR\",\"potentialAction\":[{\"@type\":\"ReadAction\",\"target\":[\"https:\\\/\\\/halawasugaring.com\\\/fr\\\/produit\\\/gel-post-epilatoire\\\/\"]}]},{\"@type\":\"ImageObject\",\"inLanguage\":\"fr-FR\",\"@id\":\"https:\\\/\\\/halawasugaring.com\\\/fr\\\/produit\\\/gel-post-epilatoire\\\/#primaryimage\",\"url\":\"https:\\\/\\\/halawasugaring.com\\\/wp-content\\\/uploads\\\/2025\\\/09\\\/Post-EpilatoryGelSmall_1b570b37-4cde-4d31-9d95-9a1b73a6d520.webp\",\"contentUrl\":\"https:\\\/\\\/halawasugaring.com\\\/wp-content\\\/uploads\\\/2025\\\/09\\\/Post-EpilatoryGelSmall_1b570b37-4cde-4d31-9d95-9a1b73a6d520.webp\",\"width\":823,\"height\":823},{\"@type\":\"BreadcrumbList\",\"@id\":\"https:\\\/\\\/halawasugaring.com\\\/fr\\\/produit\\\/gel-post-epilatoire\\\/#breadcrumb\",\"itemListElement\":[{\"@type\":\"ListItem\",\"position\":1,\"name\":\"Accueil\",\"item\":\"https:\\\/\\\/halawasugaring.com\\\/fr\\\/\"},{\"@type\":\"ListItem\",\"position\":2,\"name\":\"Boutique\",\"item\":\"https:\\\/\\\/halawasugaring.com\\\/fr\\\/boutique\\\/\"},{\"@type\":\"ListItem\",\"position\":3,\"name\":\"Gel post-\u00e9pilatoire\"}]},{\"@type\":\"WebSite\",\"@id\":\"https:\\\/\\\/halawasugaring.com\\\/fr\\\/#website\",\"url\":\"https:\\\/\\\/halawasugaring.com\\\/fr\\\/\",\"name\":\"Les Sucres Halawa\",\"description\":\"\",\"publisher\":{\"@id\":\"https:\\\/\\\/halawasugaring.com\\\/fr\\\/#organization\"},\"potentialAction\":[{\"@type\":\"SearchAction\",\"target\":{\"@type\":\"EntryPoint\",\"urlTemplate\":\"https:\\\/\\\/halawasugaring.com\\\/fr\\\/?s={search_term_string}\"},\"query-input\":{\"@type\":\"PropertyValueSpecification\",\"valueRequired\":true,\"valueName\":\"search_term_string\"}}],\"inLanguage\":\"fr-FR\"},{\"@type\":\"Organization\",\"@id\":\"https:\\\/\\\/halawasugaring.com\\\/fr\\\/#organization\",\"name\":\"Les Sucres Halawa\",\"url\":\"https:\\\/\\\/halawasugaring.com\\\/fr\\\/\",\"logo\":{\"@type\":\"ImageObject\",\"inLanguage\":\"fr-FR\",\"@id\":\"https:\\\/\\\/halawasugaring.com\\\/fr\\\/#\\\/schema\\\/logo\\\/image\\\/\",\"url\":\"https:\\\/\\\/halawasugaring.com\\\/wp-content\\\/uploads\\\/2025\\\/09\\\/Les_Sucres_Halawa_Logo.webp\",\"contentUrl\":\"https:\\\/\\\/halawasugaring.com\\\/wp-content\\\/uploads\\\/2025\\\/09\\\/Les_Sucres_Halawa_Logo.webp\",\"width\":2414,\"height\":597,\"caption\":\"Les Sucres Halawa\"},\"image\":{\"@id\":\"https:\\\/\\\/halawasugaring.com\\\/fr\\\/#\\\/schema\\\/logo\\\/image\\\/\"}}]}<\/script>\n<!-- \/ Yoast SEO plugin. -->","yoast_head_json":{"title":"Gel post-\u00e9pilatoire - Les Sucres Halawa","robots":{"index":"index","follow":"follow","max-snippet":"max-snippet:-1","max-image-preview":"max-image-preview:large","max-video-preview":"max-video-preview:-1"},"canonical":"https:\/\/halawasugaring.com\/fr\/produit\/gel-post-epilatoire\/","og_locale":"fr_FR","og_type":"article","og_title":"Gel post-\u00e9pilatoire - Les Sucres Halawa","og_description":"Un m\u00e9lange d'ingr\u00e9dients apaisants con\u00e7us pour chouchouter votre peau apr\u00e8s l'\u00e9pilation. Que vous ayez \u00e9pil\u00e9, ras\u00e9 ou utilis\u00e9 d'autres m\u00e9thodes d\u00e9pilatoires tel que le laser, notre gel est votre compagnon id\u00e9al pour obtenir une peau lisse et nourrie sans irritation. Avantages cl\u00e9s: Soulagement apaisant\u00a0:\u00a0notre gel procure un soulagement imm\u00e9diat, calmant la peau et minimisant les rougeurs et les irritations souvent associ\u00e9es \u00e0 l'\u00e9pilation.  Hydratation\u00a0: infus\u00e9 d'Aloe Vera, il hydrate la peau en profondeur, la laissant douce, souple et revitalis\u00e9e.  Propri\u00e9t\u00e9s anti-inflammatoires\u00a0: formul\u00e9 pour r\u00e9duire l'enflure et l'inconfort, favorisant une exp\u00e9rience post-\u00e9pilation plus confortable.  Propri\u00e9t\u00e9s reg\u00e9n\u00e9rantes et anti-oxydantes gr\u00e2ce \u00e0 la baie de sureau.  Pour agr\u00e9menter l\u2019exp\u00e9rience olfactive\u00a0: une l\u00e9g\u00e8re fragrance de pomme verte \u00e0 \u00e9t\u00e9 ajout\u00e9.  Pour usage externe uniquement.","og_url":"https:\/\/halawasugaring.com\/fr\/produit\/gel-post-epilatoire\/","og_site_name":"Les Sucres Halawa","article_modified_time":"2025-11-05T15:22:40+00:00","og_image":[{"width":823,"height":823,"url":"https:\/\/halawasugaring.com\/wp-content\/uploads\/2025\/09\/Post-EpilatoryGelSmall_1b570b37-4cde-4d31-9d95-9a1b73a6d520.webp","type":"image\/webp"}],"twitter_card":"summary_large_image","twitter_misc":{"Dur\u00e9e de lecture estim\u00e9e":"1 minute"},"schema":{"@context":"https:\/\/schema.org","@graph":[{"@type":"WebPage","@id":"https:\/\/halawasugaring.com\/fr\/produit\/gel-post-epilatoire\/","url":"https:\/\/halawasugaring.com\/fr\/produit\/gel-post-epilatoire\/","name":"Gel post-\u00e9pilatoire - Les Sucres Halawa","isPartOf":{"@id":"https:\/\/halawasugaring.com\/fr\/#website"},"primaryImageOfPage":{"@id":"https:\/\/halawasugaring.com\/fr\/produit\/gel-post-epilatoire\/#primaryimage"},"image":{"@id":"https:\/\/halawasugaring.com\/fr\/produit\/gel-post-epilatoire\/#primaryimage"},"thumbnailUrl":"https:\/\/halawasugaring.com\/wp-content\/uploads\/2025\/09\/Post-EpilatoryGelSmall_1b570b37-4cde-4d31-9d95-9a1b73a6d520.webp","datePublished":"2025-09-13T20:20:30+00:00","dateModified":"2025-11-05T15:22:40+00:00","breadcrumb":{"@id":"https:\/\/halawasugaring.com\/fr\/produit\/gel-post-epilatoire\/#breadcrumb"},"inLanguage":"fr-FR","potentialAction":[{"@type":"ReadAction","target":["https:\/\/halawasugaring.com\/fr\/produit\/gel-post-epilatoire\/"]}]},{"@type":"ImageObject","inLanguage":"fr-FR","@id":"https:\/\/halawasugaring.com\/fr\/produit\/gel-post-epilatoire\/#primaryimage","url":"https:\/\/halawasugaring.com\/wp-content\/uploads\/2025\/09\/Post-EpilatoryGelSmall_1b570b37-4cde-4d31-9d95-9a1b73a6d520.webp","contentUrl":"https:\/\/halawasugaring.com\/wp-content\/uploads\/2025\/09\/Post-EpilatoryGelSmall_1b570b37-4cde-4d31-9d95-9a1b73a6d520.webp","width":823,"height":823},{"@type":"BreadcrumbList","@id":"https:\/\/halawasugaring.com\/fr\/produit\/gel-post-epilatoire\/#breadcrumb","itemListElement":[{"@type":"ListItem","position":1,"name":"Accueil","item":"https:\/\/halawasugaring.com\/fr\/"},{"@type":"ListItem","position":2,"name":"Boutique","item":"https:\/\/halawasugaring.com\/fr\/boutique\/"},{"@type":"ListItem","position":3,"name":"Gel post-\u00e9pilatoire"}]},{"@type":"WebSite","@id":"https:\/\/halawasugaring.com\/fr\/#website","url":"https:\/\/halawasugaring.com\/fr\/","name":"Les Sucres Halawa","description":"","publisher":{"@id":"https:\/\/halawasugaring.com\/fr\/#organization"},"potentialAction":[{"@type":"SearchAction","target":{"@type":"EntryPoint","urlTemplate":"https:\/\/halawasugaring.com\/fr\/?s={search_term_string}"},"query-input":{"@type":"PropertyValueSpecification","valueRequired":true,"valueName":"search_term_string"}}],"inLanguage":"fr-FR"},{"@type":"Organization","@id":"https:\/\/halawasugaring.com\/fr\/#organization","name":"Les Sucres Halawa","url":"https:\/\/halawasugaring.com\/fr\/","logo":{"@type":"ImageObject","inLanguage":"fr-FR","@id":"https:\/\/halawasugaring.com\/fr\/#\/schema\/logo\/image\/","url":"https:\/\/halawasugaring.com\/wp-content\/uploads\/2025\/09\/Les_Sucres_Halawa_Logo.webp","contentUrl":"https:\/\/halawasugaring.com\/wp-content\/uploads\/2025\/09\/Les_Sucres_Halawa_Logo.webp","width":2414,"height":597,"caption":"Les Sucres Halawa"},"image":{"@id":"https:\/\/halawasugaring.com\/fr\/#\/schema\/logo\/image\/"}}]}},"_links":{"self":[{"href":"https:\/\/halawasugaring.com\/fr\/wp-json\/wp\/v2\/product\/1628","targetHints":{"allow":["GET"]}}],"collection":[{"href":"https:\/\/halawasugaring.com\/fr\/wp-json\/wp\/v2\/product"}],"about":[{"href":"https:\/\/halawasugaring.com\/fr\/wp-json\/wp\/v2\/types\/product"}],"replies":[{"embeddable":true,"href":"https:\/\/halawasugaring.com\/fr\/wp-json\/wp\/v2\/comments?post=1628"}],"wp:featuredmedia":[{"embeddable":true,"href":"https:\/\/halawasugaring.com\/fr\/wp-json\/wp\/v2\/media\/1629"}],"wp:attachment":[{"href":"https:\/\/halawasugaring.com\/fr\/wp-json\/wp\/v2\/media?parent=1628"}],"wp:term":[{"taxonomy":"product_brand","embeddable":true,"href":"https:\/\/halawasugaring.com\/fr\/wp-json\/wp\/v2\/product_brand?post=1628"},{"taxonomy":"product_cat","embeddable":true,"href":"https:\/\/halawasugaring.com\/fr\/wp-json\/wp\/v2\/product_cat?post=1628"},{"taxonomy":"product_tag","embeddable":true,"href":"https:\/\/halawasugaring.com\/fr\/wp-json\/wp\/v2\/product_tag?post=1628"}],"curies":[{"name":"wp","href":"https:\/\/api.w.org\/{rel}","templated":true}]}}