{"id":1618,"date":"2025-09-13T14:55:41","date_gmt":"2025-09-13T19:55:41","guid":{"rendered":"https:\/\/vlookdevsite2.com\/?post_type=product&#038;p=1618"},"modified":"2025-09-15T13:51:18","modified_gmt":"2025-09-15T18:51:18","slug":"bandelettes-depilation-en-pelon-predecoupees-100-unites","status":"publish","type":"product","link":"https:\/\/halawasugaring.com\/fr\/produit\/bandelettes-depilation-en-pelon-predecoupees-100-unites\/","title":{"rendered":"Bandelettes d\u2019\u00e9pilation en pelon pr\u00e9d\u00e9coup\u00e9es (100 unit\u00e9s)"},"content":{"rendered":"","protected":false},"excerpt":{"rendered":"<p>Ces bandes offrent une adh\u00e9rence sup\u00e9rieure sur les poils ind\u00e9sirables, garantissant un processus d&rsquo;\u00e9limination propre et efficace. Le mat\u00e9riel doux et flexible \u00e9pouse les contours de votre corps, ce qui le rend parfait pour une utilisation sur diverses zones, notamment les jambes, les bras et les r\u00e9gions d\u00e9licates du visage.<\/p>\n<p><strong>Qualit\u00e9 sup\u00e9rieure :<\/strong>\u00a0fabriqu\u00e9 \u00e0 partir de tissu non tiss\u00e9 spunlace durable pour une performance robuste et fiable.<\/p>\n<p><strong>Application sans effort :<\/strong>\u00a0le mat\u00e9riel flexible \u00e9pouse les courbes du corps, assurant un contact maximal pour une \u00e9pilation efficace.<\/p>\n<p><strong>Utilisation polyvalente :<\/strong>\u00a0convient aux jambes, aux bras et aux zones du visage, offrant une solution compl\u00e8te pour vos besoins d&rsquo;\u00e9pilation.<\/p>\n<h3><strong>Sp\u00e9cifications\u00a0:<\/strong><\/h3>\n<ul>\n<li>100 Pi\u00e8ces<\/li>\n<li>100% Polyester<\/li>\n<li>Dimension : 7,5 x 23 cm<\/li>\n<\/ul>\n","protected":false},"featured_media":2109,"comment_status":"open","ping_status":"closed","template":"","meta":{"site-sidebar-layout":"default","site-content-layout":"","ast-site-content-layout":"default","site-content-style":"default","site-sidebar-style":"default","ast-global-header-display":"","ast-banner-title-visibility":"","ast-main-header-display":"","ast-hfb-above-header-display":"","ast-hfb-below-header-display":"","ast-hfb-mobile-header-display":"","site-post-title":"","ast-breadcrumbs-content":"","ast-featured-img":"","footer-sml-layout":"","theme-transparent-header-meta":"default","adv-header-id-meta":"","stick-header-meta":"","header-above-stick-meta":"","header-main-stick-meta":"","header-below-stick-meta":"","astra-migrate-meta-layouts":"set","ast-page-background-enabled":"default","ast-page-background-meta":{"desktop":{"background-color":"var(--ast-global-color-4)","background-image":"","background-repeat":"repeat","background-position":"center center","background-size":"auto","background-attachment":"scroll","background-type":"","background-media":"","overlay-type":"","overlay-color":"","overlay-opacity":"","overlay-gradient":""},"tablet":{"background-color":"","background-image":"","background-repeat":"repeat","background-position":"center center","background-size":"auto","background-attachment":"scroll","background-type":"","background-media":"","overlay-type":"","overlay-color":"","overlay-opacity":"","overlay-gradient":""},"mobile":{"background-color":"","background-image":"","background-repeat":"repeat","background-position":"center center","background-size":"auto","background-attachment":"scroll","background-type":"","background-media":"","overlay-type":"","overlay-color":"","overlay-opacity":"","overlay-gradient":""}},"ast-content-background-meta":{"desktop":{"background-color":"var(--ast-global-color-5)","background-image":"","background-repeat":"repeat","background-position":"center center","background-size":"auto","background-attachment":"scroll","background-type":"","background-media":"","overlay-type":"","overlay-color":"","overlay-opacity":"","overlay-gradient":""},"tablet":{"background-color":"var(--ast-global-color-5)","background-image":"","background-repeat":"repeat","background-position":"center center","background-size":"auto","background-attachment":"scroll","background-type":"","background-media":"","overlay-type":"","overlay-color":"","overlay-opacity":"","overlay-gradient":""},"mobile":{"background-color":"var(--ast-global-color-5)","background-image":"","background-repeat":"repeat","background-position":"center center","background-size":"auto","background-attachment":"scroll","background-type":"","background-media":"","overlay-type":"","overlay-color":"","overlay-opacity":"","overlay-gradient":""}}},"product_brand":[],"product_cat":[27],"product_tag":[],"class_list":{"0":"post-1618","1":"product","2":"type-product","3":"status-publish","4":"has-post-thumbnail","6":"product_cat-halawa-a-la-maison","7":"desktop-align-left","8":"tablet-align-left","9":"mobile-align-left","10":"ast-product-gallery-layout-vertical-slider","11":"ast-qv-on-image","13":"first","14":"instock","15":"taxable","16":"shipping-taxable","17":"purchasable","18":"product-type-simple"},"yoast_head":"<!-- This site is optimized with the Yoast SEO plugin v27.4 - https:\/\/yoast.com\/product\/yoast-seo-wordpress\/ -->\n<title>Bandelettes d\u2019\u00e9pilation en pelon pr\u00e9d\u00e9coup\u00e9es (100 unit\u00e9s) - Les Sucres Halawa<\/title>\n<meta name=\"robots\" content=\"index, follow, max-snippet:-1, max-image-preview:large, max-video-preview:-1\" \/>\n<link rel=\"canonical\" href=\"https:\/\/halawasugaring.com\/fr\/produit\/bandelettes-depilation-en-pelon-predecoupees-100-unites\/\" \/>\n<meta property=\"og:locale\" content=\"fr_FR\" \/>\n<meta property=\"og:type\" content=\"article\" \/>\n<meta property=\"og:title\" content=\"Bandelettes d\u2019\u00e9pilation en pelon pr\u00e9d\u00e9coup\u00e9es (100 unit\u00e9s) - Les Sucres Halawa\" \/>\n<meta property=\"og:description\" content=\"Ces bandes offrent une adh\u00e9rence sup\u00e9rieure sur les poils ind\u00e9sirables, garantissant un processus d&#039;\u00e9limination propre et efficace. Le mat\u00e9riel doux et flexible \u00e9pouse les contours de votre corps, ce qui le rend parfait pour une utilisation sur diverses zones, notamment les jambes, les bras et les r\u00e9gions d\u00e9licates du visage.  Qualit\u00e9 sup\u00e9rieure :\u00a0fabriqu\u00e9 \u00e0 partir de tissu non tiss\u00e9 spunlace durable pour une performance robuste et fiable.  Application sans effort :\u00a0le mat\u00e9riel flexible \u00e9pouse les courbes du corps, assurant un contact maximal pour une \u00e9pilation efficace.  Utilisation polyvalente :\u00a0convient aux jambes, aux bras et aux zones du visage, offrant une solution compl\u00e8te pour vos besoins d&#039;\u00e9pilation. Sp\u00e9cifications\u00a0:   100 Pi\u00e8ces  100% Polyester  Dimension : 7,5 x 23 cm\" \/>\n<meta property=\"og:url\" content=\"https:\/\/halawasugaring.com\/fr\/produit\/bandelettes-depilation-en-pelon-predecoupees-100-unites\/\" \/>\n<meta property=\"og:site_name\" content=\"Les Sucres Halawa\" \/>\n<meta property=\"article:modified_time\" content=\"2025-09-15T18:51:18+00:00\" \/>\n<meta property=\"og:image\" content=\"https:\/\/halawasugaring.com\/wp-content\/uploads\/2025\/09\/bande-epilatoire.webp\" \/>\n\t<meta property=\"og:image:width\" content=\"823\" \/>\n\t<meta property=\"og:image:height\" content=\"823\" \/>\n\t<meta property=\"og:image:type\" content=\"image\/webp\" \/>\n<meta name=\"twitter:card\" content=\"summary_large_image\" \/>\n<meta name=\"twitter:label1\" content=\"Dur\u00e9e de lecture estim\u00e9e\" \/>\n\t<meta name=\"twitter:data1\" content=\"1 minute\" \/>\n<script type=\"application\/ld+json\" class=\"yoast-schema-graph\">{\"@context\":\"https:\\\/\\\/schema.org\",\"@graph\":[{\"@type\":\"WebPage\",\"@id\":\"https:\\\/\\\/halawasugaring.com\\\/fr\\\/produit\\\/bandelettes-depilation-en-pelon-predecoupees-100-unites\\\/\",\"url\":\"https:\\\/\\\/halawasugaring.com\\\/fr\\\/produit\\\/bandelettes-depilation-en-pelon-predecoupees-100-unites\\\/\",\"name\":\"Bandelettes d\u2019\u00e9pilation en pelon pr\u00e9d\u00e9coup\u00e9es (100 unit\u00e9s) - Les Sucres Halawa\",\"isPartOf\":{\"@id\":\"https:\\\/\\\/halawasugaring.com\\\/fr\\\/#website\"},\"primaryImageOfPage\":{\"@id\":\"https:\\\/\\\/halawasugaring.com\\\/fr\\\/produit\\\/bandelettes-depilation-en-pelon-predecoupees-100-unites\\\/#primaryimage\"},\"image\":{\"@id\":\"https:\\\/\\\/halawasugaring.com\\\/fr\\\/produit\\\/bandelettes-depilation-en-pelon-predecoupees-100-unites\\\/#primaryimage\"},\"thumbnailUrl\":\"https:\\\/\\\/halawasugaring.com\\\/wp-content\\\/uploads\\\/2025\\\/09\\\/bande-epilatoire.webp\",\"datePublished\":\"2025-09-13T19:55:41+00:00\",\"dateModified\":\"2025-09-15T18:51:18+00:00\",\"breadcrumb\":{\"@id\":\"https:\\\/\\\/halawasugaring.com\\\/fr\\\/produit\\\/bandelettes-depilation-en-pelon-predecoupees-100-unites\\\/#breadcrumb\"},\"inLanguage\":\"fr-FR\",\"potentialAction\":[{\"@type\":\"ReadAction\",\"target\":[\"https:\\\/\\\/halawasugaring.com\\\/fr\\\/produit\\\/bandelettes-depilation-en-pelon-predecoupees-100-unites\\\/\"]}]},{\"@type\":\"ImageObject\",\"inLanguage\":\"fr-FR\",\"@id\":\"https:\\\/\\\/halawasugaring.com\\\/fr\\\/produit\\\/bandelettes-depilation-en-pelon-predecoupees-100-unites\\\/#primaryimage\",\"url\":\"https:\\\/\\\/halawasugaring.com\\\/wp-content\\\/uploads\\\/2025\\\/09\\\/bande-epilatoire.webp\",\"contentUrl\":\"https:\\\/\\\/halawasugaring.com\\\/wp-content\\\/uploads\\\/2025\\\/09\\\/bande-epilatoire.webp\",\"width\":823,\"height\":823,\"caption\":\"Bande \u00e9pilatoire\"},{\"@type\":\"BreadcrumbList\",\"@id\":\"https:\\\/\\\/halawasugaring.com\\\/fr\\\/produit\\\/bandelettes-depilation-en-pelon-predecoupees-100-unites\\\/#breadcrumb\",\"itemListElement\":[{\"@type\":\"ListItem\",\"position\":1,\"name\":\"Accueil\",\"item\":\"https:\\\/\\\/halawasugaring.com\\\/fr\\\/\"},{\"@type\":\"ListItem\",\"position\":2,\"name\":\"Boutique\",\"item\":\"https:\\\/\\\/halawasugaring.com\\\/fr\\\/boutique\\\/\"},{\"@type\":\"ListItem\",\"position\":3,\"name\":\"Bandelettes d\u2019\u00e9pilation en pelon pr\u00e9d\u00e9coup\u00e9es (100 unit\u00e9s)\"}]},{\"@type\":\"WebSite\",\"@id\":\"https:\\\/\\\/halawasugaring.com\\\/fr\\\/#website\",\"url\":\"https:\\\/\\\/halawasugaring.com\\\/fr\\\/\",\"name\":\"Les Sucres Halawa\",\"description\":\"\",\"publisher\":{\"@id\":\"https:\\\/\\\/halawasugaring.com\\\/fr\\\/#organization\"},\"potentialAction\":[{\"@type\":\"SearchAction\",\"target\":{\"@type\":\"EntryPoint\",\"urlTemplate\":\"https:\\\/\\\/halawasugaring.com\\\/fr\\\/?s={search_term_string}\"},\"query-input\":{\"@type\":\"PropertyValueSpecification\",\"valueRequired\":true,\"valueName\":\"search_term_string\"}}],\"inLanguage\":\"fr-FR\"},{\"@type\":\"Organization\",\"@id\":\"https:\\\/\\\/halawasugaring.com\\\/fr\\\/#organization\",\"name\":\"Les Sucres Halawa\",\"url\":\"https:\\\/\\\/halawasugaring.com\\\/fr\\\/\",\"logo\":{\"@type\":\"ImageObject\",\"inLanguage\":\"fr-FR\",\"@id\":\"https:\\\/\\\/halawasugaring.com\\\/fr\\\/#\\\/schema\\\/logo\\\/image\\\/\",\"url\":\"https:\\\/\\\/halawasugaring.com\\\/wp-content\\\/uploads\\\/2025\\\/09\\\/Les_Sucres_Halawa_Logo.webp\",\"contentUrl\":\"https:\\\/\\\/halawasugaring.com\\\/wp-content\\\/uploads\\\/2025\\\/09\\\/Les_Sucres_Halawa_Logo.webp\",\"width\":2414,\"height\":597,\"caption\":\"Les Sucres Halawa\"},\"image\":{\"@id\":\"https:\\\/\\\/halawasugaring.com\\\/fr\\\/#\\\/schema\\\/logo\\\/image\\\/\"}}]}<\/script>\n<!-- \/ Yoast SEO plugin. -->","yoast_head_json":{"title":"Bandelettes d\u2019\u00e9pilation en pelon pr\u00e9d\u00e9coup\u00e9es (100 unit\u00e9s) - Les Sucres Halawa","robots":{"index":"index","follow":"follow","max-snippet":"max-snippet:-1","max-image-preview":"max-image-preview:large","max-video-preview":"max-video-preview:-1"},"canonical":"https:\/\/halawasugaring.com\/fr\/produit\/bandelettes-depilation-en-pelon-predecoupees-100-unites\/","og_locale":"fr_FR","og_type":"article","og_title":"Bandelettes d\u2019\u00e9pilation en pelon pr\u00e9d\u00e9coup\u00e9es (100 unit\u00e9s) - Les Sucres Halawa","og_description":"Ces bandes offrent une adh\u00e9rence sup\u00e9rieure sur les poils ind\u00e9sirables, garantissant un processus d'\u00e9limination propre et efficace. Le mat\u00e9riel doux et flexible \u00e9pouse les contours de votre corps, ce qui le rend parfait pour une utilisation sur diverses zones, notamment les jambes, les bras et les r\u00e9gions d\u00e9licates du visage.  Qualit\u00e9 sup\u00e9rieure :\u00a0fabriqu\u00e9 \u00e0 partir de tissu non tiss\u00e9 spunlace durable pour une performance robuste et fiable.  Application sans effort :\u00a0le mat\u00e9riel flexible \u00e9pouse les courbes du corps, assurant un contact maximal pour une \u00e9pilation efficace.  Utilisation polyvalente :\u00a0convient aux jambes, aux bras et aux zones du visage, offrant une solution compl\u00e8te pour vos besoins d'\u00e9pilation. Sp\u00e9cifications\u00a0:   100 Pi\u00e8ces  100% Polyester  Dimension : 7,5 x 23 cm","og_url":"https:\/\/halawasugaring.com\/fr\/produit\/bandelettes-depilation-en-pelon-predecoupees-100-unites\/","og_site_name":"Les Sucres Halawa","article_modified_time":"2025-09-15T18:51:18+00:00","og_image":[{"width":823,"height":823,"url":"https:\/\/halawasugaring.com\/wp-content\/uploads\/2025\/09\/bande-epilatoire.webp","type":"image\/webp"}],"twitter_card":"summary_large_image","twitter_misc":{"Dur\u00e9e de lecture estim\u00e9e":"1 minute"},"schema":{"@context":"https:\/\/schema.org","@graph":[{"@type":"WebPage","@id":"https:\/\/halawasugaring.com\/fr\/produit\/bandelettes-depilation-en-pelon-predecoupees-100-unites\/","url":"https:\/\/halawasugaring.com\/fr\/produit\/bandelettes-depilation-en-pelon-predecoupees-100-unites\/","name":"Bandelettes d\u2019\u00e9pilation en pelon pr\u00e9d\u00e9coup\u00e9es (100 unit\u00e9s) - Les Sucres Halawa","isPartOf":{"@id":"https:\/\/halawasugaring.com\/fr\/#website"},"primaryImageOfPage":{"@id":"https:\/\/halawasugaring.com\/fr\/produit\/bandelettes-depilation-en-pelon-predecoupees-100-unites\/#primaryimage"},"image":{"@id":"https:\/\/halawasugaring.com\/fr\/produit\/bandelettes-depilation-en-pelon-predecoupees-100-unites\/#primaryimage"},"thumbnailUrl":"https:\/\/halawasugaring.com\/wp-content\/uploads\/2025\/09\/bande-epilatoire.webp","datePublished":"2025-09-13T19:55:41+00:00","dateModified":"2025-09-15T18:51:18+00:00","breadcrumb":{"@id":"https:\/\/halawasugaring.com\/fr\/produit\/bandelettes-depilation-en-pelon-predecoupees-100-unites\/#breadcrumb"},"inLanguage":"fr-FR","potentialAction":[{"@type":"ReadAction","target":["https:\/\/halawasugaring.com\/fr\/produit\/bandelettes-depilation-en-pelon-predecoupees-100-unites\/"]}]},{"@type":"ImageObject","inLanguage":"fr-FR","@id":"https:\/\/halawasugaring.com\/fr\/produit\/bandelettes-depilation-en-pelon-predecoupees-100-unites\/#primaryimage","url":"https:\/\/halawasugaring.com\/wp-content\/uploads\/2025\/09\/bande-epilatoire.webp","contentUrl":"https:\/\/halawasugaring.com\/wp-content\/uploads\/2025\/09\/bande-epilatoire.webp","width":823,"height":823,"caption":"Bande \u00e9pilatoire"},{"@type":"BreadcrumbList","@id":"https:\/\/halawasugaring.com\/fr\/produit\/bandelettes-depilation-en-pelon-predecoupees-100-unites\/#breadcrumb","itemListElement":[{"@type":"ListItem","position":1,"name":"Accueil","item":"https:\/\/halawasugaring.com\/fr\/"},{"@type":"ListItem","position":2,"name":"Boutique","item":"https:\/\/halawasugaring.com\/fr\/boutique\/"},{"@type":"ListItem","position":3,"name":"Bandelettes d\u2019\u00e9pilation en pelon pr\u00e9d\u00e9coup\u00e9es (100 unit\u00e9s)"}]},{"@type":"WebSite","@id":"https:\/\/halawasugaring.com\/fr\/#website","url":"https:\/\/halawasugaring.com\/fr\/","name":"Les Sucres Halawa","description":"","publisher":{"@id":"https:\/\/halawasugaring.com\/fr\/#organization"},"potentialAction":[{"@type":"SearchAction","target":{"@type":"EntryPoint","urlTemplate":"https:\/\/halawasugaring.com\/fr\/?s={search_term_string}"},"query-input":{"@type":"PropertyValueSpecification","valueRequired":true,"valueName":"search_term_string"}}],"inLanguage":"fr-FR"},{"@type":"Organization","@id":"https:\/\/halawasugaring.com\/fr\/#organization","name":"Les Sucres Halawa","url":"https:\/\/halawasugaring.com\/fr\/","logo":{"@type":"ImageObject","inLanguage":"fr-FR","@id":"https:\/\/halawasugaring.com\/fr\/#\/schema\/logo\/image\/","url":"https:\/\/halawasugaring.com\/wp-content\/uploads\/2025\/09\/Les_Sucres_Halawa_Logo.webp","contentUrl":"https:\/\/halawasugaring.com\/wp-content\/uploads\/2025\/09\/Les_Sucres_Halawa_Logo.webp","width":2414,"height":597,"caption":"Les Sucres Halawa"},"image":{"@id":"https:\/\/halawasugaring.com\/fr\/#\/schema\/logo\/image\/"}}]}},"_links":{"self":[{"href":"https:\/\/halawasugaring.com\/fr\/wp-json\/wp\/v2\/product\/1618","targetHints":{"allow":["GET"]}}],"collection":[{"href":"https:\/\/halawasugaring.com\/fr\/wp-json\/wp\/v2\/product"}],"about":[{"href":"https:\/\/halawasugaring.com\/fr\/wp-json\/wp\/v2\/types\/product"}],"replies":[{"embeddable":true,"href":"https:\/\/halawasugaring.com\/fr\/wp-json\/wp\/v2\/comments?post=1618"}],"wp:featuredmedia":[{"embeddable":true,"href":"https:\/\/halawasugaring.com\/fr\/wp-json\/wp\/v2\/media\/2109"}],"wp:attachment":[{"href":"https:\/\/halawasugaring.com\/fr\/wp-json\/wp\/v2\/media?parent=1618"}],"wp:term":[{"taxonomy":"product_brand","embeddable":true,"href":"https:\/\/halawasugaring.com\/fr\/wp-json\/wp\/v2\/product_brand?post=1618"},{"taxonomy":"product_cat","embeddable":true,"href":"https:\/\/halawasugaring.com\/fr\/wp-json\/wp\/v2\/product_cat?post=1618"},{"taxonomy":"product_tag","embeddable":true,"href":"https:\/\/halawasugaring.com\/fr\/wp-json\/wp\/v2\/product_tag?post=1618"}],"curies":[{"name":"wp","href":"https:\/\/api.w.org\/{rel}","templated":true}]}}