{"id":2896,"date":"2025-09-13T16:32:19","date_gmt":"2025-09-13T20:32:19","guid":{"rendered":"https:\/\/vlookdevsite2.com\/product\/pate-de-sucre\/"},"modified":"2025-10-15T18:44:40","modified_gmt":"2025-10-15T22:44:40","slug":"pasta-de-azucar","status":"publish","type":"product","link":"https:\/\/halawasugaring.com\/es\/producto\/pasta-de-azucar\/","title":{"rendered":"Pasta de az\u00facar"},"content":{"rendered":"","protected":false},"excerpt":{"rendered":"<p data-start=\"55\" data-end=\"127\"><strong data-start=\"55\" data-end=\"127\">Presentamos nuestra Pasta de Az\u00facar Profesional para la Depilaci\u00f3n!<\/strong><\/p>\n<p data-start=\"129\" data-end=\"232\">La pasta de az\u00facar Halawa ofrece una depilaci\u00f3n suave y eficaz, logrando un acabado impecable y sedoso.<\/p>\n<p data-start=\"234\" data-end=\"266\"><strong data-start=\"234\" data-end=\"266\">Ingredientes 100% naturales:<\/strong><\/p>\n<ul data-start=\"268\" data-end=\"339\">\n<li data-start=\"268\" data-end=\"276\">\n<p data-start=\"270\" data-end=\"276\">Agua<\/p>\n<\/li>\n<li data-start=\"277\" data-end=\"304\">\n<p data-start=\"279\" data-end=\"304\">Az\u00facar blanca granulada<\/p>\n<\/li>\n<li data-start=\"305\" data-end=\"339\">\n<p data-start=\"307\" data-end=\"339\">Jugo de lim\u00f3n reci\u00e9n exprimido<\/p>\n<\/li>\n<\/ul>\n<p data-start=\"341\" data-end=\"368\"><strong data-start=\"341\" data-end=\"368\">Beneficios principales:<\/strong><\/p>\n<p data-start=\"370\" data-end=\"730\"><strong data-start=\"370\" data-end=\"392\">Suave con la piel:<\/strong> Ideal para todo tipo de piel, minimiza la irritaci\u00f3n y las reacciones al\u00e9rgicas.<br data-start=\"473\" data-end=\"476\" \/><strong data-start=\"476\" data-end=\"495\">Menos dolorosa:<\/strong> Se adhiere solo al vello y a las c\u00e9lulas muertas, lo que reduce las molestias.<br data-start=\"574\" data-end=\"577\" \/><strong data-start=\"577\" data-end=\"598\">F\u00e1cil de limpiar:<\/strong> Soluble en agua para una eliminaci\u00f3n r\u00e1pida y sencilla de los residuos.<br data-start=\"670\" data-end=\"673\" \/><strong data-start=\"673\" data-end=\"687\">Ecol\u00f3gica:<\/strong> Elaborada con ingredientes biodegradables.<\/p>\n<p data-start=\"732\" data-end=\"748\"><strong data-start=\"732\" data-end=\"748\">Modo de uso:<\/strong><\/p>\n<p data-start=\"750\" data-end=\"911\">Aplicar a temperatura ambiente en la direcci\u00f3n del crecimiento del vello.<br data-start=\"823\" data-end=\"826\" \/>Retirar r\u00e1pidamente en la direcci\u00f3n contraria.<br data-start=\"872\" data-end=\"875\" \/>Limpiar los residuos con agua tibia.<\/p>\n<p data-start=\"913\" data-end=\"943\"><strong data-start=\"913\" data-end=\"937\">Tama\u00f1o del producto:<\/strong> 800 g<\/p>\n","protected":false},"featured_media":2898,"comment_status":"open","ping_status":"closed","template":"","meta":{"site-sidebar-layout":"default","site-content-layout":"","ast-site-content-layout":"default","site-content-style":"default","site-sidebar-style":"default","ast-global-header-display":"","ast-banner-title-visibility":"","ast-main-header-display":"","ast-hfb-above-header-display":"","ast-hfb-below-header-display":"","ast-hfb-mobile-header-display":"","site-post-title":"","ast-breadcrumbs-content":"","ast-featured-img":"","footer-sml-layout":"","theme-transparent-header-meta":"default","adv-header-id-meta":"","stick-header-meta":"","header-above-stick-meta":"","header-main-stick-meta":"","header-below-stick-meta":"","astra-migrate-meta-layouts":"set","ast-page-background-enabled":"default","ast-page-background-meta":{"desktop":{"background-color":"var(--ast-global-color-4)","background-image":"","background-repeat":"repeat","background-position":"center center","background-size":"auto","background-attachment":"scroll","background-type":"","background-media":"","overlay-type":"","overlay-color":"","overlay-opacity":"","overlay-gradient":""},"tablet":{"background-color":"","background-image":"","background-repeat":"repeat","background-position":"center center","background-size":"auto","background-attachment":"scroll","background-type":"","background-media":"","overlay-type":"","overlay-color":"","overlay-opacity":"","overlay-gradient":""},"mobile":{"background-color":"","background-image":"","background-repeat":"repeat","background-position":"center center","background-size":"auto","background-attachment":"scroll","background-type":"","background-media":"","overlay-type":"","overlay-color":"","overlay-opacity":"","overlay-gradient":""}},"ast-content-background-meta":{"desktop":{"background-color":"var(--ast-global-color-5)","background-image":"","background-repeat":"repeat","background-position":"center center","background-size":"auto","background-attachment":"scroll","background-type":"","background-media":"","overlay-type":"","overlay-color":"","overlay-opacity":"","overlay-gradient":""},"tablet":{"background-color":"var(--ast-global-color-5)","background-image":"","background-repeat":"repeat","background-position":"center center","background-size":"auto","background-attachment":"scroll","background-type":"","background-media":"","overlay-type":"","overlay-color":"","overlay-opacity":"","overlay-gradient":""},"mobile":{"background-color":"var(--ast-global-color-5)","background-image":"","background-repeat":"repeat","background-position":"center center","background-size":"auto","background-attachment":"scroll","background-type":"","background-media":"","overlay-type":"","overlay-color":"","overlay-opacity":"","overlay-gradient":""}}},"product_brand":[],"product_cat":[46],"product_tag":[],"class_list":{"0":"post-2896","1":"product","2":"type-product","3":"status-publish","4":"has-post-thumbnail","6":"product_cat-metodo-ancestral","7":"desktop-align-left","8":"tablet-align-left","9":"mobile-align-left","10":"ast-product-gallery-layout-vertical-slider","11":"ast-product-single-variable","12":"ast-qv-on-image","14":"first","15":"instock","16":"taxable","17":"shipping-taxable","18":"purchasable","19":"product-type-variable"},"yoast_head":"<!-- This site is optimized with the Yoast SEO plugin v27.4 - https:\/\/yoast.com\/product\/yoast-seo-wordpress\/ -->\n<title>Pasta de az\u00facar - Les Sucres Halawa<\/title>\n<meta name=\"robots\" content=\"index, follow, max-snippet:-1, max-image-preview:large, max-video-preview:-1\" \/>\n<link rel=\"canonical\" href=\"https:\/\/halawasugaring.com\/es\/producto\/pasta-de-azucar\/\" \/>\n<meta property=\"og:locale\" content=\"es_ES\" \/>\n<meta property=\"og:type\" content=\"article\" \/>\n<meta property=\"og:title\" content=\"Pasta de az\u00facar - Les Sucres Halawa\" \/>\n<meta property=\"og:description\" content=\"Presentamos nuestra Pasta de Az\u00facar Profesional para la Depilaci\u00f3n! La pasta de az\u00facar Halawa ofrece una depilaci\u00f3n suave y eficaz, logrando un acabado impecable y sedoso. Ingredientes 100% naturales:     Agua    Az\u00facar blanca granulada    Jugo de lim\u00f3n reci\u00e9n exprimido   Beneficios principales: Suave con la piel: Ideal para todo tipo de piel, minimiza la irritaci\u00f3n y las reacciones al\u00e9rgicas.Menos dolorosa: Se adhiere solo al vello y a las c\u00e9lulas muertas, lo que reduce las molestias.F\u00e1cil de limpiar: Soluble en agua para una eliminaci\u00f3n r\u00e1pida y sencilla de los residuos.Ecol\u00f3gica: Elaborada con ingredientes biodegradables. Modo de uso: Aplicar a temperatura ambiente en la direcci\u00f3n del crecimiento del vello.Retirar r\u00e1pidamente en la direcci\u00f3n contraria.Limpiar los residuos con agua tibia. Tama\u00f1o del producto: 800 g\" \/>\n<meta property=\"og:url\" content=\"https:\/\/halawasugaring.com\/es\/producto\/pasta-de-azucar\/\" \/>\n<meta property=\"og:site_name\" content=\"Les Sucres Halawa\" \/>\n<meta property=\"article:modified_time\" content=\"2025-10-15T22:44:40+00:00\" \/>\n<meta property=\"og:image\" content=\"https:\/\/halawasugaring.com\/wp-content\/uploads\/2025\/09\/HalawaSoft-Soft-BRIGHT-scaled.webp\" \/>\n\t<meta property=\"og:image:width\" content=\"2560\" \/>\n\t<meta property=\"og:image:height\" content=\"2560\" \/>\n\t<meta property=\"og:image:type\" content=\"image\/webp\" \/>\n<meta name=\"twitter:card\" content=\"summary_large_image\" \/>\n<meta name=\"twitter:label1\" content=\"Tiempo de lectura\" \/>\n\t<meta name=\"twitter:data1\" content=\"1 minuto\" \/>\n<script type=\"application\/ld+json\" class=\"yoast-schema-graph\">{\"@context\":\"https:\\\/\\\/schema.org\",\"@graph\":[{\"@type\":\"WebPage\",\"@id\":\"https:\\\/\\\/halawasugaring.com\\\/es\\\/producto\\\/pasta-de-azucar\\\/\",\"url\":\"https:\\\/\\\/halawasugaring.com\\\/es\\\/producto\\\/pasta-de-azucar\\\/\",\"name\":\"Pasta de az\u00facar - Les Sucres Halawa\",\"isPartOf\":{\"@id\":\"https:\\\/\\\/halawasugaring.com\\\/es\\\/#website\"},\"primaryImageOfPage\":{\"@id\":\"https:\\\/\\\/halawasugaring.com\\\/es\\\/producto\\\/pasta-de-azucar\\\/#primaryimage\"},\"image\":{\"@id\":\"https:\\\/\\\/halawasugaring.com\\\/es\\\/producto\\\/pasta-de-azucar\\\/#primaryimage\"},\"thumbnailUrl\":\"https:\\\/\\\/halawasugaring.com\\\/wp-content\\\/uploads\\\/2025\\\/09\\\/HalawaSoft-Soft-BRIGHT-scaled.webp\",\"datePublished\":\"2025-09-13T20:32:19+00:00\",\"dateModified\":\"2025-10-15T22:44:40+00:00\",\"breadcrumb\":{\"@id\":\"https:\\\/\\\/halawasugaring.com\\\/es\\\/producto\\\/pasta-de-azucar\\\/#breadcrumb\"},\"inLanguage\":\"es\",\"potentialAction\":[{\"@type\":\"ReadAction\",\"target\":[\"https:\\\/\\\/halawasugaring.com\\\/es\\\/producto\\\/pasta-de-azucar\\\/\"]}]},{\"@type\":\"ImageObject\",\"inLanguage\":\"es\",\"@id\":\"https:\\\/\\\/halawasugaring.com\\\/es\\\/producto\\\/pasta-de-azucar\\\/#primaryimage\",\"url\":\"https:\\\/\\\/halawasugaring.com\\\/wp-content\\\/uploads\\\/2025\\\/09\\\/HalawaSoft-Soft-BRIGHT-scaled.webp\",\"contentUrl\":\"https:\\\/\\\/halawasugaring.com\\\/wp-content\\\/uploads\\\/2025\\\/09\\\/HalawaSoft-Soft-BRIGHT-scaled.webp\",\"width\":2560,\"height\":2560},{\"@type\":\"BreadcrumbList\",\"@id\":\"https:\\\/\\\/halawasugaring.com\\\/es\\\/producto\\\/pasta-de-azucar\\\/#breadcrumb\",\"itemListElement\":[{\"@type\":\"ListItem\",\"position\":1,\"name\":\"Accueil\",\"item\":\"https:\\\/\\\/halawasugaring.com\\\/es\\\/\"},{\"@type\":\"ListItem\",\"position\":2,\"name\":\"Tienda\",\"item\":\"https:\\\/\\\/halawasugaring.com\\\/es\\\/tienda\\\/\"},{\"@type\":\"ListItem\",\"position\":3,\"name\":\"Pasta de az\u00facar\"}]},{\"@type\":\"WebSite\",\"@id\":\"https:\\\/\\\/halawasugaring.com\\\/es\\\/#website\",\"url\":\"https:\\\/\\\/halawasugaring.com\\\/es\\\/\",\"name\":\"Les Sucres Halawa\",\"description\":\"\",\"publisher\":{\"@id\":\"https:\\\/\\\/halawasugaring.com\\\/es\\\/#organization\"},\"potentialAction\":[{\"@type\":\"SearchAction\",\"target\":{\"@type\":\"EntryPoint\",\"urlTemplate\":\"https:\\\/\\\/halawasugaring.com\\\/es\\\/?s={search_term_string}\"},\"query-input\":{\"@type\":\"PropertyValueSpecification\",\"valueRequired\":true,\"valueName\":\"search_term_string\"}}],\"inLanguage\":\"es\"},{\"@type\":\"Organization\",\"@id\":\"https:\\\/\\\/halawasugaring.com\\\/es\\\/#organization\",\"name\":\"Les Sucres Halawa\",\"url\":\"https:\\\/\\\/halawasugaring.com\\\/es\\\/\",\"logo\":{\"@type\":\"ImageObject\",\"inLanguage\":\"es\",\"@id\":\"https:\\\/\\\/halawasugaring.com\\\/es\\\/#\\\/schema\\\/logo\\\/image\\\/\",\"url\":\"https:\\\/\\\/halawasugaring.com\\\/wp-content\\\/uploads\\\/2025\\\/10\\\/Les_Sucres_Halawa_Logo.webp\",\"contentUrl\":\"https:\\\/\\\/halawasugaring.com\\\/wp-content\\\/uploads\\\/2025\\\/10\\\/Les_Sucres_Halawa_Logo.webp\",\"width\":2414,\"height\":597,\"caption\":\"Les Sucres Halawa\"},\"image\":{\"@id\":\"https:\\\/\\\/halawasugaring.com\\\/es\\\/#\\\/schema\\\/logo\\\/image\\\/\"}}]}<\/script>\n<!-- \/ Yoast SEO plugin. -->","yoast_head_json":{"title":"Pasta de az\u00facar - Les Sucres Halawa","robots":{"index":"index","follow":"follow","max-snippet":"max-snippet:-1","max-image-preview":"max-image-preview:large","max-video-preview":"max-video-preview:-1"},"canonical":"https:\/\/halawasugaring.com\/es\/producto\/pasta-de-azucar\/","og_locale":"es_ES","og_type":"article","og_title":"Pasta de az\u00facar - Les Sucres Halawa","og_description":"Presentamos nuestra Pasta de Az\u00facar Profesional para la Depilaci\u00f3n! La pasta de az\u00facar Halawa ofrece una depilaci\u00f3n suave y eficaz, logrando un acabado impecable y sedoso. Ingredientes 100% naturales:     Agua    Az\u00facar blanca granulada    Jugo de lim\u00f3n reci\u00e9n exprimido   Beneficios principales: Suave con la piel: Ideal para todo tipo de piel, minimiza la irritaci\u00f3n y las reacciones al\u00e9rgicas.Menos dolorosa: Se adhiere solo al vello y a las c\u00e9lulas muertas, lo que reduce las molestias.F\u00e1cil de limpiar: Soluble en agua para una eliminaci\u00f3n r\u00e1pida y sencilla de los residuos.Ecol\u00f3gica: Elaborada con ingredientes biodegradables. Modo de uso: Aplicar a temperatura ambiente en la direcci\u00f3n del crecimiento del vello.Retirar r\u00e1pidamente en la direcci\u00f3n contraria.Limpiar los residuos con agua tibia. Tama\u00f1o del producto: 800 g","og_url":"https:\/\/halawasugaring.com\/es\/producto\/pasta-de-azucar\/","og_site_name":"Les Sucres Halawa","article_modified_time":"2025-10-15T22:44:40+00:00","og_image":[{"width":2560,"height":2560,"url":"https:\/\/halawasugaring.com\/wp-content\/uploads\/2025\/09\/HalawaSoft-Soft-BRIGHT-scaled.webp","type":"image\/webp"}],"twitter_card":"summary_large_image","twitter_misc":{"Tiempo de lectura":"1 minuto"},"schema":{"@context":"https:\/\/schema.org","@graph":[{"@type":"WebPage","@id":"https:\/\/halawasugaring.com\/es\/producto\/pasta-de-azucar\/","url":"https:\/\/halawasugaring.com\/es\/producto\/pasta-de-azucar\/","name":"Pasta de az\u00facar - Les Sucres Halawa","isPartOf":{"@id":"https:\/\/halawasugaring.com\/es\/#website"},"primaryImageOfPage":{"@id":"https:\/\/halawasugaring.com\/es\/producto\/pasta-de-azucar\/#primaryimage"},"image":{"@id":"https:\/\/halawasugaring.com\/es\/producto\/pasta-de-azucar\/#primaryimage"},"thumbnailUrl":"https:\/\/halawasugaring.com\/wp-content\/uploads\/2025\/09\/HalawaSoft-Soft-BRIGHT-scaled.webp","datePublished":"2025-09-13T20:32:19+00:00","dateModified":"2025-10-15T22:44:40+00:00","breadcrumb":{"@id":"https:\/\/halawasugaring.com\/es\/producto\/pasta-de-azucar\/#breadcrumb"},"inLanguage":"es","potentialAction":[{"@type":"ReadAction","target":["https:\/\/halawasugaring.com\/es\/producto\/pasta-de-azucar\/"]}]},{"@type":"ImageObject","inLanguage":"es","@id":"https:\/\/halawasugaring.com\/es\/producto\/pasta-de-azucar\/#primaryimage","url":"https:\/\/halawasugaring.com\/wp-content\/uploads\/2025\/09\/HalawaSoft-Soft-BRIGHT-scaled.webp","contentUrl":"https:\/\/halawasugaring.com\/wp-content\/uploads\/2025\/09\/HalawaSoft-Soft-BRIGHT-scaled.webp","width":2560,"height":2560},{"@type":"BreadcrumbList","@id":"https:\/\/halawasugaring.com\/es\/producto\/pasta-de-azucar\/#breadcrumb","itemListElement":[{"@type":"ListItem","position":1,"name":"Accueil","item":"https:\/\/halawasugaring.com\/es\/"},{"@type":"ListItem","position":2,"name":"Tienda","item":"https:\/\/halawasugaring.com\/es\/tienda\/"},{"@type":"ListItem","position":3,"name":"Pasta de az\u00facar"}]},{"@type":"WebSite","@id":"https:\/\/halawasugaring.com\/es\/#website","url":"https:\/\/halawasugaring.com\/es\/","name":"Les Sucres Halawa","description":"","publisher":{"@id":"https:\/\/halawasugaring.com\/es\/#organization"},"potentialAction":[{"@type":"SearchAction","target":{"@type":"EntryPoint","urlTemplate":"https:\/\/halawasugaring.com\/es\/?s={search_term_string}"},"query-input":{"@type":"PropertyValueSpecification","valueRequired":true,"valueName":"search_term_string"}}],"inLanguage":"es"},{"@type":"Organization","@id":"https:\/\/halawasugaring.com\/es\/#organization","name":"Les Sucres Halawa","url":"https:\/\/halawasugaring.com\/es\/","logo":{"@type":"ImageObject","inLanguage":"es","@id":"https:\/\/halawasugaring.com\/es\/#\/schema\/logo\/image\/","url":"https:\/\/halawasugaring.com\/wp-content\/uploads\/2025\/10\/Les_Sucres_Halawa_Logo.webp","contentUrl":"https:\/\/halawasugaring.com\/wp-content\/uploads\/2025\/10\/Les_Sucres_Halawa_Logo.webp","width":2414,"height":597,"caption":"Les Sucres Halawa"},"image":{"@id":"https:\/\/halawasugaring.com\/es\/#\/schema\/logo\/image\/"}}]}},"_links":{"self":[{"href":"https:\/\/halawasugaring.com\/es\/wp-json\/wp\/v2\/product\/2896","targetHints":{"allow":["GET"]}}],"collection":[{"href":"https:\/\/halawasugaring.com\/es\/wp-json\/wp\/v2\/product"}],"about":[{"href":"https:\/\/halawasugaring.com\/es\/wp-json\/wp\/v2\/types\/product"}],"replies":[{"embeddable":true,"href":"https:\/\/halawasugaring.com\/es\/wp-json\/wp\/v2\/comments?post=2896"}],"wp:featuredmedia":[{"embeddable":true,"href":"https:\/\/halawasugaring.com\/es\/wp-json\/wp\/v2\/media\/2898"}],"wp:attachment":[{"href":"https:\/\/halawasugaring.com\/es\/wp-json\/wp\/v2\/media?parent=2896"}],"wp:term":[{"taxonomy":"product_brand","embeddable":true,"href":"https:\/\/halawasugaring.com\/es\/wp-json\/wp\/v2\/product_brand?post=2896"},{"taxonomy":"product_cat","embeddable":true,"href":"https:\/\/halawasugaring.com\/es\/wp-json\/wp\/v2\/product_cat?post=2896"},{"taxonomy":"product_tag","embeddable":true,"href":"https:\/\/halawasugaring.com\/es\/wp-json\/wp\/v2\/product_tag?post=2896"}],"curies":[{"name":"wp","href":"https:\/\/api.w.org\/{rel}","templated":true}]}}