{"id":2881,"date":"2025-09-13T16:01:43","date_gmt":"2025-09-13T20:01:43","guid":{"rendered":"https:\/\/vlookdevsite2.com\/product\/savon-naturel-a-la-sauge-et-a-la-citronnelle\/"},"modified":"2025-10-07T08:49:35","modified_gmt":"2025-10-07T13:49:35","slug":"jabon-natural-de-salvia-y-hierba-de-limon","status":"publish","type":"product","link":"https:\/\/halawasugaring.com\/es\/producto\/jabon-natural-de-salvia-y-hierba-de-limon\/","title":{"rendered":"Jab\u00f3n Natural de Salvia y Hierba de Lim\u00f3n"},"content":{"rendered":"","protected":false},"excerpt":{"rendered":"<p>Limpia y refresca tu piel con nuestro jab\u00f3n natural de salvia y hierba de lim\u00f3n hecho a mano. Perfecto para los amantes del cuidado natural de la piel, es ideal para tu rutina diaria de ducha o un momento refrescante r\u00e1pido durante un d\u00eda ocupado. Este jab\u00f3n es el compa\u00f1ero perfecto cuando se trata de cuidado corporal, debido a su ayuda en la eliminaci\u00f3n de c\u00e9lulas muertas de la piel preparando para los procedimientos de Sugaring, ya que tu piel necesita hidrataci\u00f3n. Usar el jab\u00f3n de salvia y hierba de lim\u00f3n de Halawa es una forma esencial de calmar y proteger la piel, dej\u00e1ndola tranquila y nutrida cada vez.<\/p>\n<p>Caracter\u00edsticas:<\/p>\n<p><strong>Producido en Quebec:<\/strong>\u00a0Elaborado con cuidado para una experiencia lujosa.<\/p>\n<p><strong>Ingredientes Naturales:<\/strong>\u00a0Nuestro jab\u00f3n est\u00e1 hecho con una mezcla \u00fanica de aceites esenciales (Manteca de Karit\u00e9, Aceite de Coco, Aceite de Rosa y Aceite de Marula) para una limpieza suave.<\/p>\n<p><strong>Eco-Amigable:<\/strong>\u00a0Libre de productos qu\u00edmicos agresivos, es amable con tu piel y seguro para el planeta.<\/p>\n<p><strong>Refrescante:<\/strong>\u00a0El relajante aroma de la salvia y la hierba de lim\u00f3n te deja sinti\u00e9ndote refrescado y revitalizado.<\/p>\n<p>Funciona muy bien con el\u00a0<strong>Gel Pre-Depilatorio Halawa<\/strong>, mejorando tu rutina de Sugaring al combinarlo para obtener resultados \u00f3ptimos.<\/p>\n","protected":false},"featured_media":2883,"comment_status":"open","ping_status":"closed","template":"","meta":{"site-sidebar-layout":"default","site-content-layout":"","ast-site-content-layout":"default","site-content-style":"default","site-sidebar-style":"default","ast-global-header-display":"","ast-banner-title-visibility":"","ast-main-header-display":"","ast-hfb-above-header-display":"","ast-hfb-below-header-display":"","ast-hfb-mobile-header-display":"","site-post-title":"","ast-breadcrumbs-content":"","ast-featured-img":"","footer-sml-layout":"","theme-transparent-header-meta":"default","adv-header-id-meta":"","stick-header-meta":"","header-above-stick-meta":"","header-main-stick-meta":"","header-below-stick-meta":"","astra-migrate-meta-layouts":"set","ast-page-background-enabled":"default","ast-page-background-meta":{"desktop":{"background-color":"var(--ast-global-color-4)","background-image":"","background-repeat":"repeat","background-position":"center center","background-size":"auto","background-attachment":"scroll","background-type":"","background-media":"","overlay-type":"","overlay-color":"","overlay-opacity":"","overlay-gradient":""},"tablet":{"background-color":"","background-image":"","background-repeat":"repeat","background-position":"center center","background-size":"auto","background-attachment":"scroll","background-type":"","background-media":"","overlay-type":"","overlay-color":"","overlay-opacity":"","overlay-gradient":""},"mobile":{"background-color":"","background-image":"","background-repeat":"repeat","background-position":"center center","background-size":"auto","background-attachment":"scroll","background-type":"","background-media":"","overlay-type":"","overlay-color":"","overlay-opacity":"","overlay-gradient":""}},"ast-content-background-meta":{"desktop":{"background-color":"var(--ast-global-color-5)","background-image":"","background-repeat":"repeat","background-position":"center center","background-size":"auto","background-attachment":"scroll","background-type":"","background-media":"","overlay-type":"","overlay-color":"","overlay-opacity":"","overlay-gradient":""},"tablet":{"background-color":"var(--ast-global-color-5)","background-image":"","background-repeat":"repeat","background-position":"center center","background-size":"auto","background-attachment":"scroll","background-type":"","background-media":"","overlay-type":"","overlay-color":"","overlay-opacity":"","overlay-gradient":""},"mobile":{"background-color":"var(--ast-global-color-5)","background-image":"","background-repeat":"repeat","background-position":"center center","background-size":"auto","background-attachment":"scroll","background-type":"","background-media":"","overlay-type":"","overlay-color":"","overlay-opacity":"","overlay-gradient":""}}},"product_brand":[],"product_cat":[45],"product_tag":[],"class_list":{"0":"post-2881","1":"product","2":"type-product","3":"status-publish","4":"has-post-thumbnail","6":"product_cat-halawa-en-casa","7":"desktop-align-left","8":"tablet-align-left","9":"mobile-align-left","10":"ast-product-gallery-layout-vertical-slider","11":"ast-qv-on-image","13":"first","14":"instock","15":"taxable","16":"shipping-taxable","17":"purchasable","18":"product-type-simple"},"yoast_head":"<!-- This site is optimized with the Yoast SEO plugin v27.4 - https:\/\/yoast.com\/product\/yoast-seo-wordpress\/ -->\n<title>Jab\u00f3n Natural de Salvia y Hierba de Lim\u00f3n - Les Sucres Halawa<\/title>\n<meta name=\"robots\" content=\"index, follow, max-snippet:-1, max-image-preview:large, max-video-preview:-1\" \/>\n<link rel=\"canonical\" href=\"https:\/\/halawasugaring.com\/es\/producto\/jabon-natural-de-salvia-y-hierba-de-limon\/\" \/>\n<meta property=\"og:locale\" content=\"es_ES\" \/>\n<meta property=\"og:type\" content=\"article\" \/>\n<meta property=\"og:title\" content=\"Jab\u00f3n Natural de Salvia y Hierba de Lim\u00f3n - Les Sucres Halawa\" \/>\n<meta property=\"og:description\" content=\"Limpia y refresca tu piel con nuestro jab\u00f3n natural de salvia y hierba de lim\u00f3n hecho a mano. Perfecto para los amantes del cuidado natural de la piel, es ideal para tu rutina diaria de ducha o un momento refrescante r\u00e1pido durante un d\u00eda ocupado. Este jab\u00f3n es el compa\u00f1ero perfecto cuando se trata de cuidado corporal, debido a su ayuda en la eliminaci\u00f3n de c\u00e9lulas muertas de la piel preparando para los procedimientos de Sugaring, ya que tu piel necesita hidrataci\u00f3n. Usar el jab\u00f3n de salvia y hierba de lim\u00f3n de Halawa es una forma esencial de calmar y proteger la piel, dej\u00e1ndola tranquila y nutrida cada vez.  Caracter\u00edsticas:  Producido en Quebec:\u00a0Elaborado con cuidado para una experiencia lujosa.  Ingredientes Naturales:\u00a0Nuestro jab\u00f3n est\u00e1 hecho con una mezcla \u00fanica de aceites esenciales (Manteca de Karit\u00e9, Aceite de Coco, Aceite de Rosa y Aceite de Marula) para una limpieza suave.  Eco-Amigable:\u00a0Libre de productos qu\u00edmicos agresivos, es amable con tu piel y seguro para el planeta.  Refrescante:\u00a0El relajante aroma de la salvia y la hierba de lim\u00f3n te deja sinti\u00e9ndote refrescado y revitalizado.  Funciona muy bien con el\u00a0Gel Pre-Depilatorio Halawa, mejorando tu rutina de Sugaring al combinarlo para obtener resultados \u00f3ptimos.\" \/>\n<meta property=\"og:url\" content=\"https:\/\/halawasugaring.com\/es\/producto\/jabon-natural-de-salvia-y-hierba-de-limon\/\" \/>\n<meta property=\"og:site_name\" content=\"Les Sucres Halawa\" \/>\n<meta property=\"article:modified_time\" content=\"2025-10-07T13:49:35+00:00\" \/>\n<meta property=\"og:image\" content=\"https:\/\/halawasugaring.com\/wp-content\/uploads\/2025\/09\/savon-halawa.webp\" \/>\n\t<meta property=\"og:image:width\" content=\"823\" \/>\n\t<meta property=\"og:image:height\" content=\"823\" \/>\n\t<meta property=\"og:image:type\" content=\"image\/webp\" \/>\n<meta name=\"twitter:card\" content=\"summary_large_image\" \/>\n<meta name=\"twitter:label1\" content=\"Tiempo de lectura\" \/>\n\t<meta name=\"twitter:data1\" content=\"1 minuto\" \/>\n<script type=\"application\/ld+json\" class=\"yoast-schema-graph\">{\"@context\":\"https:\\\/\\\/schema.org\",\"@graph\":[{\"@type\":\"WebPage\",\"@id\":\"https:\\\/\\\/halawasugaring.com\\\/es\\\/producto\\\/jabon-natural-de-salvia-y-hierba-de-limon\\\/\",\"url\":\"https:\\\/\\\/halawasugaring.com\\\/es\\\/producto\\\/jabon-natural-de-salvia-y-hierba-de-limon\\\/\",\"name\":\"Jab\u00f3n Natural de Salvia y Hierba de Lim\u00f3n - Les Sucres Halawa\",\"isPartOf\":{\"@id\":\"https:\\\/\\\/halawasugaring.com\\\/es\\\/#website\"},\"primaryImageOfPage\":{\"@id\":\"https:\\\/\\\/halawasugaring.com\\\/es\\\/producto\\\/jabon-natural-de-salvia-y-hierba-de-limon\\\/#primaryimage\"},\"image\":{\"@id\":\"https:\\\/\\\/halawasugaring.com\\\/es\\\/producto\\\/jabon-natural-de-salvia-y-hierba-de-limon\\\/#primaryimage\"},\"thumbnailUrl\":\"https:\\\/\\\/halawasugaring.com\\\/wp-content\\\/uploads\\\/2025\\\/09\\\/savon-halawa.webp\",\"datePublished\":\"2025-09-13T20:01:43+00:00\",\"dateModified\":\"2025-10-07T13:49:35+00:00\",\"breadcrumb\":{\"@id\":\"https:\\\/\\\/halawasugaring.com\\\/es\\\/producto\\\/jabon-natural-de-salvia-y-hierba-de-limon\\\/#breadcrumb\"},\"inLanguage\":\"es\",\"potentialAction\":[{\"@type\":\"ReadAction\",\"target\":[\"https:\\\/\\\/halawasugaring.com\\\/es\\\/producto\\\/jabon-natural-de-salvia-y-hierba-de-limon\\\/\"]}]},{\"@type\":\"ImageObject\",\"inLanguage\":\"es\",\"@id\":\"https:\\\/\\\/halawasugaring.com\\\/es\\\/producto\\\/jabon-natural-de-salvia-y-hierba-de-limon\\\/#primaryimage\",\"url\":\"https:\\\/\\\/halawasugaring.com\\\/wp-content\\\/uploads\\\/2025\\\/09\\\/savon-halawa.webp\",\"contentUrl\":\"https:\\\/\\\/halawasugaring.com\\\/wp-content\\\/uploads\\\/2025\\\/09\\\/savon-halawa.webp\",\"width\":823,\"height\":823,\"caption\":\"Savon sauge et citronnelle\"},{\"@type\":\"BreadcrumbList\",\"@id\":\"https:\\\/\\\/halawasugaring.com\\\/es\\\/producto\\\/jabon-natural-de-salvia-y-hierba-de-limon\\\/#breadcrumb\",\"itemListElement\":[{\"@type\":\"ListItem\",\"position\":1,\"name\":\"Accueil\",\"item\":\"https:\\\/\\\/halawasugaring.com\\\/es\\\/\"},{\"@type\":\"ListItem\",\"position\":2,\"name\":\"Tienda\",\"item\":\"https:\\\/\\\/halawasugaring.com\\\/es\\\/tienda\\\/\"},{\"@type\":\"ListItem\",\"position\":3,\"name\":\"Jab\u00f3n Natural de Salvia y Hierba de Lim\u00f3n\"}]},{\"@type\":\"WebSite\",\"@id\":\"https:\\\/\\\/halawasugaring.com\\\/es\\\/#website\",\"url\":\"https:\\\/\\\/halawasugaring.com\\\/es\\\/\",\"name\":\"Les Sucres Halawa\",\"description\":\"\",\"publisher\":{\"@id\":\"https:\\\/\\\/halawasugaring.com\\\/es\\\/#organization\"},\"potentialAction\":[{\"@type\":\"SearchAction\",\"target\":{\"@type\":\"EntryPoint\",\"urlTemplate\":\"https:\\\/\\\/halawasugaring.com\\\/es\\\/?s={search_term_string}\"},\"query-input\":{\"@type\":\"PropertyValueSpecification\",\"valueRequired\":true,\"valueName\":\"search_term_string\"}}],\"inLanguage\":\"es\"},{\"@type\":\"Organization\",\"@id\":\"https:\\\/\\\/halawasugaring.com\\\/es\\\/#organization\",\"name\":\"Les Sucres Halawa\",\"url\":\"https:\\\/\\\/halawasugaring.com\\\/es\\\/\",\"logo\":{\"@type\":\"ImageObject\",\"inLanguage\":\"es\",\"@id\":\"https:\\\/\\\/halawasugaring.com\\\/es\\\/#\\\/schema\\\/logo\\\/image\\\/\",\"url\":\"https:\\\/\\\/halawasugaring.com\\\/wp-content\\\/uploads\\\/2025\\\/10\\\/Les_Sucres_Halawa_Logo.webp\",\"contentUrl\":\"https:\\\/\\\/halawasugaring.com\\\/wp-content\\\/uploads\\\/2025\\\/10\\\/Les_Sucres_Halawa_Logo.webp\",\"width\":2414,\"height\":597,\"caption\":\"Les Sucres Halawa\"},\"image\":{\"@id\":\"https:\\\/\\\/halawasugaring.com\\\/es\\\/#\\\/schema\\\/logo\\\/image\\\/\"}}]}<\/script>\n<!-- \/ Yoast SEO plugin. -->","yoast_head_json":{"title":"Jab\u00f3n Natural de Salvia y Hierba de Lim\u00f3n - Les Sucres Halawa","robots":{"index":"index","follow":"follow","max-snippet":"max-snippet:-1","max-image-preview":"max-image-preview:large","max-video-preview":"max-video-preview:-1"},"canonical":"https:\/\/halawasugaring.com\/es\/producto\/jabon-natural-de-salvia-y-hierba-de-limon\/","og_locale":"es_ES","og_type":"article","og_title":"Jab\u00f3n Natural de Salvia y Hierba de Lim\u00f3n - Les Sucres Halawa","og_description":"Limpia y refresca tu piel con nuestro jab\u00f3n natural de salvia y hierba de lim\u00f3n hecho a mano. Perfecto para los amantes del cuidado natural de la piel, es ideal para tu rutina diaria de ducha o un momento refrescante r\u00e1pido durante un d\u00eda ocupado. Este jab\u00f3n es el compa\u00f1ero perfecto cuando se trata de cuidado corporal, debido a su ayuda en la eliminaci\u00f3n de c\u00e9lulas muertas de la piel preparando para los procedimientos de Sugaring, ya que tu piel necesita hidrataci\u00f3n. Usar el jab\u00f3n de salvia y hierba de lim\u00f3n de Halawa es una forma esencial de calmar y proteger la piel, dej\u00e1ndola tranquila y nutrida cada vez.  Caracter\u00edsticas:  Producido en Quebec:\u00a0Elaborado con cuidado para una experiencia lujosa.  Ingredientes Naturales:\u00a0Nuestro jab\u00f3n est\u00e1 hecho con una mezcla \u00fanica de aceites esenciales (Manteca de Karit\u00e9, Aceite de Coco, Aceite de Rosa y Aceite de Marula) para una limpieza suave.  Eco-Amigable:\u00a0Libre de productos qu\u00edmicos agresivos, es amable con tu piel y seguro para el planeta.  Refrescante:\u00a0El relajante aroma de la salvia y la hierba de lim\u00f3n te deja sinti\u00e9ndote refrescado y revitalizado.  Funciona muy bien con el\u00a0Gel Pre-Depilatorio Halawa, mejorando tu rutina de Sugaring al combinarlo para obtener resultados \u00f3ptimos.","og_url":"https:\/\/halawasugaring.com\/es\/producto\/jabon-natural-de-salvia-y-hierba-de-limon\/","og_site_name":"Les Sucres Halawa","article_modified_time":"2025-10-07T13:49:35+00:00","og_image":[{"width":823,"height":823,"url":"https:\/\/halawasugaring.com\/wp-content\/uploads\/2025\/09\/savon-halawa.webp","type":"image\/webp"}],"twitter_card":"summary_large_image","twitter_misc":{"Tiempo de lectura":"1 minuto"},"schema":{"@context":"https:\/\/schema.org","@graph":[{"@type":"WebPage","@id":"https:\/\/halawasugaring.com\/es\/producto\/jabon-natural-de-salvia-y-hierba-de-limon\/","url":"https:\/\/halawasugaring.com\/es\/producto\/jabon-natural-de-salvia-y-hierba-de-limon\/","name":"Jab\u00f3n Natural de Salvia y Hierba de Lim\u00f3n - Les Sucres Halawa","isPartOf":{"@id":"https:\/\/halawasugaring.com\/es\/#website"},"primaryImageOfPage":{"@id":"https:\/\/halawasugaring.com\/es\/producto\/jabon-natural-de-salvia-y-hierba-de-limon\/#primaryimage"},"image":{"@id":"https:\/\/halawasugaring.com\/es\/producto\/jabon-natural-de-salvia-y-hierba-de-limon\/#primaryimage"},"thumbnailUrl":"https:\/\/halawasugaring.com\/wp-content\/uploads\/2025\/09\/savon-halawa.webp","datePublished":"2025-09-13T20:01:43+00:00","dateModified":"2025-10-07T13:49:35+00:00","breadcrumb":{"@id":"https:\/\/halawasugaring.com\/es\/producto\/jabon-natural-de-salvia-y-hierba-de-limon\/#breadcrumb"},"inLanguage":"es","potentialAction":[{"@type":"ReadAction","target":["https:\/\/halawasugaring.com\/es\/producto\/jabon-natural-de-salvia-y-hierba-de-limon\/"]}]},{"@type":"ImageObject","inLanguage":"es","@id":"https:\/\/halawasugaring.com\/es\/producto\/jabon-natural-de-salvia-y-hierba-de-limon\/#primaryimage","url":"https:\/\/halawasugaring.com\/wp-content\/uploads\/2025\/09\/savon-halawa.webp","contentUrl":"https:\/\/halawasugaring.com\/wp-content\/uploads\/2025\/09\/savon-halawa.webp","width":823,"height":823,"caption":"Savon sauge et citronnelle"},{"@type":"BreadcrumbList","@id":"https:\/\/halawasugaring.com\/es\/producto\/jabon-natural-de-salvia-y-hierba-de-limon\/#breadcrumb","itemListElement":[{"@type":"ListItem","position":1,"name":"Accueil","item":"https:\/\/halawasugaring.com\/es\/"},{"@type":"ListItem","position":2,"name":"Tienda","item":"https:\/\/halawasugaring.com\/es\/tienda\/"},{"@type":"ListItem","position":3,"name":"Jab\u00f3n Natural de Salvia y Hierba de Lim\u00f3n"}]},{"@type":"WebSite","@id":"https:\/\/halawasugaring.com\/es\/#website","url":"https:\/\/halawasugaring.com\/es\/","name":"Les Sucres Halawa","description":"","publisher":{"@id":"https:\/\/halawasugaring.com\/es\/#organization"},"potentialAction":[{"@type":"SearchAction","target":{"@type":"EntryPoint","urlTemplate":"https:\/\/halawasugaring.com\/es\/?s={search_term_string}"},"query-input":{"@type":"PropertyValueSpecification","valueRequired":true,"valueName":"search_term_string"}}],"inLanguage":"es"},{"@type":"Organization","@id":"https:\/\/halawasugaring.com\/es\/#organization","name":"Les Sucres Halawa","url":"https:\/\/halawasugaring.com\/es\/","logo":{"@type":"ImageObject","inLanguage":"es","@id":"https:\/\/halawasugaring.com\/es\/#\/schema\/logo\/image\/","url":"https:\/\/halawasugaring.com\/wp-content\/uploads\/2025\/10\/Les_Sucres_Halawa_Logo.webp","contentUrl":"https:\/\/halawasugaring.com\/wp-content\/uploads\/2025\/10\/Les_Sucres_Halawa_Logo.webp","width":2414,"height":597,"caption":"Les Sucres Halawa"},"image":{"@id":"https:\/\/halawasugaring.com\/es\/#\/schema\/logo\/image\/"}}]}},"_links":{"self":[{"href":"https:\/\/halawasugaring.com\/es\/wp-json\/wp\/v2\/product\/2881","targetHints":{"allow":["GET"]}}],"collection":[{"href":"https:\/\/halawasugaring.com\/es\/wp-json\/wp\/v2\/product"}],"about":[{"href":"https:\/\/halawasugaring.com\/es\/wp-json\/wp\/v2\/types\/product"}],"replies":[{"embeddable":true,"href":"https:\/\/halawasugaring.com\/es\/wp-json\/wp\/v2\/comments?post=2881"}],"wp:featuredmedia":[{"embeddable":true,"href":"https:\/\/halawasugaring.com\/es\/wp-json\/wp\/v2\/media\/2883"}],"wp:attachment":[{"href":"https:\/\/halawasugaring.com\/es\/wp-json\/wp\/v2\/media?parent=2881"}],"wp:term":[{"taxonomy":"product_brand","embeddable":true,"href":"https:\/\/halawasugaring.com\/es\/wp-json\/wp\/v2\/product_brand?post=2881"},{"taxonomy":"product_cat","embeddable":true,"href":"https:\/\/halawasugaring.com\/es\/wp-json\/wp\/v2\/product_cat?post=2881"},{"taxonomy":"product_tag","embeddable":true,"href":"https:\/\/halawasugaring.com\/es\/wp-json\/wp\/v2\/product_tag?post=2881"}],"curies":[{"name":"wp","href":"https:\/\/api.w.org\/{rel}","templated":true}]}}