{"id":2867,"date":"2025-09-13T15:58:52","date_gmt":"2025-09-13T19:58:52","guid":{"rendered":"https:\/\/vlookdevsite2.com\/product\/pate-naturelle-depilation-au-sucre-taille-800g\/"},"modified":"2025-10-07T08:44:09","modified_gmt":"2025-10-07T13:44:09","slug":"cera-natural-de-azucar-para-depilacion-800g","status":"publish","type":"product","link":"https:\/\/halawasugaring.com\/es\/producto\/cera-natural-de-azucar-para-depilacion-800g\/","title":{"rendered":"Cera Natural de Az\u00facar para Depilaci\u00f3n 800g"},"content":{"rendered":"","protected":false},"excerpt":{"rendered":"<div class=\"markdown prose w-full break-words dark:prose-invert light\">Experimenta una\u00a0<strong>piel suave y libre de vello<\/strong>\u00a0con<strong>\u00a0la Cera Natural para Depilaci\u00f3n de Az\u00facar<\/strong>\u00a0HALAWA, tama\u00f1o GRANDE de 800g. Nuestra\u00a0<strong>cera de az\u00facar natural<\/strong>\u00a0es perfecta para una\u00a0<strong>depilaci\u00f3n suave y efectiva<\/strong>, ofreciendo hasta 10-12 aplicaciones en las piernas. Hecha con ingredientes naturales, es adecuada<strong>\u00a0para todo tipo de piel,<\/strong>\u00a0incluida\u00a0<strong>la piel sensible.<\/strong><\/p>\n<p>Caracter\u00edsticas:<\/p>\n<p><strong>Natural:<\/strong>\u00a0Ingredientes seguros y limpios.<br \/>\n<strong>Efectiva:<\/strong>\u00a0Depilaci\u00f3n de larga duraci\u00f3n<\/div>\n<div class=\"markdown prose w-full break-words dark:prose-invert light\"><strong>Tama\u00f1o Grande<\/strong>: 800g para un uso prolongado.<br \/>\n<strong>Eco-Amigable:<\/strong>\u00a0Una opci\u00f3n de depilaci\u00f3n sostenible<br \/>\n<strong>Suave<\/strong>: Ideal para piel sensible.<\/p>\n<p>Elige HALAWA para una soluci\u00f3n de depilaci\u00f3n natural, efectiva y ecol\u00f3gica.<\/p><\/div>\n","protected":false},"featured_media":2869,"comment_status":"open","ping_status":"closed","template":"","meta":{"site-sidebar-layout":"default","site-content-layout":"","ast-site-content-layout":"default","site-content-style":"default","site-sidebar-style":"default","ast-global-header-display":"","ast-banner-title-visibility":"","ast-main-header-display":"","ast-hfb-above-header-display":"","ast-hfb-below-header-display":"","ast-hfb-mobile-header-display":"","site-post-title":"","ast-breadcrumbs-content":"","ast-featured-img":"","footer-sml-layout":"","theme-transparent-header-meta":"default","adv-header-id-meta":"","stick-header-meta":"","header-above-stick-meta":"","header-main-stick-meta":"","header-below-stick-meta":"","astra-migrate-meta-layouts":"set","ast-page-background-enabled":"default","ast-page-background-meta":{"desktop":{"background-color":"var(--ast-global-color-4)","background-image":"","background-repeat":"repeat","background-position":"center center","background-size":"auto","background-attachment":"scroll","background-type":"","background-media":"","overlay-type":"","overlay-color":"","overlay-opacity":"","overlay-gradient":""},"tablet":{"background-color":"","background-image":"","background-repeat":"repeat","background-position":"center center","background-size":"auto","background-attachment":"scroll","background-type":"","background-media":"","overlay-type":"","overlay-color":"","overlay-opacity":"","overlay-gradient":""},"mobile":{"background-color":"","background-image":"","background-repeat":"repeat","background-position":"center center","background-size":"auto","background-attachment":"scroll","background-type":"","background-media":"","overlay-type":"","overlay-color":"","overlay-opacity":"","overlay-gradient":""}},"ast-content-background-meta":{"desktop":{"background-color":"var(--ast-global-color-5)","background-image":"","background-repeat":"repeat","background-position":"center center","background-size":"auto","background-attachment":"scroll","background-type":"","background-media":"","overlay-type":"","overlay-color":"","overlay-opacity":"","overlay-gradient":""},"tablet":{"background-color":"var(--ast-global-color-5)","background-image":"","background-repeat":"repeat","background-position":"center center","background-size":"auto","background-attachment":"scroll","background-type":"","background-media":"","overlay-type":"","overlay-color":"","overlay-opacity":"","overlay-gradient":""},"mobile":{"background-color":"var(--ast-global-color-5)","background-image":"","background-repeat":"repeat","background-position":"center center","background-size":"auto","background-attachment":"scroll","background-type":"","background-media":"","overlay-type":"","overlay-color":"","overlay-opacity":"","overlay-gradient":""}}},"product_brand":[],"product_cat":[45],"product_tag":[],"class_list":{"0":"post-2867","1":"product","2":"type-product","3":"status-publish","4":"has-post-thumbnail","6":"product_cat-halawa-en-casa","7":"desktop-align-left","8":"tablet-align-left","9":"mobile-align-left","10":"ast-product-gallery-layout-vertical-slider","11":"ast-qv-on-image","13":"first","14":"instock","15":"taxable","16":"shipping-taxable","17":"purchasable","18":"product-type-simple"},"yoast_head":"<!-- This site is optimized with the Yoast SEO plugin v27.4 - https:\/\/yoast.com\/product\/yoast-seo-wordpress\/ -->\n<title>Cera Natural de Az\u00facar para Depilaci\u00f3n 800g - Les Sucres Halawa<\/title>\n<meta name=\"robots\" content=\"index, follow, max-snippet:-1, max-image-preview:large, max-video-preview:-1\" \/>\n<link rel=\"canonical\" href=\"https:\/\/halawasugaring.com\/es\/producto\/cera-natural-de-azucar-para-depilacion-800g\/\" \/>\n<meta property=\"og:locale\" content=\"es_ES\" \/>\n<meta property=\"og:type\" content=\"article\" \/>\n<meta property=\"og:title\" content=\"Cera Natural de Az\u00facar para Depilaci\u00f3n 800g - Les Sucres Halawa\" \/>\n<meta property=\"og:description\" content=\"Experimenta una\u00a0piel suave y libre de vello\u00a0con\u00a0la Cera Natural para Depilaci\u00f3n de Az\u00facar\u00a0HALAWA, tama\u00f1o GRANDE de 800g. Nuestra\u00a0cera de az\u00facar natural\u00a0es perfecta para una\u00a0depilaci\u00f3n suave y efectiva, ofreciendo hasta 10-12 aplicaciones en las piernas. Hecha con ingredientes naturales, es adecuada\u00a0para todo tipo de piel,\u00a0incluida\u00a0la piel sensible.  Caracter\u00edsticas:  Natural:\u00a0Ingredientes seguros y limpios. Efectiva:\u00a0Depilaci\u00f3n de larga duraci\u00f3n Tama\u00f1o Grande: 800g para un uso prolongado. Eco-Amigable:\u00a0Una opci\u00f3n de depilaci\u00f3n sostenible Suave: Ideal para piel sensible.  Elige HALAWA para una soluci\u00f3n de depilaci\u00f3n natural, efectiva y ecol\u00f3gica.\" \/>\n<meta property=\"og:url\" content=\"https:\/\/halawasugaring.com\/es\/producto\/cera-natural-de-azucar-para-depilacion-800g\/\" \/>\n<meta property=\"og:site_name\" content=\"Les Sucres Halawa\" \/>\n<meta property=\"article:modified_time\" content=\"2025-10-07T13:44:09+00:00\" \/>\n<meta property=\"og:image\" content=\"https:\/\/halawasugaring.com\/wp-content\/uploads\/2025\/09\/halawa-sucre.webp\" \/>\n\t<meta property=\"og:image:width\" content=\"823\" \/>\n\t<meta property=\"og:image:height\" content=\"823\" \/>\n\t<meta property=\"og:image:type\" content=\"image\/webp\" \/>\n<meta name=\"twitter:card\" content=\"summary_large_image\" \/>\n<meta name=\"twitter:label1\" content=\"Tiempo de lectura\" \/>\n\t<meta name=\"twitter:data1\" content=\"1 minuto\" \/>\n<script type=\"application\/ld+json\" class=\"yoast-schema-graph\">{\"@context\":\"https:\\\/\\\/schema.org\",\"@graph\":[{\"@type\":\"WebPage\",\"@id\":\"https:\\\/\\\/halawasugaring.com\\\/es\\\/producto\\\/cera-natural-de-azucar-para-depilacion-800g\\\/\",\"url\":\"https:\\\/\\\/halawasugaring.com\\\/es\\\/producto\\\/cera-natural-de-azucar-para-depilacion-800g\\\/\",\"name\":\"Cera Natural de Az\u00facar para Depilaci\u00f3n 800g - Les Sucres Halawa\",\"isPartOf\":{\"@id\":\"https:\\\/\\\/halawasugaring.com\\\/es\\\/#website\"},\"primaryImageOfPage\":{\"@id\":\"https:\\\/\\\/halawasugaring.com\\\/es\\\/producto\\\/cera-natural-de-azucar-para-depilacion-800g\\\/#primaryimage\"},\"image\":{\"@id\":\"https:\\\/\\\/halawasugaring.com\\\/es\\\/producto\\\/cera-natural-de-azucar-para-depilacion-800g\\\/#primaryimage\"},\"thumbnailUrl\":\"https:\\\/\\\/halawasugaring.com\\\/wp-content\\\/uploads\\\/2025\\\/09\\\/halawa-sucre.webp\",\"datePublished\":\"2025-09-13T19:58:52+00:00\",\"dateModified\":\"2025-10-07T13:44:09+00:00\",\"breadcrumb\":{\"@id\":\"https:\\\/\\\/halawasugaring.com\\\/es\\\/producto\\\/cera-natural-de-azucar-para-depilacion-800g\\\/#breadcrumb\"},\"inLanguage\":\"es\",\"potentialAction\":[{\"@type\":\"ReadAction\",\"target\":[\"https:\\\/\\\/halawasugaring.com\\\/es\\\/producto\\\/cera-natural-de-azucar-para-depilacion-800g\\\/\"]}]},{\"@type\":\"ImageObject\",\"inLanguage\":\"es\",\"@id\":\"https:\\\/\\\/halawasugaring.com\\\/es\\\/producto\\\/cera-natural-de-azucar-para-depilacion-800g\\\/#primaryimage\",\"url\":\"https:\\\/\\\/halawasugaring.com\\\/wp-content\\\/uploads\\\/2025\\\/09\\\/halawa-sucre.webp\",\"contentUrl\":\"https:\\\/\\\/halawasugaring.com\\\/wp-content\\\/uploads\\\/2025\\\/09\\\/halawa-sucre.webp\",\"width\":823,\"height\":823,\"caption\":\"Kit Halawa Sucre\"},{\"@type\":\"BreadcrumbList\",\"@id\":\"https:\\\/\\\/halawasugaring.com\\\/es\\\/producto\\\/cera-natural-de-azucar-para-depilacion-800g\\\/#breadcrumb\",\"itemListElement\":[{\"@type\":\"ListItem\",\"position\":1,\"name\":\"Accueil\",\"item\":\"https:\\\/\\\/halawasugaring.com\\\/es\\\/\"},{\"@type\":\"ListItem\",\"position\":2,\"name\":\"Tienda\",\"item\":\"https:\\\/\\\/halawasugaring.com\\\/es\\\/tienda\\\/\"},{\"@type\":\"ListItem\",\"position\":3,\"name\":\"Cera Natural de Az\u00facar para Depilaci\u00f3n 800g\"}]},{\"@type\":\"WebSite\",\"@id\":\"https:\\\/\\\/halawasugaring.com\\\/es\\\/#website\",\"url\":\"https:\\\/\\\/halawasugaring.com\\\/es\\\/\",\"name\":\"Les Sucres Halawa\",\"description\":\"\",\"publisher\":{\"@id\":\"https:\\\/\\\/halawasugaring.com\\\/es\\\/#organization\"},\"potentialAction\":[{\"@type\":\"SearchAction\",\"target\":{\"@type\":\"EntryPoint\",\"urlTemplate\":\"https:\\\/\\\/halawasugaring.com\\\/es\\\/?s={search_term_string}\"},\"query-input\":{\"@type\":\"PropertyValueSpecification\",\"valueRequired\":true,\"valueName\":\"search_term_string\"}}],\"inLanguage\":\"es\"},{\"@type\":\"Organization\",\"@id\":\"https:\\\/\\\/halawasugaring.com\\\/es\\\/#organization\",\"name\":\"Les Sucres Halawa\",\"url\":\"https:\\\/\\\/halawasugaring.com\\\/es\\\/\",\"logo\":{\"@type\":\"ImageObject\",\"inLanguage\":\"es\",\"@id\":\"https:\\\/\\\/halawasugaring.com\\\/es\\\/#\\\/schema\\\/logo\\\/image\\\/\",\"url\":\"https:\\\/\\\/halawasugaring.com\\\/wp-content\\\/uploads\\\/2025\\\/10\\\/Les_Sucres_Halawa_Logo.webp\",\"contentUrl\":\"https:\\\/\\\/halawasugaring.com\\\/wp-content\\\/uploads\\\/2025\\\/10\\\/Les_Sucres_Halawa_Logo.webp\",\"width\":2414,\"height\":597,\"caption\":\"Les Sucres Halawa\"},\"image\":{\"@id\":\"https:\\\/\\\/halawasugaring.com\\\/es\\\/#\\\/schema\\\/logo\\\/image\\\/\"}}]}<\/script>\n<!-- \/ Yoast SEO plugin. -->","yoast_head_json":{"title":"Cera Natural de Az\u00facar para Depilaci\u00f3n 800g - Les Sucres Halawa","robots":{"index":"index","follow":"follow","max-snippet":"max-snippet:-1","max-image-preview":"max-image-preview:large","max-video-preview":"max-video-preview:-1"},"canonical":"https:\/\/halawasugaring.com\/es\/producto\/cera-natural-de-azucar-para-depilacion-800g\/","og_locale":"es_ES","og_type":"article","og_title":"Cera Natural de Az\u00facar para Depilaci\u00f3n 800g - Les Sucres Halawa","og_description":"Experimenta una\u00a0piel suave y libre de vello\u00a0con\u00a0la Cera Natural para Depilaci\u00f3n de Az\u00facar\u00a0HALAWA, tama\u00f1o GRANDE de 800g. Nuestra\u00a0cera de az\u00facar natural\u00a0es perfecta para una\u00a0depilaci\u00f3n suave y efectiva, ofreciendo hasta 10-12 aplicaciones en las piernas. Hecha con ingredientes naturales, es adecuada\u00a0para todo tipo de piel,\u00a0incluida\u00a0la piel sensible.  Caracter\u00edsticas:  Natural:\u00a0Ingredientes seguros y limpios. Efectiva:\u00a0Depilaci\u00f3n de larga duraci\u00f3n Tama\u00f1o Grande: 800g para un uso prolongado. Eco-Amigable:\u00a0Una opci\u00f3n de depilaci\u00f3n sostenible Suave: Ideal para piel sensible.  Elige HALAWA para una soluci\u00f3n de depilaci\u00f3n natural, efectiva y ecol\u00f3gica.","og_url":"https:\/\/halawasugaring.com\/es\/producto\/cera-natural-de-azucar-para-depilacion-800g\/","og_site_name":"Les Sucres Halawa","article_modified_time":"2025-10-07T13:44:09+00:00","og_image":[{"width":823,"height":823,"url":"https:\/\/halawasugaring.com\/wp-content\/uploads\/2025\/09\/halawa-sucre.webp","type":"image\/webp"}],"twitter_card":"summary_large_image","twitter_misc":{"Tiempo de lectura":"1 minuto"},"schema":{"@context":"https:\/\/schema.org","@graph":[{"@type":"WebPage","@id":"https:\/\/halawasugaring.com\/es\/producto\/cera-natural-de-azucar-para-depilacion-800g\/","url":"https:\/\/halawasugaring.com\/es\/producto\/cera-natural-de-azucar-para-depilacion-800g\/","name":"Cera Natural de Az\u00facar para Depilaci\u00f3n 800g - Les Sucres Halawa","isPartOf":{"@id":"https:\/\/halawasugaring.com\/es\/#website"},"primaryImageOfPage":{"@id":"https:\/\/halawasugaring.com\/es\/producto\/cera-natural-de-azucar-para-depilacion-800g\/#primaryimage"},"image":{"@id":"https:\/\/halawasugaring.com\/es\/producto\/cera-natural-de-azucar-para-depilacion-800g\/#primaryimage"},"thumbnailUrl":"https:\/\/halawasugaring.com\/wp-content\/uploads\/2025\/09\/halawa-sucre.webp","datePublished":"2025-09-13T19:58:52+00:00","dateModified":"2025-10-07T13:44:09+00:00","breadcrumb":{"@id":"https:\/\/halawasugaring.com\/es\/producto\/cera-natural-de-azucar-para-depilacion-800g\/#breadcrumb"},"inLanguage":"es","potentialAction":[{"@type":"ReadAction","target":["https:\/\/halawasugaring.com\/es\/producto\/cera-natural-de-azucar-para-depilacion-800g\/"]}]},{"@type":"ImageObject","inLanguage":"es","@id":"https:\/\/halawasugaring.com\/es\/producto\/cera-natural-de-azucar-para-depilacion-800g\/#primaryimage","url":"https:\/\/halawasugaring.com\/wp-content\/uploads\/2025\/09\/halawa-sucre.webp","contentUrl":"https:\/\/halawasugaring.com\/wp-content\/uploads\/2025\/09\/halawa-sucre.webp","width":823,"height":823,"caption":"Kit Halawa Sucre"},{"@type":"BreadcrumbList","@id":"https:\/\/halawasugaring.com\/es\/producto\/cera-natural-de-azucar-para-depilacion-800g\/#breadcrumb","itemListElement":[{"@type":"ListItem","position":1,"name":"Accueil","item":"https:\/\/halawasugaring.com\/es\/"},{"@type":"ListItem","position":2,"name":"Tienda","item":"https:\/\/halawasugaring.com\/es\/tienda\/"},{"@type":"ListItem","position":3,"name":"Cera Natural de Az\u00facar para Depilaci\u00f3n 800g"}]},{"@type":"WebSite","@id":"https:\/\/halawasugaring.com\/es\/#website","url":"https:\/\/halawasugaring.com\/es\/","name":"Les Sucres Halawa","description":"","publisher":{"@id":"https:\/\/halawasugaring.com\/es\/#organization"},"potentialAction":[{"@type":"SearchAction","target":{"@type":"EntryPoint","urlTemplate":"https:\/\/halawasugaring.com\/es\/?s={search_term_string}"},"query-input":{"@type":"PropertyValueSpecification","valueRequired":true,"valueName":"search_term_string"}}],"inLanguage":"es"},{"@type":"Organization","@id":"https:\/\/halawasugaring.com\/es\/#organization","name":"Les Sucres Halawa","url":"https:\/\/halawasugaring.com\/es\/","logo":{"@type":"ImageObject","inLanguage":"es","@id":"https:\/\/halawasugaring.com\/es\/#\/schema\/logo\/image\/","url":"https:\/\/halawasugaring.com\/wp-content\/uploads\/2025\/10\/Les_Sucres_Halawa_Logo.webp","contentUrl":"https:\/\/halawasugaring.com\/wp-content\/uploads\/2025\/10\/Les_Sucres_Halawa_Logo.webp","width":2414,"height":597,"caption":"Les Sucres Halawa"},"image":{"@id":"https:\/\/halawasugaring.com\/es\/#\/schema\/logo\/image\/"}}]}},"_links":{"self":[{"href":"https:\/\/halawasugaring.com\/es\/wp-json\/wp\/v2\/product\/2867","targetHints":{"allow":["GET"]}}],"collection":[{"href":"https:\/\/halawasugaring.com\/es\/wp-json\/wp\/v2\/product"}],"about":[{"href":"https:\/\/halawasugaring.com\/es\/wp-json\/wp\/v2\/types\/product"}],"replies":[{"embeddable":true,"href":"https:\/\/halawasugaring.com\/es\/wp-json\/wp\/v2\/comments?post=2867"}],"wp:featuredmedia":[{"embeddable":true,"href":"https:\/\/halawasugaring.com\/es\/wp-json\/wp\/v2\/media\/2869"}],"wp:attachment":[{"href":"https:\/\/halawasugaring.com\/es\/wp-json\/wp\/v2\/media?parent=2867"}],"wp:term":[{"taxonomy":"product_brand","embeddable":true,"href":"https:\/\/halawasugaring.com\/es\/wp-json\/wp\/v2\/product_brand?post=2867"},{"taxonomy":"product_cat","embeddable":true,"href":"https:\/\/halawasugaring.com\/es\/wp-json\/wp\/v2\/product_cat?post=2867"},{"taxonomy":"product_tag","embeddable":true,"href":"https:\/\/halawasugaring.com\/es\/wp-json\/wp\/v2\/product_tag?post=2867"}],"curies":[{"name":"wp","href":"https:\/\/api.w.org\/{rel}","templated":true}]}}