{"id":2862,"date":"2025-09-13T15:30:27","date_gmt":"2025-09-13T19:30:27","guid":{"rendered":"https:\/\/vlookdevsite2.com\/product\/lotion-pre-epilatoire\/"},"modified":"2025-10-07T08:40:40","modified_gmt":"2025-10-07T13:40:40","slug":"locion-pre-depilatoria","status":"publish","type":"product","link":"https:\/\/halawasugaring.com\/es\/producto\/locion-pre-depilatoria\/","title":{"rendered":"Loci\u00f3n Pr\u00e9-Depilat\u00f3ria"},"content":{"rendered":"","protected":false},"excerpt":{"rendered":"<p>Prepara y protege tu piel con la\u00a0<strong>Loci\u00f3n Pre-Depilatoria Calmante HALAWA<\/strong>. Esta loci\u00f3n est\u00e1 hecha con ingredientes naturales y dise\u00f1ada para suavizar los tallos del vello y abrir los fol\u00edculos pilosos, garantizando una experiencia de depilaci\u00f3n suave. Ideal tanto para el Sugaring como para la depilaci\u00f3n con cera, minimiza la incomodidad y reduce la irritaci\u00f3n de la piel.<\/p>\n<p>Beneficios:<\/p>\n<p><strong>Suavizante e Hidratante:<\/strong>\u00a0Hidrata y nutre para una experiencia de\u00a0Sugaring\u00a0menos dolorosa.<br \/>\n<strong>Prepara la Piel:<\/strong>\u00a0Abre los fol\u00edculos pilosos para una depilaci\u00f3n m\u00e1s f\u00e1cil.<br \/>\n<strong>Minimiza la Incomodidad:<\/strong>\u00a0Reduce la irritaci\u00f3n y el enrojecimiento.<\/p>\n<p>Elige HALAWA para una soluci\u00f3n pre-depilatoria efectiva y calmante.<\/p>\n","protected":false},"featured_media":2863,"comment_status":"open","ping_status":"closed","template":"","meta":{"site-sidebar-layout":"default","site-content-layout":"","ast-site-content-layout":"default","site-content-style":"default","site-sidebar-style":"default","ast-global-header-display":"","ast-banner-title-visibility":"","ast-main-header-display":"","ast-hfb-above-header-display":"","ast-hfb-below-header-display":"","ast-hfb-mobile-header-display":"","site-post-title":"","ast-breadcrumbs-content":"","ast-featured-img":"","footer-sml-layout":"","theme-transparent-header-meta":"default","adv-header-id-meta":"","stick-header-meta":"","header-above-stick-meta":"","header-main-stick-meta":"","header-below-stick-meta":"","astra-migrate-meta-layouts":"set","ast-page-background-enabled":"default","ast-page-background-meta":{"desktop":{"background-color":"var(--ast-global-color-4)","background-image":"","background-repeat":"repeat","background-position":"center center","background-size":"auto","background-attachment":"scroll","background-type":"","background-media":"","overlay-type":"","overlay-color":"","overlay-opacity":"","overlay-gradient":""},"tablet":{"background-color":"","background-image":"","background-repeat":"repeat","background-position":"center center","background-size":"auto","background-attachment":"scroll","background-type":"","background-media":"","overlay-type":"","overlay-color":"","overlay-opacity":"","overlay-gradient":""},"mobile":{"background-color":"","background-image":"","background-repeat":"repeat","background-position":"center center","background-size":"auto","background-attachment":"scroll","background-type":"","background-media":"","overlay-type":"","overlay-color":"","overlay-opacity":"","overlay-gradient":""}},"ast-content-background-meta":{"desktop":{"background-color":"var(--ast-global-color-5)","background-image":"","background-repeat":"repeat","background-position":"center center","background-size":"auto","background-attachment":"scroll","background-type":"","background-media":"","overlay-type":"","overlay-color":"","overlay-opacity":"","overlay-gradient":""},"tablet":{"background-color":"var(--ast-global-color-5)","background-image":"","background-repeat":"repeat","background-position":"center center","background-size":"auto","background-attachment":"scroll","background-type":"","background-media":"","overlay-type":"","overlay-color":"","overlay-opacity":"","overlay-gradient":""},"mobile":{"background-color":"var(--ast-global-color-5)","background-image":"","background-repeat":"repeat","background-position":"center center","background-size":"auto","background-attachment":"scroll","background-type":"","background-media":"","overlay-type":"","overlay-color":"","overlay-opacity":"","overlay-gradient":""}}},"product_brand":[],"product_cat":[45],"product_tag":[],"class_list":{"0":"post-2862","1":"product","2":"type-product","3":"status-publish","4":"has-post-thumbnail","6":"product_cat-halawa-en-casa","7":"desktop-align-left","8":"tablet-align-left","9":"mobile-align-left","10":"ast-product-gallery-layout-vertical-slider","11":"ast-product-gallery-with-no-image","12":"ast-qv-on-image","14":"first","15":"instock","16":"taxable","17":"shipping-taxable","18":"purchasable","19":"product-type-simple"},"yoast_head":"<!-- This site is optimized with the Yoast SEO plugin v27.4 - https:\/\/yoast.com\/product\/yoast-seo-wordpress\/ -->\n<title>Loci\u00f3n Pr\u00e9-Depilat\u00f3ria - Les Sucres Halawa<\/title>\n<meta name=\"robots\" content=\"index, follow, max-snippet:-1, max-image-preview:large, max-video-preview:-1\" \/>\n<link rel=\"canonical\" href=\"https:\/\/halawasugaring.com\/es\/producto\/locion-pre-depilatoria\/\" \/>\n<meta property=\"og:locale\" content=\"es_ES\" \/>\n<meta property=\"og:type\" content=\"article\" \/>\n<meta property=\"og:title\" content=\"Loci\u00f3n Pr\u00e9-Depilat\u00f3ria - Les Sucres Halawa\" \/>\n<meta property=\"og:description\" content=\"Prepara y protege tu piel con la\u00a0Loci\u00f3n Pre-Depilatoria Calmante HALAWA. Esta loci\u00f3n est\u00e1 hecha con ingredientes naturales y dise\u00f1ada para suavizar los tallos del vello y abrir los fol\u00edculos pilosos, garantizando una experiencia de depilaci\u00f3n suave. Ideal tanto para el Sugaring como para la depilaci\u00f3n con cera, minimiza la incomodidad y reduce la irritaci\u00f3n de la piel.  Beneficios:  Suavizante e Hidratante:\u00a0Hidrata y nutre para una experiencia de\u00a0Sugaring\u00a0menos dolorosa. Prepara la Piel:\u00a0Abre los fol\u00edculos pilosos para una depilaci\u00f3n m\u00e1s f\u00e1cil. Minimiza la Incomodidad:\u00a0Reduce la irritaci\u00f3n y el enrojecimiento.  Elige HALAWA para una soluci\u00f3n pre-depilatoria efectiva y calmante.\" \/>\n<meta property=\"og:url\" content=\"https:\/\/halawasugaring.com\/es\/producto\/locion-pre-depilatoria\/\" \/>\n<meta property=\"og:site_name\" content=\"Les Sucres Halawa\" \/>\n<meta property=\"article:modified_time\" content=\"2025-10-07T13:40:40+00:00\" \/>\n<meta property=\"og:image\" content=\"https:\/\/halawasugaring.com\/wp-content\/uploads\/2025\/09\/Pre-EpilatoryLotionSmall_837c1f44-cafa-4ae0-ad48-72220f9dc20d.webp\" \/>\n\t<meta property=\"og:image:width\" content=\"823\" \/>\n\t<meta property=\"og:image:height\" content=\"823\" \/>\n\t<meta property=\"og:image:type\" content=\"image\/webp\" \/>\n<meta name=\"twitter:card\" content=\"summary_large_image\" \/>\n<meta name=\"twitter:label1\" content=\"Tiempo de lectura\" \/>\n\t<meta name=\"twitter:data1\" content=\"1 minuto\" \/>\n<script type=\"application\/ld+json\" class=\"yoast-schema-graph\">{\"@context\":\"https:\\\/\\\/schema.org\",\"@graph\":[{\"@type\":\"WebPage\",\"@id\":\"https:\\\/\\\/halawasugaring.com\\\/es\\\/producto\\\/locion-pre-depilatoria\\\/\",\"url\":\"https:\\\/\\\/halawasugaring.com\\\/es\\\/producto\\\/locion-pre-depilatoria\\\/\",\"name\":\"Loci\u00f3n Pr\u00e9-Depilat\u00f3ria - Les Sucres Halawa\",\"isPartOf\":{\"@id\":\"https:\\\/\\\/halawasugaring.com\\\/es\\\/#website\"},\"primaryImageOfPage\":{\"@id\":\"https:\\\/\\\/halawasugaring.com\\\/es\\\/producto\\\/locion-pre-depilatoria\\\/#primaryimage\"},\"image\":{\"@id\":\"https:\\\/\\\/halawasugaring.com\\\/es\\\/producto\\\/locion-pre-depilatoria\\\/#primaryimage\"},\"thumbnailUrl\":\"https:\\\/\\\/halawasugaring.com\\\/wp-content\\\/uploads\\\/2025\\\/09\\\/Pre-EpilatoryLotionSmall_837c1f44-cafa-4ae0-ad48-72220f9dc20d.webp\",\"datePublished\":\"2025-09-13T19:30:27+00:00\",\"dateModified\":\"2025-10-07T13:40:40+00:00\",\"breadcrumb\":{\"@id\":\"https:\\\/\\\/halawasugaring.com\\\/es\\\/producto\\\/locion-pre-depilatoria\\\/#breadcrumb\"},\"inLanguage\":\"es\",\"potentialAction\":[{\"@type\":\"ReadAction\",\"target\":[\"https:\\\/\\\/halawasugaring.com\\\/es\\\/producto\\\/locion-pre-depilatoria\\\/\"]}]},{\"@type\":\"ImageObject\",\"inLanguage\":\"es\",\"@id\":\"https:\\\/\\\/halawasugaring.com\\\/es\\\/producto\\\/locion-pre-depilatoria\\\/#primaryimage\",\"url\":\"https:\\\/\\\/halawasugaring.com\\\/wp-content\\\/uploads\\\/2025\\\/09\\\/Pre-EpilatoryLotionSmall_837c1f44-cafa-4ae0-ad48-72220f9dc20d.webp\",\"contentUrl\":\"https:\\\/\\\/halawasugaring.com\\\/wp-content\\\/uploads\\\/2025\\\/09\\\/Pre-EpilatoryLotionSmall_837c1f44-cafa-4ae0-ad48-72220f9dc20d.webp\",\"width\":823,\"height\":823},{\"@type\":\"BreadcrumbList\",\"@id\":\"https:\\\/\\\/halawasugaring.com\\\/es\\\/producto\\\/locion-pre-depilatoria\\\/#breadcrumb\",\"itemListElement\":[{\"@type\":\"ListItem\",\"position\":1,\"name\":\"Accueil\",\"item\":\"https:\\\/\\\/halawasugaring.com\\\/es\\\/\"},{\"@type\":\"ListItem\",\"position\":2,\"name\":\"Tienda\",\"item\":\"https:\\\/\\\/halawasugaring.com\\\/es\\\/tienda\\\/\"},{\"@type\":\"ListItem\",\"position\":3,\"name\":\"Loci\u00f3n Pr\u00e9-Depilat\u00f3ria\"}]},{\"@type\":\"WebSite\",\"@id\":\"https:\\\/\\\/halawasugaring.com\\\/es\\\/#website\",\"url\":\"https:\\\/\\\/halawasugaring.com\\\/es\\\/\",\"name\":\"Les Sucres Halawa\",\"description\":\"\",\"publisher\":{\"@id\":\"https:\\\/\\\/halawasugaring.com\\\/es\\\/#organization\"},\"potentialAction\":[{\"@type\":\"SearchAction\",\"target\":{\"@type\":\"EntryPoint\",\"urlTemplate\":\"https:\\\/\\\/halawasugaring.com\\\/es\\\/?s={search_term_string}\"},\"query-input\":{\"@type\":\"PropertyValueSpecification\",\"valueRequired\":true,\"valueName\":\"search_term_string\"}}],\"inLanguage\":\"es\"},{\"@type\":\"Organization\",\"@id\":\"https:\\\/\\\/halawasugaring.com\\\/es\\\/#organization\",\"name\":\"Les Sucres Halawa\",\"url\":\"https:\\\/\\\/halawasugaring.com\\\/es\\\/\",\"logo\":{\"@type\":\"ImageObject\",\"inLanguage\":\"es\",\"@id\":\"https:\\\/\\\/halawasugaring.com\\\/es\\\/#\\\/schema\\\/logo\\\/image\\\/\",\"url\":\"https:\\\/\\\/halawasugaring.com\\\/wp-content\\\/uploads\\\/2025\\\/10\\\/Les_Sucres_Halawa_Logo.webp\",\"contentUrl\":\"https:\\\/\\\/halawasugaring.com\\\/wp-content\\\/uploads\\\/2025\\\/10\\\/Les_Sucres_Halawa_Logo.webp\",\"width\":2414,\"height\":597,\"caption\":\"Les Sucres Halawa\"},\"image\":{\"@id\":\"https:\\\/\\\/halawasugaring.com\\\/es\\\/#\\\/schema\\\/logo\\\/image\\\/\"}}]}<\/script>\n<!-- \/ Yoast SEO plugin. -->","yoast_head_json":{"title":"Loci\u00f3n Pr\u00e9-Depilat\u00f3ria - Les Sucres Halawa","robots":{"index":"index","follow":"follow","max-snippet":"max-snippet:-1","max-image-preview":"max-image-preview:large","max-video-preview":"max-video-preview:-1"},"canonical":"https:\/\/halawasugaring.com\/es\/producto\/locion-pre-depilatoria\/","og_locale":"es_ES","og_type":"article","og_title":"Loci\u00f3n Pr\u00e9-Depilat\u00f3ria - Les Sucres Halawa","og_description":"Prepara y protege tu piel con la\u00a0Loci\u00f3n Pre-Depilatoria Calmante HALAWA. Esta loci\u00f3n est\u00e1 hecha con ingredientes naturales y dise\u00f1ada para suavizar los tallos del vello y abrir los fol\u00edculos pilosos, garantizando una experiencia de depilaci\u00f3n suave. Ideal tanto para el Sugaring como para la depilaci\u00f3n con cera, minimiza la incomodidad y reduce la irritaci\u00f3n de la piel.  Beneficios:  Suavizante e Hidratante:\u00a0Hidrata y nutre para una experiencia de\u00a0Sugaring\u00a0menos dolorosa. Prepara la Piel:\u00a0Abre los fol\u00edculos pilosos para una depilaci\u00f3n m\u00e1s f\u00e1cil. Minimiza la Incomodidad:\u00a0Reduce la irritaci\u00f3n y el enrojecimiento.  Elige HALAWA para una soluci\u00f3n pre-depilatoria efectiva y calmante.","og_url":"https:\/\/halawasugaring.com\/es\/producto\/locion-pre-depilatoria\/","og_site_name":"Les Sucres Halawa","article_modified_time":"2025-10-07T13:40:40+00:00","og_image":[{"width":823,"height":823,"url":"https:\/\/halawasugaring.com\/wp-content\/uploads\/2025\/09\/Pre-EpilatoryLotionSmall_837c1f44-cafa-4ae0-ad48-72220f9dc20d.webp","type":"image\/webp"}],"twitter_card":"summary_large_image","twitter_misc":{"Tiempo de lectura":"1 minuto"},"schema":{"@context":"https:\/\/schema.org","@graph":[{"@type":"WebPage","@id":"https:\/\/halawasugaring.com\/es\/producto\/locion-pre-depilatoria\/","url":"https:\/\/halawasugaring.com\/es\/producto\/locion-pre-depilatoria\/","name":"Loci\u00f3n Pr\u00e9-Depilat\u00f3ria - Les Sucres Halawa","isPartOf":{"@id":"https:\/\/halawasugaring.com\/es\/#website"},"primaryImageOfPage":{"@id":"https:\/\/halawasugaring.com\/es\/producto\/locion-pre-depilatoria\/#primaryimage"},"image":{"@id":"https:\/\/halawasugaring.com\/es\/producto\/locion-pre-depilatoria\/#primaryimage"},"thumbnailUrl":"https:\/\/halawasugaring.com\/wp-content\/uploads\/2025\/09\/Pre-EpilatoryLotionSmall_837c1f44-cafa-4ae0-ad48-72220f9dc20d.webp","datePublished":"2025-09-13T19:30:27+00:00","dateModified":"2025-10-07T13:40:40+00:00","breadcrumb":{"@id":"https:\/\/halawasugaring.com\/es\/producto\/locion-pre-depilatoria\/#breadcrumb"},"inLanguage":"es","potentialAction":[{"@type":"ReadAction","target":["https:\/\/halawasugaring.com\/es\/producto\/locion-pre-depilatoria\/"]}]},{"@type":"ImageObject","inLanguage":"es","@id":"https:\/\/halawasugaring.com\/es\/producto\/locion-pre-depilatoria\/#primaryimage","url":"https:\/\/halawasugaring.com\/wp-content\/uploads\/2025\/09\/Pre-EpilatoryLotionSmall_837c1f44-cafa-4ae0-ad48-72220f9dc20d.webp","contentUrl":"https:\/\/halawasugaring.com\/wp-content\/uploads\/2025\/09\/Pre-EpilatoryLotionSmall_837c1f44-cafa-4ae0-ad48-72220f9dc20d.webp","width":823,"height":823},{"@type":"BreadcrumbList","@id":"https:\/\/halawasugaring.com\/es\/producto\/locion-pre-depilatoria\/#breadcrumb","itemListElement":[{"@type":"ListItem","position":1,"name":"Accueil","item":"https:\/\/halawasugaring.com\/es\/"},{"@type":"ListItem","position":2,"name":"Tienda","item":"https:\/\/halawasugaring.com\/es\/tienda\/"},{"@type":"ListItem","position":3,"name":"Loci\u00f3n Pr\u00e9-Depilat\u00f3ria"}]},{"@type":"WebSite","@id":"https:\/\/halawasugaring.com\/es\/#website","url":"https:\/\/halawasugaring.com\/es\/","name":"Les Sucres Halawa","description":"","publisher":{"@id":"https:\/\/halawasugaring.com\/es\/#organization"},"potentialAction":[{"@type":"SearchAction","target":{"@type":"EntryPoint","urlTemplate":"https:\/\/halawasugaring.com\/es\/?s={search_term_string}"},"query-input":{"@type":"PropertyValueSpecification","valueRequired":true,"valueName":"search_term_string"}}],"inLanguage":"es"},{"@type":"Organization","@id":"https:\/\/halawasugaring.com\/es\/#organization","name":"Les Sucres Halawa","url":"https:\/\/halawasugaring.com\/es\/","logo":{"@type":"ImageObject","inLanguage":"es","@id":"https:\/\/halawasugaring.com\/es\/#\/schema\/logo\/image\/","url":"https:\/\/halawasugaring.com\/wp-content\/uploads\/2025\/10\/Les_Sucres_Halawa_Logo.webp","contentUrl":"https:\/\/halawasugaring.com\/wp-content\/uploads\/2025\/10\/Les_Sucres_Halawa_Logo.webp","width":2414,"height":597,"caption":"Les Sucres Halawa"},"image":{"@id":"https:\/\/halawasugaring.com\/es\/#\/schema\/logo\/image\/"}}]}},"_links":{"self":[{"href":"https:\/\/halawasugaring.com\/es\/wp-json\/wp\/v2\/product\/2862","targetHints":{"allow":["GET"]}}],"collection":[{"href":"https:\/\/halawasugaring.com\/es\/wp-json\/wp\/v2\/product"}],"about":[{"href":"https:\/\/halawasugaring.com\/es\/wp-json\/wp\/v2\/types\/product"}],"replies":[{"embeddable":true,"href":"https:\/\/halawasugaring.com\/es\/wp-json\/wp\/v2\/comments?post=2862"}],"wp:featuredmedia":[{"embeddable":true,"href":"https:\/\/halawasugaring.com\/es\/wp-json\/wp\/v2\/media\/2863"}],"wp:attachment":[{"href":"https:\/\/halawasugaring.com\/es\/wp-json\/wp\/v2\/media?parent=2862"}],"wp:term":[{"taxonomy":"product_brand","embeddable":true,"href":"https:\/\/halawasugaring.com\/es\/wp-json\/wp\/v2\/product_brand?post=2862"},{"taxonomy":"product_cat","embeddable":true,"href":"https:\/\/halawasugaring.com\/es\/wp-json\/wp\/v2\/product_cat?post=2862"},{"taxonomy":"product_tag","embeddable":true,"href":"https:\/\/halawasugaring.com\/es\/wp-json\/wp\/v2\/product_tag?post=2862"}],"curies":[{"name":"wp","href":"https:\/\/api.w.org\/{rel}","templated":true}]}}