{"id":2847,"date":"2025-09-13T15:28:37","date_gmt":"2025-09-13T19:28:37","guid":{"rendered":"https:\/\/vlookdevsite2.com\/product\/kit-complet-depilation-a-la-pate-de-sucre-a-faire-a-la-maison\/"},"modified":"2025-10-07T08:37:18","modified_gmt":"2025-10-07T13:37:18","slug":"kit-de-sugaring-para-la-depilacion-en-casa","status":"publish","type":"product","link":"https:\/\/halawasugaring.com\/es\/producto\/kit-de-sugaring-para-la-depilacion-en-casa\/","title":{"rendered":"Kit de sugaring para la depilaci\u00f3n en casa"},"content":{"rendered":"","protected":false},"excerpt":{"rendered":"<p>Logra una depilaci\u00f3n de\u00a0<strong>calidad profesional<\/strong>\u00a0en casa con\u00a0<strong>el Kit de Depilaci\u00f3n con Az\u00facar HALAWA AT HOME<\/strong>. Este kit completo incluye<strong>\u00a04 art\u00edculos esenciales<\/strong>\u00a0para una depilaci\u00f3n efectiva. Experimenta una piel suave y libre de vello con nuestra t<strong>\u00e9cnica de\u00a0Sugaring f\u00e1cil de usar.<\/strong><\/p>\n<p><strong>Lo que incluye:<\/strong><\/p>\n<p>Cera de Az\u00facar Epilatoria Halawa &#8211; 800g<br \/>\n100 Tiras de Tejido No Tejido Hilado<br \/>\n10 Palitos de Madera<br \/>\n1 Guante Exfoliante<\/p>\n<p>Caracter\u00edsticas:<\/p>\n<ul>\n<li><strong>Soluci\u00f3n Completa de Depilaci\u00f3n:<\/strong>\u00a0Incluye cera de az\u00facar, tiras, palitos y guante exfoliante.<\/li>\n<li><strong>T\u00e9cnica Efectiva:<\/strong>\u00a0Elimina todo el vello no deseado del rostro y el cuerpo.<\/li>\n<li><strong>Conveniente y Ahorrador de Tiempo:<\/strong>\u00a0Obt\u00e9n resultados de calidad profesional en casa.<\/li>\n<li><strong>F\u00e1cil de Usar:<\/strong>\u00a0Instrucciones simples para una aplicaci\u00f3n suave y proceso de depilaci\u00f3n.<\/li>\n<li><strong>Depilaci\u00f3n en Casa:<\/strong>\u00a0Logra un servicio de SUGARING de calidad profesional sin salir de tu casa.<\/li>\n<li><strong>Eco-Amigable:<\/strong>\u00a0Hecho con ingredientes naturales para una soluci\u00f3n de depilaci\u00f3n saludable.<\/li>\n<\/ul>\n<p>Ingredientes (INCI):<br \/>\nAgua\/Aqua, Az\u00facar\/Sacarosa, Lim\u00f3n\/Citrus Limon<\/p>\n<p>Transforma tu rutina de depilaci\u00f3n con el Kit de Depilaci\u00f3n con Az\u00facar HALAWA AT HOME.<\/p>\n","protected":false},"featured_media":2849,"comment_status":"open","ping_status":"closed","template":"","meta":{"site-sidebar-layout":"default","site-content-layout":"","ast-site-content-layout":"default","site-content-style":"default","site-sidebar-style":"default","ast-global-header-display":"","ast-banner-title-visibility":"","ast-main-header-display":"","ast-hfb-above-header-display":"","ast-hfb-below-header-display":"","ast-hfb-mobile-header-display":"","site-post-title":"","ast-breadcrumbs-content":"","ast-featured-img":"","footer-sml-layout":"","theme-transparent-header-meta":"default","adv-header-id-meta":"","stick-header-meta":"","header-above-stick-meta":"","header-main-stick-meta":"","header-below-stick-meta":"","astra-migrate-meta-layouts":"set","ast-page-background-enabled":"default","ast-page-background-meta":{"desktop":{"background-color":"var(--ast-global-color-4)","background-image":"","background-repeat":"repeat","background-position":"center center","background-size":"auto","background-attachment":"scroll","background-type":"","background-media":"","overlay-type":"","overlay-color":"","overlay-opacity":"","overlay-gradient":""},"tablet":{"background-color":"","background-image":"","background-repeat":"repeat","background-position":"center center","background-size":"auto","background-attachment":"scroll","background-type":"","background-media":"","overlay-type":"","overlay-color":"","overlay-opacity":"","overlay-gradient":""},"mobile":{"background-color":"","background-image":"","background-repeat":"repeat","background-position":"center center","background-size":"auto","background-attachment":"scroll","background-type":"","background-media":"","overlay-type":"","overlay-color":"","overlay-opacity":"","overlay-gradient":""}},"ast-content-background-meta":{"desktop":{"background-color":"var(--ast-global-color-5)","background-image":"","background-repeat":"repeat","background-position":"center center","background-size":"auto","background-attachment":"scroll","background-type":"","background-media":"","overlay-type":"","overlay-color":"","overlay-opacity":"","overlay-gradient":""},"tablet":{"background-color":"var(--ast-global-color-5)","background-image":"","background-repeat":"repeat","background-position":"center center","background-size":"auto","background-attachment":"scroll","background-type":"","background-media":"","overlay-type":"","overlay-color":"","overlay-opacity":"","overlay-gradient":""},"mobile":{"background-color":"var(--ast-global-color-5)","background-image":"","background-repeat":"repeat","background-position":"center center","background-size":"auto","background-attachment":"scroll","background-type":"","background-media":"","overlay-type":"","overlay-color":"","overlay-opacity":"","overlay-gradient":""}}},"product_brand":[],"product_cat":[45],"product_tag":[],"class_list":{"0":"post-2847","1":"product","2":"type-product","3":"status-publish","4":"has-post-thumbnail","6":"product_cat-halawa-en-casa","7":"desktop-align-left","8":"tablet-align-left","9":"mobile-align-left","10":"ast-product-gallery-layout-vertical-slider","11":"ast-qv-on-image","13":"first","14":"instock","15":"taxable","16":"shipping-taxable","17":"purchasable","18":"product-type-simple"},"yoast_head":"<!-- This site is optimized with the Yoast SEO plugin v27.4 - https:\/\/yoast.com\/product\/yoast-seo-wordpress\/ -->\n<title>Kit de sugaring para la depilaci\u00f3n en casa - Les Sucres Halawa<\/title>\n<meta name=\"robots\" content=\"index, follow, max-snippet:-1, max-image-preview:large, max-video-preview:-1\" \/>\n<link rel=\"canonical\" href=\"https:\/\/halawasugaring.com\/es\/producto\/kit-de-sugaring-para-la-depilacion-en-casa\/\" \/>\n<meta property=\"og:locale\" content=\"es_ES\" \/>\n<meta property=\"og:type\" content=\"article\" \/>\n<meta property=\"og:title\" content=\"Kit de sugaring para la depilaci\u00f3n en casa - Les Sucres Halawa\" \/>\n<meta property=\"og:description\" content=\"Logra una depilaci\u00f3n de\u00a0calidad profesional\u00a0en casa con\u00a0el Kit de Depilaci\u00f3n con Az\u00facar HALAWA AT HOME. Este kit completo incluye\u00a04 art\u00edculos esenciales\u00a0para una depilaci\u00f3n efectiva. Experimenta una piel suave y libre de vello con nuestra t\u00e9cnica de\u00a0Sugaring f\u00e1cil de usar.  Lo que incluye:  Cera de Az\u00facar Epilatoria Halawa - 800g 100 Tiras de Tejido No Tejido Hilado 10 Palitos de Madera 1 Guante Exfoliante  Caracter\u00edsticas:   Soluci\u00f3n Completa de Depilaci\u00f3n:\u00a0Incluye cera de az\u00facar, tiras, palitos y guante exfoliante.  T\u00e9cnica Efectiva:\u00a0Elimina todo el vello no deseado del rostro y el cuerpo.  Conveniente y Ahorrador de Tiempo:\u00a0Obt\u00e9n resultados de calidad profesional en casa.  F\u00e1cil de Usar:\u00a0Instrucciones simples para una aplicaci\u00f3n suave y proceso de depilaci\u00f3n.  Depilaci\u00f3n en Casa:\u00a0Logra un servicio de SUGARING de calidad profesional sin salir de tu casa.  Eco-Amigable:\u00a0Hecho con ingredientes naturales para una soluci\u00f3n de depilaci\u00f3n saludable.  Ingredientes (INCI): Agua\/Aqua, Az\u00facar\/Sacarosa, Lim\u00f3n\/Citrus Limon  Transforma tu rutina de depilaci\u00f3n con el Kit de Depilaci\u00f3n con Az\u00facar HALAWA AT HOME.\" \/>\n<meta property=\"og:url\" content=\"https:\/\/halawasugaring.com\/es\/producto\/kit-de-sugaring-para-la-depilacion-en-casa\/\" \/>\n<meta property=\"og:site_name\" content=\"Les Sucres Halawa\" \/>\n<meta property=\"article:modified_time\" content=\"2025-10-07T13:37:18+00:00\" \/>\n<meta property=\"og:image\" content=\"https:\/\/halawasugaring.com\/wp-content\/uploads\/2025\/09\/kit_halawa.webp\" \/>\n\t<meta property=\"og:image:width\" content=\"823\" \/>\n\t<meta property=\"og:image:height\" content=\"823\" \/>\n\t<meta property=\"og:image:type\" content=\"image\/webp\" \/>\n<meta name=\"twitter:card\" content=\"summary_large_image\" \/>\n<meta name=\"twitter:label1\" content=\"Tiempo de lectura\" \/>\n\t<meta name=\"twitter:data1\" content=\"1 minuto\" \/>\n<script type=\"application\/ld+json\" class=\"yoast-schema-graph\">{\"@context\":\"https:\\\/\\\/schema.org\",\"@graph\":[{\"@type\":\"WebPage\",\"@id\":\"https:\\\/\\\/halawasugaring.com\\\/es\\\/producto\\\/kit-de-sugaring-para-la-depilacion-en-casa\\\/\",\"url\":\"https:\\\/\\\/halawasugaring.com\\\/es\\\/producto\\\/kit-de-sugaring-para-la-depilacion-en-casa\\\/\",\"name\":\"Kit de sugaring para la depilaci\u00f3n en casa - Les Sucres Halawa\",\"isPartOf\":{\"@id\":\"https:\\\/\\\/halawasugaring.com\\\/es\\\/#website\"},\"primaryImageOfPage\":{\"@id\":\"https:\\\/\\\/halawasugaring.com\\\/es\\\/producto\\\/kit-de-sugaring-para-la-depilacion-en-casa\\\/#primaryimage\"},\"image\":{\"@id\":\"https:\\\/\\\/halawasugaring.com\\\/es\\\/producto\\\/kit-de-sugaring-para-la-depilacion-en-casa\\\/#primaryimage\"},\"thumbnailUrl\":\"https:\\\/\\\/halawasugaring.com\\\/wp-content\\\/uploads\\\/2025\\\/09\\\/kit_halawa.webp\",\"datePublished\":\"2025-09-13T19:28:37+00:00\",\"dateModified\":\"2025-10-07T13:37:18+00:00\",\"breadcrumb\":{\"@id\":\"https:\\\/\\\/halawasugaring.com\\\/es\\\/producto\\\/kit-de-sugaring-para-la-depilacion-en-casa\\\/#breadcrumb\"},\"inLanguage\":\"es\",\"potentialAction\":[{\"@type\":\"ReadAction\",\"target\":[\"https:\\\/\\\/halawasugaring.com\\\/es\\\/producto\\\/kit-de-sugaring-para-la-depilacion-en-casa\\\/\"]}]},{\"@type\":\"ImageObject\",\"inLanguage\":\"es\",\"@id\":\"https:\\\/\\\/halawasugaring.com\\\/es\\\/producto\\\/kit-de-sugaring-para-la-depilacion-en-casa\\\/#primaryimage\",\"url\":\"https:\\\/\\\/halawasugaring.com\\\/wp-content\\\/uploads\\\/2025\\\/09\\\/kit_halawa.webp\",\"contentUrl\":\"https:\\\/\\\/halawasugaring.com\\\/wp-content\\\/uploads\\\/2025\\\/09\\\/kit_halawa.webp\",\"width\":823,\"height\":823},{\"@type\":\"BreadcrumbList\",\"@id\":\"https:\\\/\\\/halawasugaring.com\\\/es\\\/producto\\\/kit-de-sugaring-para-la-depilacion-en-casa\\\/#breadcrumb\",\"itemListElement\":[{\"@type\":\"ListItem\",\"position\":1,\"name\":\"Accueil\",\"item\":\"https:\\\/\\\/halawasugaring.com\\\/es\\\/\"},{\"@type\":\"ListItem\",\"position\":2,\"name\":\"Tienda\",\"item\":\"https:\\\/\\\/halawasugaring.com\\\/es\\\/tienda\\\/\"},{\"@type\":\"ListItem\",\"position\":3,\"name\":\"Kit de sugaring para la depilaci\u00f3n en casa\"}]},{\"@type\":\"WebSite\",\"@id\":\"https:\\\/\\\/halawasugaring.com\\\/es\\\/#website\",\"url\":\"https:\\\/\\\/halawasugaring.com\\\/es\\\/\",\"name\":\"Les Sucres Halawa\",\"description\":\"\",\"publisher\":{\"@id\":\"https:\\\/\\\/halawasugaring.com\\\/es\\\/#organization\"},\"potentialAction\":[{\"@type\":\"SearchAction\",\"target\":{\"@type\":\"EntryPoint\",\"urlTemplate\":\"https:\\\/\\\/halawasugaring.com\\\/es\\\/?s={search_term_string}\"},\"query-input\":{\"@type\":\"PropertyValueSpecification\",\"valueRequired\":true,\"valueName\":\"search_term_string\"}}],\"inLanguage\":\"es\"},{\"@type\":\"Organization\",\"@id\":\"https:\\\/\\\/halawasugaring.com\\\/es\\\/#organization\",\"name\":\"Les Sucres Halawa\",\"url\":\"https:\\\/\\\/halawasugaring.com\\\/es\\\/\",\"logo\":{\"@type\":\"ImageObject\",\"inLanguage\":\"es\",\"@id\":\"https:\\\/\\\/halawasugaring.com\\\/es\\\/#\\\/schema\\\/logo\\\/image\\\/\",\"url\":\"https:\\\/\\\/halawasugaring.com\\\/wp-content\\\/uploads\\\/2025\\\/10\\\/Les_Sucres_Halawa_Logo.webp\",\"contentUrl\":\"https:\\\/\\\/halawasugaring.com\\\/wp-content\\\/uploads\\\/2025\\\/10\\\/Les_Sucres_Halawa_Logo.webp\",\"width\":2414,\"height\":597,\"caption\":\"Les Sucres Halawa\"},\"image\":{\"@id\":\"https:\\\/\\\/halawasugaring.com\\\/es\\\/#\\\/schema\\\/logo\\\/image\\\/\"}}]}<\/script>\n<!-- \/ Yoast SEO plugin. -->","yoast_head_json":{"title":"Kit de sugaring para la depilaci\u00f3n en casa - Les Sucres Halawa","robots":{"index":"index","follow":"follow","max-snippet":"max-snippet:-1","max-image-preview":"max-image-preview:large","max-video-preview":"max-video-preview:-1"},"canonical":"https:\/\/halawasugaring.com\/es\/producto\/kit-de-sugaring-para-la-depilacion-en-casa\/","og_locale":"es_ES","og_type":"article","og_title":"Kit de sugaring para la depilaci\u00f3n en casa - Les Sucres Halawa","og_description":"Logra una depilaci\u00f3n de\u00a0calidad profesional\u00a0en casa con\u00a0el Kit de Depilaci\u00f3n con Az\u00facar HALAWA AT HOME. Este kit completo incluye\u00a04 art\u00edculos esenciales\u00a0para una depilaci\u00f3n efectiva. Experimenta una piel suave y libre de vello con nuestra t\u00e9cnica de\u00a0Sugaring f\u00e1cil de usar.  Lo que incluye:  Cera de Az\u00facar Epilatoria Halawa - 800g 100 Tiras de Tejido No Tejido Hilado 10 Palitos de Madera 1 Guante Exfoliante  Caracter\u00edsticas:   Soluci\u00f3n Completa de Depilaci\u00f3n:\u00a0Incluye cera de az\u00facar, tiras, palitos y guante exfoliante.  T\u00e9cnica Efectiva:\u00a0Elimina todo el vello no deseado del rostro y el cuerpo.  Conveniente y Ahorrador de Tiempo:\u00a0Obt\u00e9n resultados de calidad profesional en casa.  F\u00e1cil de Usar:\u00a0Instrucciones simples para una aplicaci\u00f3n suave y proceso de depilaci\u00f3n.  Depilaci\u00f3n en Casa:\u00a0Logra un servicio de SUGARING de calidad profesional sin salir de tu casa.  Eco-Amigable:\u00a0Hecho con ingredientes naturales para una soluci\u00f3n de depilaci\u00f3n saludable.  Ingredientes (INCI): Agua\/Aqua, Az\u00facar\/Sacarosa, Lim\u00f3n\/Citrus Limon  Transforma tu rutina de depilaci\u00f3n con el Kit de Depilaci\u00f3n con Az\u00facar HALAWA AT HOME.","og_url":"https:\/\/halawasugaring.com\/es\/producto\/kit-de-sugaring-para-la-depilacion-en-casa\/","og_site_name":"Les Sucres Halawa","article_modified_time":"2025-10-07T13:37:18+00:00","og_image":[{"width":823,"height":823,"url":"https:\/\/halawasugaring.com\/wp-content\/uploads\/2025\/09\/kit_halawa.webp","type":"image\/webp"}],"twitter_card":"summary_large_image","twitter_misc":{"Tiempo de lectura":"1 minuto"},"schema":{"@context":"https:\/\/schema.org","@graph":[{"@type":"WebPage","@id":"https:\/\/halawasugaring.com\/es\/producto\/kit-de-sugaring-para-la-depilacion-en-casa\/","url":"https:\/\/halawasugaring.com\/es\/producto\/kit-de-sugaring-para-la-depilacion-en-casa\/","name":"Kit de sugaring para la depilaci\u00f3n en casa - Les Sucres Halawa","isPartOf":{"@id":"https:\/\/halawasugaring.com\/es\/#website"},"primaryImageOfPage":{"@id":"https:\/\/halawasugaring.com\/es\/producto\/kit-de-sugaring-para-la-depilacion-en-casa\/#primaryimage"},"image":{"@id":"https:\/\/halawasugaring.com\/es\/producto\/kit-de-sugaring-para-la-depilacion-en-casa\/#primaryimage"},"thumbnailUrl":"https:\/\/halawasugaring.com\/wp-content\/uploads\/2025\/09\/kit_halawa.webp","datePublished":"2025-09-13T19:28:37+00:00","dateModified":"2025-10-07T13:37:18+00:00","breadcrumb":{"@id":"https:\/\/halawasugaring.com\/es\/producto\/kit-de-sugaring-para-la-depilacion-en-casa\/#breadcrumb"},"inLanguage":"es","potentialAction":[{"@type":"ReadAction","target":["https:\/\/halawasugaring.com\/es\/producto\/kit-de-sugaring-para-la-depilacion-en-casa\/"]}]},{"@type":"ImageObject","inLanguage":"es","@id":"https:\/\/halawasugaring.com\/es\/producto\/kit-de-sugaring-para-la-depilacion-en-casa\/#primaryimage","url":"https:\/\/halawasugaring.com\/wp-content\/uploads\/2025\/09\/kit_halawa.webp","contentUrl":"https:\/\/halawasugaring.com\/wp-content\/uploads\/2025\/09\/kit_halawa.webp","width":823,"height":823},{"@type":"BreadcrumbList","@id":"https:\/\/halawasugaring.com\/es\/producto\/kit-de-sugaring-para-la-depilacion-en-casa\/#breadcrumb","itemListElement":[{"@type":"ListItem","position":1,"name":"Accueil","item":"https:\/\/halawasugaring.com\/es\/"},{"@type":"ListItem","position":2,"name":"Tienda","item":"https:\/\/halawasugaring.com\/es\/tienda\/"},{"@type":"ListItem","position":3,"name":"Kit de sugaring para la depilaci\u00f3n en casa"}]},{"@type":"WebSite","@id":"https:\/\/halawasugaring.com\/es\/#website","url":"https:\/\/halawasugaring.com\/es\/","name":"Les Sucres Halawa","description":"","publisher":{"@id":"https:\/\/halawasugaring.com\/es\/#organization"},"potentialAction":[{"@type":"SearchAction","target":{"@type":"EntryPoint","urlTemplate":"https:\/\/halawasugaring.com\/es\/?s={search_term_string}"},"query-input":{"@type":"PropertyValueSpecification","valueRequired":true,"valueName":"search_term_string"}}],"inLanguage":"es"},{"@type":"Organization","@id":"https:\/\/halawasugaring.com\/es\/#organization","name":"Les Sucres Halawa","url":"https:\/\/halawasugaring.com\/es\/","logo":{"@type":"ImageObject","inLanguage":"es","@id":"https:\/\/halawasugaring.com\/es\/#\/schema\/logo\/image\/","url":"https:\/\/halawasugaring.com\/wp-content\/uploads\/2025\/10\/Les_Sucres_Halawa_Logo.webp","contentUrl":"https:\/\/halawasugaring.com\/wp-content\/uploads\/2025\/10\/Les_Sucres_Halawa_Logo.webp","width":2414,"height":597,"caption":"Les Sucres Halawa"},"image":{"@id":"https:\/\/halawasugaring.com\/es\/#\/schema\/logo\/image\/"}}]}},"_links":{"self":[{"href":"https:\/\/halawasugaring.com\/es\/wp-json\/wp\/v2\/product\/2847","targetHints":{"allow":["GET"]}}],"collection":[{"href":"https:\/\/halawasugaring.com\/es\/wp-json\/wp\/v2\/product"}],"about":[{"href":"https:\/\/halawasugaring.com\/es\/wp-json\/wp\/v2\/types\/product"}],"replies":[{"embeddable":true,"href":"https:\/\/halawasugaring.com\/es\/wp-json\/wp\/v2\/comments?post=2847"}],"wp:featuredmedia":[{"embeddable":true,"href":"https:\/\/halawasugaring.com\/es\/wp-json\/wp\/v2\/media\/2849"}],"wp:attachment":[{"href":"https:\/\/halawasugaring.com\/es\/wp-json\/wp\/v2\/media?parent=2847"}],"wp:term":[{"taxonomy":"product_brand","embeddable":true,"href":"https:\/\/halawasugaring.com\/es\/wp-json\/wp\/v2\/product_brand?post=2847"},{"taxonomy":"product_cat","embeddable":true,"href":"https:\/\/halawasugaring.com\/es\/wp-json\/wp\/v2\/product_cat?post=2847"},{"taxonomy":"product_tag","embeddable":true,"href":"https:\/\/halawasugaring.com\/es\/wp-json\/wp\/v2\/product_tag?post=2847"}],"curies":[{"name":"wp","href":"https:\/\/api.w.org\/{rel}","templated":true}]}}