{"id":2830,"date":"2025-09-13T15:18:01","date_gmt":"2025-09-13T19:18:01","guid":{"rendered":"https:\/\/vlookdevsite2.com\/product\/gant-dexfoliation-corporelle-pour-une-peau-plus-lisse\/"},"modified":"2025-10-07T08:19:08","modified_gmt":"2025-10-07T13:19:08","slug":"guante-exfoliante-corporal-para-una-piel-mas-suave","status":"publish","type":"product","link":"https:\/\/halawasugaring.com\/es\/producto\/guante-exfoliante-corporal-para-una-piel-mas-suave\/","title":{"rendered":"Guante Exfoliante Corporal para una Piel M\u00e1s Suave"},"content":{"rendered":"","protected":false},"excerpt":{"rendered":"<p>Revitaliza tu piel con el Guante Exfoliante Corporal HALAWA. Logra una piel m\u00e1s suave sin esfuerzo con esta soluci\u00f3n de exfoliaci\u00f3n corporal. Perfecto para preparar la piel antes de la depilaci\u00f3n, elimina suavemente las c\u00e9lulas muertas y la acumulaci\u00f3n de suciedad, dejando tu piel limpia y radiante.<\/p>\n<p>Beneficios:<\/p>\n<p><strong>Exfoliaci\u00f3n Profunda<\/strong>: Elimina las c\u00e9lulas muertas de la piel y la suciedad. Piel M\u00e1s Suave: Prepara la piel para la depilaci\u00f3n.\u00a0<strong>Revitalizante<\/strong>: Promueve un brillo saludable.<\/p>\n<p>Elige HALAWA para un guante exfoliante corporal efectivo y f\u00e1cil de usar.<\/p>\n","protected":false},"featured_media":2832,"comment_status":"open","ping_status":"closed","template":"","meta":{"site-sidebar-layout":"default","site-content-layout":"","ast-site-content-layout":"default","site-content-style":"default","site-sidebar-style":"default","ast-global-header-display":"","ast-banner-title-visibility":"","ast-main-header-display":"","ast-hfb-above-header-display":"","ast-hfb-below-header-display":"","ast-hfb-mobile-header-display":"","site-post-title":"","ast-breadcrumbs-content":"","ast-featured-img":"","footer-sml-layout":"","theme-transparent-header-meta":"default","adv-header-id-meta":"","stick-header-meta":"","header-above-stick-meta":"","header-main-stick-meta":"","header-below-stick-meta":"","astra-migrate-meta-layouts":"set","ast-page-background-enabled":"default","ast-page-background-meta":{"desktop":{"background-color":"var(--ast-global-color-4)","background-image":"","background-repeat":"repeat","background-position":"center center","background-size":"auto","background-attachment":"scroll","background-type":"","background-media":"","overlay-type":"","overlay-color":"","overlay-opacity":"","overlay-gradient":""},"tablet":{"background-color":"","background-image":"","background-repeat":"repeat","background-position":"center center","background-size":"auto","background-attachment":"scroll","background-type":"","background-media":"","overlay-type":"","overlay-color":"","overlay-opacity":"","overlay-gradient":""},"mobile":{"background-color":"","background-image":"","background-repeat":"repeat","background-position":"center center","background-size":"auto","background-attachment":"scroll","background-type":"","background-media":"","overlay-type":"","overlay-color":"","overlay-opacity":"","overlay-gradient":""}},"ast-content-background-meta":{"desktop":{"background-color":"var(--ast-global-color-5)","background-image":"","background-repeat":"repeat","background-position":"center center","background-size":"auto","background-attachment":"scroll","background-type":"","background-media":"","overlay-type":"","overlay-color":"","overlay-opacity":"","overlay-gradient":""},"tablet":{"background-color":"var(--ast-global-color-5)","background-image":"","background-repeat":"repeat","background-position":"center center","background-size":"auto","background-attachment":"scroll","background-type":"","background-media":"","overlay-type":"","overlay-color":"","overlay-opacity":"","overlay-gradient":""},"mobile":{"background-color":"var(--ast-global-color-5)","background-image":"","background-repeat":"repeat","background-position":"center center","background-size":"auto","background-attachment":"scroll","background-type":"","background-media":"","overlay-type":"","overlay-color":"","overlay-opacity":"","overlay-gradient":""}}},"product_brand":[],"product_cat":[45],"product_tag":[],"class_list":{"0":"post-2830","1":"product","2":"type-product","3":"status-publish","4":"has-post-thumbnail","6":"product_cat-halawa-en-casa","7":"desktop-align-left","8":"tablet-align-left","9":"mobile-align-left","10":"ast-product-gallery-layout-vertical-slider","11":"ast-qv-on-image","13":"first","14":"instock","15":"taxable","16":"shipping-taxable","17":"purchasable","18":"product-type-simple"},"yoast_head":"<!-- This site is optimized with the Yoast SEO plugin v27.4 - https:\/\/yoast.com\/product\/yoast-seo-wordpress\/ -->\n<title>Guante Exfoliante Corporal para una Piel M\u00e1s Suave - Les Sucres Halawa<\/title>\n<meta name=\"robots\" content=\"index, follow, max-snippet:-1, max-image-preview:large, max-video-preview:-1\" \/>\n<link rel=\"canonical\" href=\"https:\/\/halawasugaring.com\/es\/producto\/guante-exfoliante-corporal-para-una-piel-mas-suave\/\" \/>\n<meta property=\"og:locale\" content=\"es_ES\" \/>\n<meta property=\"og:type\" content=\"article\" \/>\n<meta property=\"og:title\" content=\"Guante Exfoliante Corporal para una Piel M\u00e1s Suave - Les Sucres Halawa\" \/>\n<meta property=\"og:description\" content=\"Revitaliza tu piel con el Guante Exfoliante Corporal HALAWA. Logra una piel m\u00e1s suave sin esfuerzo con esta soluci\u00f3n de exfoliaci\u00f3n corporal. Perfecto para preparar la piel antes de la depilaci\u00f3n, elimina suavemente las c\u00e9lulas muertas y la acumulaci\u00f3n de suciedad, dejando tu piel limpia y radiante.  Beneficios:  Exfoliaci\u00f3n Profunda: Elimina las c\u00e9lulas muertas de la piel y la suciedad. Piel M\u00e1s Suave: Prepara la piel para la depilaci\u00f3n.\u00a0Revitalizante: Promueve un brillo saludable.  Elige HALAWA para un guante exfoliante corporal efectivo y f\u00e1cil de usar.\" \/>\n<meta property=\"og:url\" content=\"https:\/\/halawasugaring.com\/es\/producto\/guante-exfoliante-corporal-para-una-piel-mas-suave\/\" \/>\n<meta property=\"og:site_name\" content=\"Les Sucres Halawa\" \/>\n<meta property=\"article:modified_time\" content=\"2025-10-07T13:19:08+00:00\" \/>\n<meta property=\"og:image\" content=\"https:\/\/halawasugaring.com\/wp-content\/uploads\/2025\/09\/gant-halawa.webp\" \/>\n\t<meta property=\"og:image:width\" content=\"823\" \/>\n\t<meta property=\"og:image:height\" content=\"823\" \/>\n\t<meta property=\"og:image:type\" content=\"image\/webp\" \/>\n<meta name=\"twitter:card\" content=\"summary_large_image\" \/>\n<meta name=\"twitter:label1\" content=\"Tiempo de lectura\" \/>\n\t<meta name=\"twitter:data1\" content=\"1 minuto\" \/>\n<script type=\"application\/ld+json\" class=\"yoast-schema-graph\">{\"@context\":\"https:\\\/\\\/schema.org\",\"@graph\":[{\"@type\":\"WebPage\",\"@id\":\"https:\\\/\\\/halawasugaring.com\\\/es\\\/producto\\\/guante-exfoliante-corporal-para-una-piel-mas-suave\\\/\",\"url\":\"https:\\\/\\\/halawasugaring.com\\\/es\\\/producto\\\/guante-exfoliante-corporal-para-una-piel-mas-suave\\\/\",\"name\":\"Guante Exfoliante Corporal para una Piel M\u00e1s Suave - Les Sucres Halawa\",\"isPartOf\":{\"@id\":\"https:\\\/\\\/halawasugaring.com\\\/es\\\/#website\"},\"primaryImageOfPage\":{\"@id\":\"https:\\\/\\\/halawasugaring.com\\\/es\\\/producto\\\/guante-exfoliante-corporal-para-una-piel-mas-suave\\\/#primaryimage\"},\"image\":{\"@id\":\"https:\\\/\\\/halawasugaring.com\\\/es\\\/producto\\\/guante-exfoliante-corporal-para-una-piel-mas-suave\\\/#primaryimage\"},\"thumbnailUrl\":\"https:\\\/\\\/halawasugaring.com\\\/wp-content\\\/uploads\\\/2025\\\/09\\\/gant-halawa.webp\",\"datePublished\":\"2025-09-13T19:18:01+00:00\",\"dateModified\":\"2025-10-07T13:19:08+00:00\",\"breadcrumb\":{\"@id\":\"https:\\\/\\\/halawasugaring.com\\\/es\\\/producto\\\/guante-exfoliante-corporal-para-una-piel-mas-suave\\\/#breadcrumb\"},\"inLanguage\":\"es\",\"potentialAction\":[{\"@type\":\"ReadAction\",\"target\":[\"https:\\\/\\\/halawasugaring.com\\\/es\\\/producto\\\/guante-exfoliante-corporal-para-una-piel-mas-suave\\\/\"]}]},{\"@type\":\"ImageObject\",\"inLanguage\":\"es\",\"@id\":\"https:\\\/\\\/halawasugaring.com\\\/es\\\/producto\\\/guante-exfoliante-corporal-para-una-piel-mas-suave\\\/#primaryimage\",\"url\":\"https:\\\/\\\/halawasugaring.com\\\/wp-content\\\/uploads\\\/2025\\\/09\\\/gant-halawa.webp\",\"contentUrl\":\"https:\\\/\\\/halawasugaring.com\\\/wp-content\\\/uploads\\\/2025\\\/09\\\/gant-halawa.webp\",\"width\":823,\"height\":823},{\"@type\":\"BreadcrumbList\",\"@id\":\"https:\\\/\\\/halawasugaring.com\\\/es\\\/producto\\\/guante-exfoliante-corporal-para-una-piel-mas-suave\\\/#breadcrumb\",\"itemListElement\":[{\"@type\":\"ListItem\",\"position\":1,\"name\":\"Accueil\",\"item\":\"https:\\\/\\\/halawasugaring.com\\\/es\\\/\"},{\"@type\":\"ListItem\",\"position\":2,\"name\":\"Tienda\",\"item\":\"https:\\\/\\\/halawasugaring.com\\\/es\\\/tienda\\\/\"},{\"@type\":\"ListItem\",\"position\":3,\"name\":\"Guante Exfoliante Corporal para una Piel M\u00e1s Suave\"}]},{\"@type\":\"WebSite\",\"@id\":\"https:\\\/\\\/halawasugaring.com\\\/es\\\/#website\",\"url\":\"https:\\\/\\\/halawasugaring.com\\\/es\\\/\",\"name\":\"Les Sucres Halawa\",\"description\":\"\",\"publisher\":{\"@id\":\"https:\\\/\\\/halawasugaring.com\\\/es\\\/#organization\"},\"potentialAction\":[{\"@type\":\"SearchAction\",\"target\":{\"@type\":\"EntryPoint\",\"urlTemplate\":\"https:\\\/\\\/halawasugaring.com\\\/es\\\/?s={search_term_string}\"},\"query-input\":{\"@type\":\"PropertyValueSpecification\",\"valueRequired\":true,\"valueName\":\"search_term_string\"}}],\"inLanguage\":\"es\"},{\"@type\":\"Organization\",\"@id\":\"https:\\\/\\\/halawasugaring.com\\\/es\\\/#organization\",\"name\":\"Les Sucres Halawa\",\"url\":\"https:\\\/\\\/halawasugaring.com\\\/es\\\/\",\"logo\":{\"@type\":\"ImageObject\",\"inLanguage\":\"es\",\"@id\":\"https:\\\/\\\/halawasugaring.com\\\/es\\\/#\\\/schema\\\/logo\\\/image\\\/\",\"url\":\"https:\\\/\\\/halawasugaring.com\\\/wp-content\\\/uploads\\\/2025\\\/10\\\/Les_Sucres_Halawa_Logo.webp\",\"contentUrl\":\"https:\\\/\\\/halawasugaring.com\\\/wp-content\\\/uploads\\\/2025\\\/10\\\/Les_Sucres_Halawa_Logo.webp\",\"width\":2414,\"height\":597,\"caption\":\"Les Sucres Halawa\"},\"image\":{\"@id\":\"https:\\\/\\\/halawasugaring.com\\\/es\\\/#\\\/schema\\\/logo\\\/image\\\/\"}}]}<\/script>\n<!-- \/ Yoast SEO plugin. -->","yoast_head_json":{"title":"Guante Exfoliante Corporal para una Piel M\u00e1s Suave - Les Sucres Halawa","robots":{"index":"index","follow":"follow","max-snippet":"max-snippet:-1","max-image-preview":"max-image-preview:large","max-video-preview":"max-video-preview:-1"},"canonical":"https:\/\/halawasugaring.com\/es\/producto\/guante-exfoliante-corporal-para-una-piel-mas-suave\/","og_locale":"es_ES","og_type":"article","og_title":"Guante Exfoliante Corporal para una Piel M\u00e1s Suave - Les Sucres Halawa","og_description":"Revitaliza tu piel con el Guante Exfoliante Corporal HALAWA. Logra una piel m\u00e1s suave sin esfuerzo con esta soluci\u00f3n de exfoliaci\u00f3n corporal. Perfecto para preparar la piel antes de la depilaci\u00f3n, elimina suavemente las c\u00e9lulas muertas y la acumulaci\u00f3n de suciedad, dejando tu piel limpia y radiante.  Beneficios:  Exfoliaci\u00f3n Profunda: Elimina las c\u00e9lulas muertas de la piel y la suciedad. Piel M\u00e1s Suave: Prepara la piel para la depilaci\u00f3n.\u00a0Revitalizante: Promueve un brillo saludable.  Elige HALAWA para un guante exfoliante corporal efectivo y f\u00e1cil de usar.","og_url":"https:\/\/halawasugaring.com\/es\/producto\/guante-exfoliante-corporal-para-una-piel-mas-suave\/","og_site_name":"Les Sucres Halawa","article_modified_time":"2025-10-07T13:19:08+00:00","og_image":[{"width":823,"height":823,"url":"https:\/\/halawasugaring.com\/wp-content\/uploads\/2025\/09\/gant-halawa.webp","type":"image\/webp"}],"twitter_card":"summary_large_image","twitter_misc":{"Tiempo de lectura":"1 minuto"},"schema":{"@context":"https:\/\/schema.org","@graph":[{"@type":"WebPage","@id":"https:\/\/halawasugaring.com\/es\/producto\/guante-exfoliante-corporal-para-una-piel-mas-suave\/","url":"https:\/\/halawasugaring.com\/es\/producto\/guante-exfoliante-corporal-para-una-piel-mas-suave\/","name":"Guante Exfoliante Corporal para una Piel M\u00e1s Suave - Les Sucres Halawa","isPartOf":{"@id":"https:\/\/halawasugaring.com\/es\/#website"},"primaryImageOfPage":{"@id":"https:\/\/halawasugaring.com\/es\/producto\/guante-exfoliante-corporal-para-una-piel-mas-suave\/#primaryimage"},"image":{"@id":"https:\/\/halawasugaring.com\/es\/producto\/guante-exfoliante-corporal-para-una-piel-mas-suave\/#primaryimage"},"thumbnailUrl":"https:\/\/halawasugaring.com\/wp-content\/uploads\/2025\/09\/gant-halawa.webp","datePublished":"2025-09-13T19:18:01+00:00","dateModified":"2025-10-07T13:19:08+00:00","breadcrumb":{"@id":"https:\/\/halawasugaring.com\/es\/producto\/guante-exfoliante-corporal-para-una-piel-mas-suave\/#breadcrumb"},"inLanguage":"es","potentialAction":[{"@type":"ReadAction","target":["https:\/\/halawasugaring.com\/es\/producto\/guante-exfoliante-corporal-para-una-piel-mas-suave\/"]}]},{"@type":"ImageObject","inLanguage":"es","@id":"https:\/\/halawasugaring.com\/es\/producto\/guante-exfoliante-corporal-para-una-piel-mas-suave\/#primaryimage","url":"https:\/\/halawasugaring.com\/wp-content\/uploads\/2025\/09\/gant-halawa.webp","contentUrl":"https:\/\/halawasugaring.com\/wp-content\/uploads\/2025\/09\/gant-halawa.webp","width":823,"height":823},{"@type":"BreadcrumbList","@id":"https:\/\/halawasugaring.com\/es\/producto\/guante-exfoliante-corporal-para-una-piel-mas-suave\/#breadcrumb","itemListElement":[{"@type":"ListItem","position":1,"name":"Accueil","item":"https:\/\/halawasugaring.com\/es\/"},{"@type":"ListItem","position":2,"name":"Tienda","item":"https:\/\/halawasugaring.com\/es\/tienda\/"},{"@type":"ListItem","position":3,"name":"Guante Exfoliante Corporal para una Piel M\u00e1s Suave"}]},{"@type":"WebSite","@id":"https:\/\/halawasugaring.com\/es\/#website","url":"https:\/\/halawasugaring.com\/es\/","name":"Les Sucres Halawa","description":"","publisher":{"@id":"https:\/\/halawasugaring.com\/es\/#organization"},"potentialAction":[{"@type":"SearchAction","target":{"@type":"EntryPoint","urlTemplate":"https:\/\/halawasugaring.com\/es\/?s={search_term_string}"},"query-input":{"@type":"PropertyValueSpecification","valueRequired":true,"valueName":"search_term_string"}}],"inLanguage":"es"},{"@type":"Organization","@id":"https:\/\/halawasugaring.com\/es\/#organization","name":"Les Sucres Halawa","url":"https:\/\/halawasugaring.com\/es\/","logo":{"@type":"ImageObject","inLanguage":"es","@id":"https:\/\/halawasugaring.com\/es\/#\/schema\/logo\/image\/","url":"https:\/\/halawasugaring.com\/wp-content\/uploads\/2025\/10\/Les_Sucres_Halawa_Logo.webp","contentUrl":"https:\/\/halawasugaring.com\/wp-content\/uploads\/2025\/10\/Les_Sucres_Halawa_Logo.webp","width":2414,"height":597,"caption":"Les Sucres Halawa"},"image":{"@id":"https:\/\/halawasugaring.com\/es\/#\/schema\/logo\/image\/"}}]}},"_links":{"self":[{"href":"https:\/\/halawasugaring.com\/es\/wp-json\/wp\/v2\/product\/2830","targetHints":{"allow":["GET"]}}],"collection":[{"href":"https:\/\/halawasugaring.com\/es\/wp-json\/wp\/v2\/product"}],"about":[{"href":"https:\/\/halawasugaring.com\/es\/wp-json\/wp\/v2\/types\/product"}],"replies":[{"embeddable":true,"href":"https:\/\/halawasugaring.com\/es\/wp-json\/wp\/v2\/comments?post=2830"}],"wp:featuredmedia":[{"embeddable":true,"href":"https:\/\/halawasugaring.com\/es\/wp-json\/wp\/v2\/media\/2832"}],"wp:attachment":[{"href":"https:\/\/halawasugaring.com\/es\/wp-json\/wp\/v2\/media?parent=2830"}],"wp:term":[{"taxonomy":"product_brand","embeddable":true,"href":"https:\/\/halawasugaring.com\/es\/wp-json\/wp\/v2\/product_brand?post=2830"},{"taxonomy":"product_cat","embeddable":true,"href":"https:\/\/halawasugaring.com\/es\/wp-json\/wp\/v2\/product_cat?post=2830"},{"taxonomy":"product_tag","embeddable":true,"href":"https:\/\/halawasugaring.com\/es\/wp-json\/wp\/v2\/product_tag?post=2830"}],"curies":[{"name":"wp","href":"https:\/\/api.w.org\/{rel}","templated":true}]}}